{"id":364,"date":"2023-10-31T13:44:05","date_gmt":"2023-10-31T13:44:05","guid":{"rendered":"https:\/\/gashor.com\/?page_id=364"},"modified":"2024-05-15T13:02:41","modified_gmt":"2024-05-15T13:02:41","slug":"nuestras-areas-de-negocio","status":"publish","type":"page","link":"https:\/\/gashor.com\/es\/nuestras-areas-de-negocio\/","title":{"rendered":"Nuestras \u00e1reas de negocio"},"content":{"rendered":"\t\t<div data-elementor-type=\"wp-page\" data-elementor-id=\"364\" class=\"elementor elementor-364\" data-elementor-post-type=\"page\">\n\t\t\t\t<div class=\"elementor-element elementor-element-c94de3d e-flex e-con-boxed e-con e-parent\" data-id=\"c94de3d\" data-element_type=\"container\" data-settings=\"{&quot;background_background&quot;:&quot;classic&quot;}\">\n\t\t\t\t\t<div class=\"e-con-inner\">\n\t\t\t\t<div class=\"elementor-element elementor-element-0b2475f elementor-widget elementor-widget-heading\" data-id=\"0b2475f\" data-element_type=\"widget\" data-widget_type=\"heading.default\">\n\t\t\t\t<div class=\"elementor-widget-container\">\n\t\t\t<h1 class=\"elementor-heading-title elementor-size-default\">\u00c1REAS DE NEGOCIO<\/h1>\t\t<\/div>\n\t\t\t\t<\/div>\n\t\t\t\t\t<\/div>\n\t\t\t\t<\/div>\n\t\t<div class=\"elementor-element elementor-element-d491dec e-flex e-con-boxed e-con e-parent\" data-id=\"d491dec\" data-element_type=\"container\">\n\t\t\t\t\t<div class=\"e-con-inner\">\n\t\t\t\t<div class=\"elementor-element elementor-element-9787398 elementor-widget elementor-widget-breadcrumbs\" data-id=\"9787398\" data-element_type=\"widget\" data-widget_type=\"breadcrumbs.default\">\n\t\t\t\t<div class=\"elementor-widget-container\">\n\t\t\t<p id=\"breadcrumbs\"><span><span><a href=\"https:\/\/gashor.com\/es\/\">Inicio<\/a><\/span><\/span><\/p>\t\t<\/div>\n\t\t\t\t<\/div>\n\t\t\t\t\t<\/div>\n\t\t\t\t<\/div>\n\t\t<div class=\"elementor-element elementor-element-f7eb919 e-flex e-con-boxed e-con e-parent\" data-id=\"f7eb919\" data-element_type=\"container\">\n\t\t\t\t\t<div class=\"e-con-inner\">\n\t\t\t\t<div class=\"elementor-element elementor-element-c0ce843 elementor-widget__width-initial elementor-widget elementor-widget-text-editor\" data-id=\"c0ce843\" data-element_type=\"widget\" data-widget_type=\"text-editor.default\">\n\t\t\t\t<div class=\"elementor-widget-container\">\n\t\t\t\t\t\t\t<div class=\"page\" title=\"Page 1\"><div class=\"section\"><div class=\"layoutArea\"><div class=\"column\"><p>Nuestra marca abarca cuatro a\u0301reas de negocio para ofrecer un servicio integral y estar presentes en cada etapa del proceso: desde el estudio del proyecto hasta el servicio de mantenimiento, una vez realizada la instalacio\u0301n.<\/p><\/div><\/div><\/div><\/div>\t\t\t\t\t\t<\/div>\n\t\t\t\t<\/div>\n\t\t\t\t\t<\/div>\n\t\t\t\t<\/div>\n\t\t<div class=\"elementor-element elementor-element-387eb10 e-con-full e-flex e-con e-parent\" data-id=\"387eb10\" data-element_type=\"container\">\n\t\t<div class=\"elementor-element elementor-element-c894843 e-con-full e-flex e-con e-child\" data-id=\"c894843\" data-element_type=\"container\">\n\t\t<div class=\"elementor-element elementor-element-07fbf70 my-bg-overlay e-flex e-con-boxed e-con e-child\" data-id=\"07fbf70\" data-element_type=\"container\" data-settings=\"{&quot;background_background&quot;:&quot;classic&quot;}\">\n\t\t\t\t\t<div class=\"e-con-inner\">\n\t\t<div class=\"elementor-element elementor-element-aa9f967 my-hidden-headline e-flex e-con-boxed e-con e-child\" data-id=\"aa9f967\" data-element_type=\"container\" data-settings=\"{&quot;background_background&quot;:&quot;classic&quot;}\">\n\t\t\t\t\t<div class=\"e-con-inner\">\n\t\t\t\t<div class=\"elementor-element elementor-element-d1f5b02 elementor-widget elementor-widget-heading\" data-id=\"d1f5b02\" data-element_type=\"widget\" data-widget_type=\"heading.default\">\n\t\t\t\t<div class=\"elementor-widget-container\">\n\t\t\t<h2 class=\"elementor-heading-title elementor-size-default\"><a href=\"https:\/\/gashor.com\/es\/nuestras-areas-de-negocio\/gashor-consulting\/\">Gashor consulting<\/a><\/h2>\t\t<\/div>\n\t\t\t\t<\/div>\n\t\t\t\t<div class=\"elementor-element elementor-element-0cb3a74 elementor-widget__width-initial elementor-widget elementor-widget-text-editor\" data-id=\"0cb3a74\" data-element_type=\"widget\" data-widget_type=\"text-editor.default\">\n\t\t\t\t<div class=\"elementor-widget-container\">\n\t\t\t\t\t\t\t<div class=\"page\" title=\"Page 2\"><div class=\"section\"><div class=\"layoutArea\"><div class=\"column\"><p>Nuestra experiencia nos hace evaluar la demanda de nuestros clientes en funcio\u0301n de sus necesidades y guiarles hacia su mejor solucio\u0301n.<\/p><\/div><\/div><\/div><\/div>\t\t\t\t\t\t<\/div>\n\t\t\t\t<\/div>\n\t\t\t\t<div class=\"elementor-element elementor-element-88a57c1 elementor-align-center elementor-mobile-align-center elementor-widget elementor-widget-button\" data-id=\"88a57c1\" data-element_type=\"widget\" data-widget_type=\"button.default\">\n\t\t\t\t<div class=\"elementor-widget-container\">\n\t\t\t\t\t<div class=\"elementor-button-wrapper\">\n\t\t\t<a class=\"elementor-button elementor-button-link elementor-size-sm\" href=\"https:\/\/gashor.com\/es\/nuestras-areas-de-negocio\/gashor-consulting\/\">\n\t\t\t\t\t\t<span class=\"elementor-button-content-wrapper\">\n\t\t\t\t\t\t<span class=\"elementor-button-icon elementor-align-icon-right\">\n\t\t\t\t<svg aria-hidden=\"true\" class=\"e-font-icon-svg e-fas-long-arrow-alt-right\" viewBox=\"0 0 448 512\" xmlns=\"http:\/\/www.w3.org\/2000\/svg\"><path d=\"M313.941 216H12c-6.627 0-12 5.373-12 12v56c0 6.627 5.373 12 12 12h301.941v46.059c0 21.382 25.851 32.09 40.971 16.971l86.059-86.059c9.373-9.373 9.373-24.569 0-33.941l-86.059-86.059c-15.119-15.119-40.971-4.411-40.971 16.971V216z\"><\/path><\/svg>\t\t\t<\/span>\n\t\t\t\t\t\t\t\t\t<span class=\"elementor-button-text\">saber m\u00e1s<\/span>\n\t\t\t\t\t<\/span>\n\t\t\t\t\t<\/a>\n\t\t<\/div>\n\t\t\t\t<\/div>\n\t\t\t\t<\/div>\n\t\t\t\t\t<\/div>\n\t\t\t\t<\/div>\n\t\t\t\t\t<\/div>\n\t\t\t\t<\/div>\n\t\t<div class=\"elementor-element elementor-element-e835f00 my-bg-overlay e-flex e-con-boxed e-con e-child\" data-id=\"e835f00\" data-element_type=\"container\" data-settings=\"{&quot;background_background&quot;:&quot;classic&quot;}\">\n\t\t\t\t\t<div class=\"e-con-inner\">\n\t\t<div class=\"elementor-element elementor-element-21782c1 my-hidden-headline e-flex e-con-boxed e-con e-child\" data-id=\"21782c1\" data-element_type=\"container\" data-settings=\"{&quot;background_background&quot;:&quot;classic&quot;}\">\n\t\t\t\t\t<div class=\"e-con-inner\">\n\t\t\t\t<div class=\"elementor-element elementor-element-36d2cdf elementor-widget elementor-widget-heading\" data-id=\"36d2cdf\" data-element_type=\"widget\" data-widget_type=\"heading.default\">\n\t\t\t\t<div class=\"elementor-widget-container\">\n\t\t\t<h2 class=\"elementor-heading-title elementor-size-default\"><a href=\"https:\/\/gashor.com\/es\/nuestras-areas-de-negocio\/gashor-industry\/\">Gashor industry<\/a><\/h2>\t\t<\/div>\n\t\t\t\t<\/div>\n\t\t\t\t<div class=\"elementor-element elementor-element-b081cb4 elementor-widget__width-initial elementor-widget elementor-widget-text-editor\" data-id=\"b081cb4\" data-element_type=\"widget\" data-widget_type=\"text-editor.default\">\n\t\t\t\t<div class=\"elementor-widget-container\">\n\t\t\t\t\t\t\t<div class=\"page\" title=\"Page 3\"><div class=\"section\"><div class=\"layoutArea\"><div class=\"column\"><p>Somos disen\u0303adores, fabricantes e instaladores, lo que nos proporciona un mayor control de nuestras soluciones.<\/p><\/div><\/div><\/div><\/div>\t\t\t\t\t\t<\/div>\n\t\t\t\t<\/div>\n\t\t\t\t<div class=\"elementor-element elementor-element-6a87c5d elementor-align-center elementor-mobile-align-center elementor-widget elementor-widget-button\" data-id=\"6a87c5d\" data-element_type=\"widget\" data-widget_type=\"button.default\">\n\t\t\t\t<div class=\"elementor-widget-container\">\n\t\t\t\t\t<div class=\"elementor-button-wrapper\">\n\t\t\t<a class=\"elementor-button elementor-button-link elementor-size-sm\" href=\"https:\/\/gashor.com\/es\/nuestras-areas-de-negocio\/gashor-industry\/\">\n\t\t\t\t\t\t<span class=\"elementor-button-content-wrapper\">\n\t\t\t\t\t\t<span class=\"elementor-button-icon elementor-align-icon-right\">\n\t\t\t\t<svg aria-hidden=\"true\" class=\"e-font-icon-svg e-fas-long-arrow-alt-right\" viewBox=\"0 0 448 512\" xmlns=\"http:\/\/www.w3.org\/2000\/svg\"><path d=\"M313.941 216H12c-6.627 0-12 5.373-12 12v56c0 6.627 5.373 12 12 12h301.941v46.059c0 21.382 25.851 32.09 40.971 16.971l86.059-86.059c9.373-9.373 9.373-24.569 0-33.941l-86.059-86.059c-15.119-15.119-40.971-4.411-40.971 16.971V216z\"><\/path><\/svg>\t\t\t<\/span>\n\t\t\t\t\t\t\t\t\t<span class=\"elementor-button-text\">saber m\u00e1s<\/span>\n\t\t\t\t\t<\/span>\n\t\t\t\t\t<\/a>\n\t\t<\/div>\n\t\t\t\t<\/div>\n\t\t\t\t<\/div>\n\t\t\t\t\t<\/div>\n\t\t\t\t<\/div>\n\t\t\t\t\t<\/div>\n\t\t\t\t<\/div>\n\t\t\t\t<\/div>\n\t\t<div class=\"elementor-element elementor-element-d49d30d e-con-full e-flex e-con e-child\" data-id=\"d49d30d\" data-element_type=\"container\">\n\t\t<div class=\"elementor-element elementor-element-8ed22a4 my-bg-overlay e-flex e-con-boxed e-con e-child\" data-id=\"8ed22a4\" data-element_type=\"container\" data-settings=\"{&quot;background_background&quot;:&quot;classic&quot;}\">\n\t\t\t\t\t<div class=\"e-con-inner\">\n\t\t<div class=\"elementor-element elementor-element-0b5d5aa my-hidden-headline e-flex e-con-boxed e-con e-child\" data-id=\"0b5d5aa\" data-element_type=\"container\" data-settings=\"{&quot;background_background&quot;:&quot;classic&quot;}\">\n\t\t\t\t\t<div class=\"e-con-inner\">\n\t\t\t\t<div class=\"elementor-element elementor-element-a760b64 elementor-widget elementor-widget-heading\" data-id=\"a760b64\" data-element_type=\"widget\" data-widget_type=\"heading.default\">\n\t\t\t\t<div class=\"elementor-widget-container\">\n\t\t\t<h2 class=\"elementor-heading-title elementor-size-default\"><a href=\"https:\/\/gashor.com\/es\/nuestras-areas-de-negocio\/gashor-innovation\/\">Gashor innovation<\/a><\/h2>\t\t<\/div>\n\t\t\t\t<\/div>\n\t\t\t\t<div class=\"elementor-element elementor-element-176fb17 elementor-widget__width-initial elementor-widget elementor-widget-text-editor\" data-id=\"176fb17\" data-element_type=\"widget\" data-widget_type=\"text-editor.default\">\n\t\t\t\t<div class=\"elementor-widget-container\">\n\t\t\t\t\t\t\t<div class=\"page\" title=\"Page 4\"><div class=\"section\"><div class=\"layoutArea\"><div class=\"column\"><p>En nuestra bu\u0301squeda constante por la excelencia existe mucho trabajo de I+D+i para lograr la fo\u0301rmula perfecta.<\/p><\/div><\/div><\/div><\/div>\t\t\t\t\t\t<\/div>\n\t\t\t\t<\/div>\n\t\t\t\t<div class=\"elementor-element elementor-element-fd726a9 elementor-align-center elementor-mobile-align-center elementor-widget elementor-widget-button\" data-id=\"fd726a9\" data-element_type=\"widget\" data-widget_type=\"button.default\">\n\t\t\t\t<div class=\"elementor-widget-container\">\n\t\t\t\t\t<div class=\"elementor-button-wrapper\">\n\t\t\t<a class=\"elementor-button elementor-button-link elementor-size-sm\" href=\"https:\/\/gashor.com\/es\/nuestras-areas-de-negocio\/gashor-innovation\/\">\n\t\t\t\t\t\t<span class=\"elementor-button-content-wrapper\">\n\t\t\t\t\t\t<span class=\"elementor-button-icon elementor-align-icon-right\">\n\t\t\t\t<svg aria-hidden=\"true\" class=\"e-font-icon-svg e-fas-long-arrow-alt-right\" viewBox=\"0 0 448 512\" xmlns=\"http:\/\/www.w3.org\/2000\/svg\"><path d=\"M313.941 216H12c-6.627 0-12 5.373-12 12v56c0 6.627 5.373 12 12 12h301.941v46.059c0 21.382 25.851 32.09 40.971 16.971l86.059-86.059c9.373-9.373 9.373-24.569 0-33.941l-86.059-86.059c-15.119-15.119-40.971-4.411-40.971 16.971V216z\"><\/path><\/svg>\t\t\t<\/span>\n\t\t\t\t\t\t\t\t\t<span class=\"elementor-button-text\">saber m\u00e1s<\/span>\n\t\t\t\t\t<\/span>\n\t\t\t\t\t<\/a>\n\t\t<\/div>\n\t\t\t\t<\/div>\n\t\t\t\t<\/div>\n\t\t\t\t\t<\/div>\n\t\t\t\t<\/div>\n\t\t\t\t\t<\/div>\n\t\t\t\t<\/div>\n\t\t<div class=\"elementor-element elementor-element-913e2af my-bg-overlay e-flex e-con-boxed e-con e-child\" data-id=\"913e2af\" data-element_type=\"container\" data-settings=\"{&quot;background_background&quot;:&quot;classic&quot;}\">\n\t\t\t\t\t<div class=\"e-con-inner\">\n\t\t<div class=\"elementor-element elementor-element-ed44d90 my-hidden-headline e-flex e-con-boxed e-con e-child\" data-id=\"ed44d90\" data-element_type=\"container\" data-settings=\"{&quot;background_background&quot;:&quot;classic&quot;}\">\n\t\t\t\t\t<div class=\"e-con-inner\">\n\t\t\t\t<div class=\"elementor-element elementor-element-fafd010 elementor-widget elementor-widget-heading\" data-id=\"fafd010\" data-element_type=\"widget\" data-widget_type=\"heading.default\">\n\t\t\t\t<div class=\"elementor-widget-container\">\n\t\t\t<h2 class=\"elementor-heading-title elementor-size-default\"><a href=\"https:\/\/gashor.com\/es\/nuestras-areas-de-negocio\/gashor-services\/\">Gashor services<\/a><\/h2>\t\t<\/div>\n\t\t\t\t<\/div>\n\t\t\t\t<div class=\"elementor-element elementor-element-91186b0 elementor-widget__width-initial elementor-widget elementor-widget-text-editor\" data-id=\"91186b0\" data-element_type=\"widget\" data-widget_type=\"text-editor.default\">\n\t\t\t\t<div class=\"elementor-widget-container\">\n\t\t\t\t\t\t\t<div class=\"page\" title=\"Page 5\"><div class=\"section\"><div class=\"layoutArea\"><div class=\"column\"><p>Gracias a la automatizacio\u0301n de los procesos logramos producciones ma\u0301s eficientes.<\/p><\/div><\/div><\/div><\/div>\t\t\t\t\t\t<\/div>\n\t\t\t\t<\/div>\n\t\t\t\t<div class=\"elementor-element elementor-element-eb72530 elementor-align-center elementor-mobile-align-center elementor-widget elementor-widget-button\" data-id=\"eb72530\" data-element_type=\"widget\" data-widget_type=\"button.default\">\n\t\t\t\t<div class=\"elementor-widget-container\">\n\t\t\t\t\t<div class=\"elementor-button-wrapper\">\n\t\t\t<a class=\"elementor-button elementor-button-link elementor-size-sm\" href=\"https:\/\/gashor.com\/es\/nuestras-areas-de-negocio\/gashor-services\/\">\n\t\t\t\t\t\t<span class=\"elementor-button-content-wrapper\">\n\t\t\t\t\t\t<span class=\"elementor-button-icon elementor-align-icon-right\">\n\t\t\t\t<svg aria-hidden=\"true\" class=\"e-font-icon-svg e-fas-long-arrow-alt-right\" viewBox=\"0 0 448 512\" xmlns=\"http:\/\/www.w3.org\/2000\/svg\"><path d=\"M313.941 216H12c-6.627 0-12 5.373-12 12v56c0 6.627 5.373 12 12 12h301.941v46.059c0 21.382 25.851 32.09 40.971 16.971l86.059-86.059c9.373-9.373 9.373-24.569 0-33.941l-86.059-86.059c-15.119-15.119-40.971-4.411-40.971 16.971V216z\"><\/path><\/svg>\t\t\t<\/span>\n\t\t\t\t\t\t\t\t\t<span class=\"elementor-button-text\">saber m\u00e1s<\/span>\n\t\t\t\t\t<\/span>\n\t\t\t\t\t<\/a>\n\t\t<\/div>\n\t\t\t\t<\/div>\n\t\t\t\t<\/div>\n\t\t\t\t\t<\/div>\n\t\t\t\t<\/div>\n\t\t\t\t\t<\/div>\n\t\t\t\t<\/div>\n\t\t\t\t<\/div>\n\t\t\t\t<\/div>\n\t\t\t\t<\/div>\n\t\t","protected":false},"excerpt":{"rendered":"<p>\u00c1REAS DE NEGOCIO Nuestra marca abarca cuatro a\u0301reas de negocio para ofrecer un servicio integral y estar presentes en cada etapa del proceso: desde el estudio del proyecto hasta el servicio de mantenimiento, una vez realizada la instalacio\u0301n. Gashor consulting Nuestra experiencia nos hace evaluar la demanda de nuestros clientes en funcio\u0301n de sus necesidades [&hellip;]<\/p>\n","protected":false},"author":1,"featured_media":0,"parent":0,"menu_order":0,"comment_status":"closed","ping_status":"closed","template":"","meta":{"_sitemap_exclude":false,"_sitemap_priority":"","_sitemap_frequency":"","footnotes":""},"yoast_head":"<!-- This site is optimized with the Yoast SEO plugin v24.5 - https:\/\/yoast.com\/wordpress\/plugins\/seo\/ -->\n<title>\u00c1reas de negocio | Gashor | Gesti\u00f3n de ingredientes industriales<\/title>\n<meta name=\"description\" content=\"Cuatro \u00e1reas especializadas para dar un servicio integral a las empresas industriales. Conoce Gashor Consulting, Gashor Industry, Gashor Innovation y Gashor Services.\" \/>\n<meta name=\"robots\" content=\"index, follow, max-snippet:-1, max-image-preview:large, max-video-preview:-1\" \/>\n<link rel=\"canonical\" href=\"https:\/\/gashor.com\/es\/nuestras-areas-de-negocio\/\" \/>\n<meta property=\"og:locale\" content=\"es_ES\" \/>\n<meta property=\"og:type\" content=\"article\" \/>\n<meta property=\"og:title\" content=\"\u00c1reas de negocio | Gashor | Gesti\u00f3n de ingredientes industriales\" \/>\n<meta property=\"og:description\" content=\"Cuatro \u00e1reas especializadas para dar un servicio integral a las empresas industriales. Conoce Gashor Consulting, Gashor Industry, Gashor Innovation y Gashor Services.\" \/>\n<meta property=\"og:url\" content=\"https:\/\/gashor.com\/es\/nuestras-areas-de-negocio\/\" \/>\n<meta property=\"og:site_name\" content=\"Gashor\" \/>\n<meta property=\"article:modified_time\" content=\"2024-05-15T13:02:41+00:00\" \/>\n<meta name=\"twitter:card\" content=\"summary_large_image\" \/>\n<meta name=\"twitter:label1\" content=\"Tiempo de lectura\" \/>\n\t<meta name=\"twitter:data1\" content=\"1 minuto\" \/>\n<script type=\"application\/ld+json\" class=\"yoast-schema-graph\">{\"@context\":\"https:\/\/schema.org\",\"@graph\":[{\"@type\":\"WebPage\",\"@id\":\"https:\/\/gashor.com\/es\/nuestras-areas-de-negocio\/\",\"url\":\"https:\/\/gashor.com\/es\/nuestras-areas-de-negocio\/\",\"name\":\"\u00c1reas de negocio | Gashor | Gesti\u00f3n de ingredientes industriales\",\"isPartOf\":{\"@id\":\"https:\/\/gashor.com\/es\/#website\"},\"datePublished\":\"2023-10-31T13:44:05+00:00\",\"dateModified\":\"2024-05-15T13:02:41+00:00\",\"description\":\"Cuatro \u00e1reas especializadas para dar un servicio integral a las empresas industriales. Conoce Gashor Consulting, Gashor Industry, Gashor Innovation y Gashor Services.\",\"breadcrumb\":{\"@id\":\"https:\/\/gashor.com\/es\/nuestras-areas-de-negocio\/#breadcrumb\"},\"inLanguage\":\"es\",\"potentialAction\":[{\"@type\":\"ReadAction\",\"target\":[\"https:\/\/gashor.com\/es\/nuestras-areas-de-negocio\/\"]}]},{\"@type\":\"BreadcrumbList\",\"@id\":\"https:\/\/gashor.com\/es\/nuestras-areas-de-negocio\/#breadcrumb\",\"itemListElement\":[{\"@type\":\"ListItem\",\"position\":1,\"name\":\"Inicio\",\"item\":\"https:\/\/gashor.com\/es\/\"},{\"@type\":\"ListItem\",\"position\":2,\"name\":\"Nuestras \u00e1reas de negocio\"}]},{\"@type\":\"WebSite\",\"@id\":\"https:\/\/gashor.com\/es\/#website\",\"url\":\"https:\/\/gashor.com\/es\/\",\"name\":\"Gashor\",\"description\":\"The Formula\",\"potentialAction\":[{\"@type\":\"SearchAction\",\"target\":{\"@type\":\"EntryPoint\",\"urlTemplate\":\"https:\/\/gashor.com\/es\/?s={search_term_string}\"},\"query-input\":{\"@type\":\"PropertyValueSpecification\",\"valueRequired\":true,\"valueName\":\"search_term_string\"}}],\"inLanguage\":\"es\"}]}<\/script>\n<!-- \/ Yoast SEO plugin. -->","yoast_head_json":{"title":"\u00c1reas de negocio | Gashor | Gesti\u00f3n de ingredientes industriales","description":"Cuatro \u00e1reas especializadas para dar un servicio integral a las empresas industriales. Conoce Gashor Consulting, Gashor Industry, Gashor Innovation y Gashor Services.","robots":{"index":"index","follow":"follow","max-snippet":"max-snippet:-1","max-image-preview":"max-image-preview:large","max-video-preview":"max-video-preview:-1"},"canonical":"https:\/\/gashor.com\/es\/nuestras-areas-de-negocio\/","og_locale":"es_ES","og_type":"article","og_title":"\u00c1reas de negocio | Gashor | Gesti\u00f3n de ingredientes industriales","og_description":"Cuatro \u00e1reas especializadas para dar un servicio integral a las empresas industriales. Conoce Gashor Consulting, Gashor Industry, Gashor Innovation y Gashor Services.","og_url":"https:\/\/gashor.com\/es\/nuestras-areas-de-negocio\/","og_site_name":"Gashor","article_modified_time":"2024-05-15T13:02:41+00:00","twitter_card":"summary_large_image","twitter_misc":{"Tiempo de lectura":"1 minuto"},"schema":{"@context":"https:\/\/schema.org","@graph":[{"@type":"WebPage","@id":"https:\/\/gashor.com\/es\/nuestras-areas-de-negocio\/","url":"https:\/\/gashor.com\/es\/nuestras-areas-de-negocio\/","name":"\u00c1reas de negocio | Gashor | Gesti\u00f3n de ingredientes industriales","isPartOf":{"@id":"https:\/\/gashor.com\/es\/#website"},"datePublished":"2023-10-31T13:44:05+00:00","dateModified":"2024-05-15T13:02:41+00:00","description":"Cuatro \u00e1reas especializadas para dar un servicio integral a las empresas industriales. Conoce Gashor Consulting, Gashor Industry, Gashor Innovation y Gashor Services.","breadcrumb":{"@id":"https:\/\/gashor.com\/es\/nuestras-areas-de-negocio\/#breadcrumb"},"inLanguage":"es","potentialAction":[{"@type":"ReadAction","target":["https:\/\/gashor.com\/es\/nuestras-areas-de-negocio\/"]}]},{"@type":"BreadcrumbList","@id":"https:\/\/gashor.com\/es\/nuestras-areas-de-negocio\/#breadcrumb","itemListElement":[{"@type":"ListItem","position":1,"name":"Inicio","item":"https:\/\/gashor.com\/es\/"},{"@type":"ListItem","position":2,"name":"Nuestras \u00e1reas de negocio"}]},{"@type":"WebSite","@id":"https:\/\/gashor.com\/es\/#website","url":"https:\/\/gashor.com\/es\/","name":"Gashor","description":"The Formula","potentialAction":[{"@type":"SearchAction","target":{"@type":"EntryPoint","urlTemplate":"https:\/\/gashor.com\/es\/?s={search_term_string}"},"query-input":{"@type":"PropertyValueSpecification","valueRequired":true,"valueName":"search_term_string"}}],"inLanguage":"es"}]}},"_links":{"self":[{"href":"https:\/\/gashor.com\/es\/wp-json\/wp\/v2\/pages\/364"}],"collection":[{"href":"https:\/\/gashor.com\/es\/wp-json\/wp\/v2\/pages"}],"about":[{"href":"https:\/\/gashor.com\/es\/wp-json\/wp\/v2\/types\/page"}],"author":[{"embeddable":true,"href":"https:\/\/gashor.com\/es\/wp-json\/wp\/v2\/users\/1"}],"replies":[{"embeddable":true,"href":"https:\/\/gashor.com\/es\/wp-json\/wp\/v2\/comments?post=364"}],"version-history":[{"count":74,"href":"https:\/\/gashor.com\/es\/wp-json\/wp\/v2\/pages\/364\/revisions"}],"predecessor-version":[{"id":9961,"href":"https:\/\/gashor.com\/es\/wp-json\/wp\/v2\/pages\/364\/revisions\/9961"}],"wp:attachment":[{"href":"https:\/\/gashor.com\/es\/wp-json\/wp\/v2\/media?parent=364"}],"curies":[{"name":"wp","href":"https:\/\/api.w.org\/{rel}","templated":true}]}}