{"id":864,"date":"2024-03-04T10:42:33","date_gmt":"2024-03-04T10:42:33","guid":{"rendered":"https:\/\/gashor.com\/?page_id=864"},"modified":"2024-05-15T11:26:49","modified_gmt":"2024-05-15T11:26:49","slug":"aviso-legal","status":"publish","type":"page","link":"https:\/\/gashor.com\/es\/aviso-legal\/","title":{"rendered":"Aviso Legal"},"content":{"rendered":"\t\t<div data-elementor-type=\"wp-page\" data-elementor-id=\"864\" class=\"elementor elementor-864\" data-elementor-post-type=\"page\">\n\t\t\t\t<div class=\"elementor-element elementor-element-ff4a455 e-flex e-con-boxed e-con e-parent\" data-id=\"ff4a455\" data-element_type=\"container\" data-settings=\"{&quot;background_background&quot;:&quot;classic&quot;}\">\n\t\t\t\t\t<div class=\"e-con-inner\">\n\t\t\t\t<div class=\"elementor-element elementor-element-a40c02b elementor-widget elementor-widget-heading\" data-id=\"a40c02b\" data-element_type=\"widget\" data-widget_type=\"heading.default\">\n\t\t\t\t<div class=\"elementor-widget-container\">\n\t\t\t<h1 class=\"elementor-heading-title elementor-size-default\">AVISO LEGAL<\/h1>\t\t<\/div>\n\t\t\t\t<\/div>\n\t\t\t\t\t<\/div>\n\t\t\t\t<\/div>\n\t\t<div class=\"elementor-element elementor-element-c94de3d e-flex e-con-boxed e-con e-parent\" data-id=\"c94de3d\" data-element_type=\"container\">\n\t\t\t\t\t<div class=\"e-con-inner\">\n\t\t\t\t<div class=\"elementor-element elementor-element-f48123a elementor-widget elementor-widget-breadcrumbs\" data-id=\"f48123a\" data-element_type=\"widget\" data-widget_type=\"breadcrumbs.default\">\n\t\t\t\t<div class=\"elementor-widget-container\">\n\t\t\t<p id=\"breadcrumbs\"><span><span><a href=\"https:\/\/gashor.com\/es\/\">Inicio<\/a><\/span><\/span><\/p>\t\t<\/div>\n\t\t\t\t<\/div>\n\t\t\t\t\t<\/div>\n\t\t\t\t<\/div>\n\t\t<div class=\"elementor-element elementor-element-4ca966c e-flex e-con-boxed e-con e-parent\" data-id=\"4ca966c\" data-element_type=\"container\">\n\t\t\t\t\t<div class=\"e-con-inner\">\n\t\t\t\t<div class=\"elementor-element elementor-element-894f0c6 elementor-widget__width-initial elementor-widget elementor-widget-text-editor\" data-id=\"894f0c6\" data-element_type=\"widget\" data-widget_type=\"text-editor.default\">\n\t\t\t\t<div class=\"elementor-widget-container\">\n\t\t\t\t\t\t\t<div class=\"page\" title=\"Page 6\"><div class=\"section\"><div class=\"layoutArea\"><div class=\"column\"><ul><li><strong>Identidad:<\/strong> EQUIPOS DE PANIFICACI\u00d3N, SOCIEDAD COOPERATIVA \/ GASHOR \u00ae<\/li><li><strong>Marca Registrada:<\/strong> GASHOR \u00ae es una marca registrada en la OEPM cuyo titular es EQUIPOS DE PANIFICACI\u00d3N, SOCIEDAD COOPERATIVA<\/li><li><strong>NIF:<\/strong> F20136016<\/li><li><strong>Direcci\u00f3n postal:<\/strong> Bulandegi Bidea, 26, 20159 Zizurkil (Gipuzkoa)<\/li><li><strong>Tel\u00e9fono:<\/strong> +34 943 690 100<\/li><li><strong>Contacto<\/strong>: info@gashor.com<\/li><li><strong>Datos del Registro de Cooperativas de Euskadi:<\/strong> inscrita en el Registro de Cooperativas de Euskadi con el n\u00ba 86.3.186, Folio 408.<\/li><\/ul><\/div><\/div><\/div><\/div>\t\t\t\t\t\t<\/div>\n\t\t\t\t<\/div>\n\t\t\t\t<div class=\"elementor-element elementor-element-c98f1d7 elementor-widget__width-initial elementor-widget elementor-widget-text-editor\" data-id=\"c98f1d7\" data-element_type=\"widget\" data-widget_type=\"text-editor.default\">\n\t\t\t\t<div class=\"elementor-widget-container\">\n\t\t\t\t\t\t\t<div class=\"page\" title=\"Page 6\"><div class=\"section\"><div class=\"layoutArea\"><div class=\"column\"><h2><strong>Condiciones generales de uso del portal Web:<\/strong><\/h2><\/div><\/div><\/div><\/div>\t\t\t\t\t\t<\/div>\n\t\t\t\t<\/div>\n\t\t\t\t<div class=\"elementor-element elementor-element-20c584f elementor-widget__width-initial elementor-widget elementor-widget-text-editor\" data-id=\"20c584f\" data-element_type=\"widget\" data-widget_type=\"text-editor.default\">\n\t\t\t\t<div class=\"elementor-widget-container\">\n\t\t\t\t\t\t\t<div class=\"page\" title=\"Page 6\"><div class=\"section\"><div class=\"layoutArea\"><div class=\"column\"><p>EQUIPOS DE PANIFICACI\u00d3N, SOCIEDAD COOPERATIVA &#8211;en adelante, GASHOR \u00ae&#8211; le informa que el acceso y uso de la p\u00e1gina web <a href=\"https:\/\/gashor.com\/\">https:\/\/gashor.com\/<\/a> y todos los subdominios y directorios incluidos bajo la misma (en adelante, conjuntamente denominados como el Portal), as\u00ed como los servicios o contenidos que a trav\u00e9s del citado Portal se puedan obtener, est\u00e1n sujetos a los t\u00e9rminos que se detallan en este Aviso Legal, sin perjuicio de que el acceso a alguno de dichos servicios o contenidos pueda precisar de la aceptaci\u00f3n de las Condiciones Generales.<\/p><p>Por ello, si las consideraciones detalladas en este Aviso Legal no son de su conformidad,\u00a0 GASHOR \u00ae le ruega que no haga uso del Portal, ya que cualquier uso que haga del mismo o de los servicios y contenidos en \u00e9l incluidos, implicar\u00e1 la aceptaci\u00f3n de los t\u00e9rminos legales recogidos en este texto.<\/p><p>Dado que, por la naturaleza de Internet, se pueda acceder al Portal desde cualquier parte del mundo, los contenidos del mismo, as\u00ed como los servicios que en general ofrece GASHOR \u00ae van dirigidos a usuarios que operan en cualquier pa\u00eds. No obstante lo anterior, al hacer uso de los servicios y contenidos ofrecidos, GASHOR \u00ae se reserva el derecho a rechazar la prestaci\u00f3n de servicios o el env\u00edo de contenidos, en aquellos casos que estime oportuno. As\u00ed mismo, GASHOR \u00ae se reserva el derecho a denegar o retirar el acceso a su Portal, en cualquier momento y sin necesidad de preaviso, a aquellos Usuarios que incumplan las presentes Condiciones Generales.<\/p><p>GASHOR \u00ae se reserva el derecho de efectuar, en cualquier momento y sin necesidad de previo aviso, modificaciones y actualizaciones de la informaci\u00f3n contenida en el Portal, de la configuraci\u00f3n y presentaci\u00f3n de \u00e9ste y de las condiciones de acceso. Los contenidos y servicios del Portal se actualizan peri\u00f3dicamente. Debido a que la actualizaci\u00f3n de la informaci\u00f3n no es inmediata, GASHOR \u00ae sugiere que compruebe siempre la vigencia y exactitud de la informaci\u00f3n, servicios y contenidos recogidos en el Portal.<\/p><p>Las condiciones y t\u00e9rminos que se recogen en el presente Aviso Legal pueden variar, por lo que GASHOR \u00ae le invita a que revise estos t\u00e9rminos cuando visite de nuevo el Portal. Asimismo, el presente Aviso Legal se entender\u00e1 sin perjuicio de cualesquiera otras Condiciones Generales.<\/p><p>GASHOR \u00ae no controla ni garantiza la ausencia de virus ni otros elementos al acceder a su Portal que pueda producir alteraciones en los documentos electr\u00f3nicos y ficheros almacenados en su sistema inform\u00e1tico. Por ello, GASHOR \u00ae declina toda responsabilidad por los da\u00f1os y perjuicios de toda naturaleza que puedan deberse al uso que los Usuarios hacen del Portal y de sus servicios o contenidos.<\/p><p>GASHOR \u00ae no garantiza la inexistencia de interrupciones o errores en el acceso a la Web o a su contenido, ni que \u00e9sta se encuentre actualizada. GASHOR \u00ae podr\u00e1 llevar a cabo, siempre que no concurran causas que lo hagan imposible o de dif\u00edcil ejecuci\u00f3n, y tan pronto tenga noticia de los errores, desconexiones o falta de actualizaci\u00f3n en los contenidos, todas a aquellas labores tendentes a subsanar los errores, restablecer la comunicaci\u00f3n y actualizar los contenidos, declinando cualquier responsabilidad por los da\u00f1os y perjuicios de toda naturaleza que puedan deberse a la falta de disponibilidad o de continuidad del funcionamiento del Portal y de sus servicios y contenidos.<\/p><\/div><\/div><\/div><\/div>\t\t\t\t\t\t<\/div>\n\t\t\t\t<\/div>\n\t\t\t\t<div class=\"elementor-element elementor-element-64813b7 elementor-widget__width-initial elementor-widget elementor-widget-text-editor\" data-id=\"64813b7\" data-element_type=\"widget\" data-widget_type=\"text-editor.default\">\n\t\t\t\t<div class=\"elementor-widget-container\">\n\t\t\t\t\t\t\t<div class=\"page\" title=\"Page 6\"><div class=\"section\"><div class=\"layoutArea\"><div class=\"column\"><h2><strong>Derechos de propiedad intelectual y de propiedad industrial:<\/strong><\/h2><\/div><\/div><\/div><\/div>\t\t\t\t\t\t<\/div>\n\t\t\t\t<\/div>\n\t\t\t\t<div class=\"elementor-element elementor-element-05121f3 elementor-widget__width-initial elementor-widget elementor-widget-text-editor\" data-id=\"05121f3\" data-element_type=\"widget\" data-widget_type=\"text-editor.default\">\n\t\t\t\t<div class=\"elementor-widget-container\">\n\t\t\t\t\t\t\t<div class=\"page\" title=\"Page 6\"><div class=\"section\"><div class=\"layoutArea\"><div class=\"column\"><p>Tanto el dise\u00f1o del Portal y sus c\u00f3digos fuente, como los GASHOR \u00ae, marcas y dem\u00e1s signos distintivos que aparecen en el mismo, pertenecen al propietario GASHOR \u00ae o a entidades colaboradoras o patrocinadoras y est\u00e1n protegidos por los correspondientes derechos de propiedad intelectual e industrial. Igualmente est\u00e1n protegidos por los correspondientes derechos de propiedad intelectual e industrial las im\u00e1genes, GASHOR \u00ae y melod\u00edas, etc., contenidos en el servidor de GASHOR \u00ae.<\/p><p>Su uso, reproducci\u00f3n, distribuci\u00f3n, comunicaci\u00f3n p\u00fablica, transformaci\u00f3n o cualquier otra actividad similar o an\u00e1loga, queda totalmente prohibida salvo que medie expresa autorizaci\u00f3n escrita de GASHOR \u00ae, oblig\u00e1ndose el usuario del Portal a utilizar el mismo de forma diligente, correcta y l\u00edcita, as\u00ed como asumiendo el compromiso de no suprimir, eludir o manipular el copyright, marcas y dem\u00e1s datos identificativos de los derechos de GASHOR \u00ae, incorporados a los contenidos y\/o productos comercializados desde este Portal; de no emplear los contenidos y, en particular, la informaci\u00f3n de GASHOR \u00ae obtenida a trav\u00e9s de nuestro Web Site para remitir publicidad, comunicaciones con fines de venta directa o con cualquier otra clase de finalidad comercial, mensajes no solicitados dirigidos a una pluralidad de personas; de no reproducir o copiar, distribuir, permitir el acceso del p\u00fablico a trav\u00e9s de cualquier modalidad de comunicaci\u00f3n p\u00fablica, transformar o modificar los contenidos, a menos que se cuente con la autorizaci\u00f3n del titular de los correspondientes derechos o ello resulte legalmente permitido; y en general, de no utilizar los contenidos de forma, con fines o efectos contrarios a la ley, a la moral y a las buenas costumbres generalmente aceptadas o al orden p\u00fablico.<\/p><p>En todo caso, GASHOR \u00ae declara su respeto a los derechos de propiedad intelectual e industrial de terceros; por ello, si considera que este sitio pudiera estar violando sus derechos, rogamos se ponga en contacto con GASHOR \u00ae en la siguiente direcci\u00f3n de e-mail: <a href=\"mailto:info@gashor.com\">info@gashor.com<\/a>.<\/p><\/div><\/div><\/div><\/div>\t\t\t\t\t\t<\/div>\n\t\t\t\t<\/div>\n\t\t\t\t<div class=\"elementor-element elementor-element-551c30c elementor-widget__width-initial elementor-widget elementor-widget-text-editor\" data-id=\"551c30c\" data-element_type=\"widget\" data-widget_type=\"text-editor.default\">\n\t\t\t\t<div class=\"elementor-widget-container\">\n\t\t\t\t\t\t\t<div class=\"page\" title=\"Page 6\"><div class=\"section\"><div class=\"layoutArea\"><div class=\"column\"><h2><strong>Links o hiperenlaces:<\/strong><\/h2><\/div><\/div><\/div><\/div>\t\t\t\t\t\t<\/div>\n\t\t\t\t<\/div>\n\t\t\t\t<div class=\"elementor-element elementor-element-3cedb9a elementor-widget__width-initial elementor-widget elementor-widget-text-editor\" data-id=\"3cedb9a\" data-element_type=\"widget\" data-widget_type=\"text-editor.default\">\n\t\t\t\t<div class=\"elementor-widget-container\">\n\t\t\t\t\t\t\t<div class=\"page\" title=\"Page 6\"><div class=\"section\"><div class=\"layoutArea\"><div class=\"column\"><p>GASHOR \u00ae le facilita el acceso a otras p\u00e1ginas web que considera pueden ser de su inter\u00e9s. No obstante, dichas p\u00e1ginas no le pertenecen, ni hace una revisi\u00f3n de sus contenidos y, por ello, no puede hacerse responsable de los mismos, del funcionamiento de la p\u00e1gina enlazada o de los posibles da\u00f1os que puedan derivarse del acceso o uso de la misma. Asimismo, GASHOR \u00ae se muestra plenamente respetuosa con los derechos de propiedad intelectual o industrial que le puedan corresponder, a terceras personas, sobre las p\u00e1ginas web a las que se refieran los citados enlaces. Por tal motivo, si considera que el establecimiento de los citados enlaces pudiera estar violando sus derechos, rogamos se ponga en contacto con\u00a0 GASHOR \u00ae en la siguiente direcci\u00f3n de e-mail <a href=\"mailto:info@gashor.com\">info@gashor.com<\/a>.<\/p><p>Por otro lado, con car\u00e1cter general se autoriza el enlace al Portal de p\u00e1ginas web o de direcciones de correo electr\u00f3nico, excepci\u00f3n hecha de aquellos supuestos en los que, expresamente,\u00a0 GASHOR \u00ae manifieste lo contrario. Adicionalmente, y en todo caso para entender aplicable dicha autorizaci\u00f3n general, dichos enlaces deber\u00e1n respetar, necesariamente, la siguiente condici\u00f3n: el establecimiento del enlace no supondr\u00e1, por s\u00ed mismo y necesariamente, ning\u00fan tipo de acuerdo, contrato, patrocinio ni recomendaci\u00f3n por parte de GASHOR \u00ae de la p\u00e1gina que realiza el enlace.<\/p><p>No obstante lo anterior, en cualquier momento GASHOR \u00ae podr\u00e1 retirar la autorizaci\u00f3n mencionada en el p\u00e1rrafo anterior, sin necesidad de alegar causa alguna, pudiendo proceder, en tal caso, a la inmediata supresi\u00f3n del citado enlace.<\/p><\/div><\/div><\/div><\/div>\t\t\t\t\t\t<\/div>\n\t\t\t\t<\/div>\n\t\t\t\t<div class=\"elementor-element elementor-element-c7fcf2c elementor-widget__width-initial elementor-widget elementor-widget-text-editor\" data-id=\"c7fcf2c\" data-element_type=\"widget\" data-widget_type=\"text-editor.default\">\n\t\t\t\t<div class=\"elementor-widget-container\">\n\t\t\t\t\t\t\t<div class=\"page\" title=\"Page 6\"><div class=\"section\"><div class=\"layoutArea\"><div class=\"column\"><h2><strong>Frames o marcos:<\/strong><\/h2><\/div><\/div><\/div><\/div>\t\t\t\t\t\t<\/div>\n\t\t\t\t<\/div>\n\t\t\t\t<div class=\"elementor-element elementor-element-9831170 elementor-widget__width-initial elementor-widget elementor-widget-text-editor\" data-id=\"9831170\" data-element_type=\"widget\" data-widget_type=\"text-editor.default\">\n\t\t\t\t<div class=\"elementor-widget-container\">\n\t\t\t\t\t\t\t<div class=\"page\" title=\"Page 6\"><div class=\"section\"><div class=\"layoutArea\"><div class=\"column\"><p>GASHOR \u00ae proh\u00edbe expresamente la realizaci\u00f3n de \u00abframings\u00bb o la utilizaci\u00f3n por parte de terceros de cualesquiera otros mecanismos que alteren el dise\u00f1o, configuraci\u00f3n original o contenidos de su Portal.<\/p><\/div><\/div><\/div><\/div>\t\t\t\t\t\t<\/div>\n\t\t\t\t<\/div>\n\t\t\t\t<div class=\"elementor-element elementor-element-144cc29 elementor-widget__width-initial elementor-widget elementor-widget-text-editor\" data-id=\"144cc29\" data-element_type=\"widget\" data-widget_type=\"text-editor.default\">\n\t\t\t\t<div class=\"elementor-widget-container\">\n\t\t\t\t\t\t\t<div class=\"page\" title=\"Page 6\"><div class=\"section\"><div class=\"layoutArea\"><div class=\"column\"><h2><strong>Publicidad:<\/strong><\/h2><\/div><\/div><\/div><\/div>\t\t\t\t\t\t<\/div>\n\t\t\t\t<\/div>\n\t\t\t\t<div class=\"elementor-element elementor-element-ccbd711 elementor-widget__width-initial elementor-widget elementor-widget-text-editor\" data-id=\"ccbd711\" data-element_type=\"widget\" data-widget_type=\"text-editor.default\">\n\t\t\t\t<div class=\"elementor-widget-container\">\n\t\t\t\t\t\t\t<div class=\"page\" title=\"Page 6\"><div class=\"section\"><div class=\"layoutArea\"><div class=\"column\"><p>En el Portal se podr\u00e1 insertar aquella publicidad de GASHOR \u00ae o de terceras empresas anunciantes que\u00a0 GASHOR \u00ae considere que pueda ser de su inter\u00e9s.<\/p><p>Sin perjuicio de lo establecido en la Pol\u00edtica de Protecci\u00f3n de Datos, GASHOR \u00ae cuenta con la autorizaci\u00f3n de los anunciantes para poder facilitar los datos de contacto de \u00e9stos a los usuarios del Portal. A su vez, GASHOR \u00ae se compromete a no facilitar informaci\u00f3n de usuarios del Portal a los anunciantes, salvo que un usuario o usuarios concretos del Portal se lo autoricen expresamente por escrito.<\/p><\/div><\/div><\/div><\/div>\t\t\t\t\t\t<\/div>\n\t\t\t\t<\/div>\n\t\t\t\t<div class=\"elementor-element elementor-element-632a207 elementor-widget__width-initial elementor-widget elementor-widget-text-editor\" data-id=\"632a207\" data-element_type=\"widget\" data-widget_type=\"text-editor.default\">\n\t\t\t\t<div class=\"elementor-widget-container\">\n\t\t\t\t\t\t\t<div class=\"page\" title=\"Page 6\"><div class=\"section\"><div class=\"layoutArea\"><div class=\"column\"><h2><strong>Ley aplicable y jurisdicci\u00f3n:<\/strong><\/h2><\/div><\/div><\/div><\/div>\t\t\t\t\t\t<\/div>\n\t\t\t\t<\/div>\n\t\t\t\t<div class=\"elementor-element elementor-element-2228fd3 elementor-widget__width-initial elementor-widget elementor-widget-text-editor\" data-id=\"2228fd3\" data-element_type=\"widget\" data-widget_type=\"text-editor.default\">\n\t\t\t\t<div class=\"elementor-widget-container\">\n\t\t\t\t\t\t\t<div class=\"page\" title=\"Page 6\"><div class=\"section\"><div class=\"layoutArea\"><div class=\"column\"><p>Las presentes condiciones, se regir\u00e1n por la legislaci\u00f3n espa\u00f1ola, que ser\u00e1 de aplicaci\u00f3n en lo no dispuesto en estas condiciones en materia de interpretaci\u00f3n, validez y ejecuci\u00f3n. GASHOR \u00ae, S.L. y el usuario, con renuncia expresa a cualquier otro fuero, se someten al de los juzgados y tribunales de Tolosa (Gipuzkoa).<\/p><\/div><\/div><\/div><\/div>\t\t\t\t\t\t<\/div>\n\t\t\t\t<\/div>\n\t\t\t\t\t<\/div>\n\t\t\t\t<\/div>\n\t\t\t\t<\/div>\n\t\t","protected":false},"excerpt":{"rendered":"<p>AVISO LEGAL Identidad: EQUIPOS DE PANIFICACI\u00d3N, SOCIEDAD COOPERATIVA \/ GASHOR \u00ae Marca Registrada: GASHOR \u00ae es una marca registrada en la OEPM cuyo titular es EQUIPOS DE PANIFICACI\u00d3N, SOCIEDAD COOPERATIVA NIF: F20136016 Direcci\u00f3n postal: Bulandegi Bidea, 26, 20159 Zizurkil (Gipuzkoa) Tel\u00e9fono: +34 943 690 100 Contacto: info@gashor.com Datos del Registro de Cooperativas de Euskadi: inscrita [&hellip;]<\/p>\n","protected":false},"author":1,"featured_media":0,"parent":0,"menu_order":0,"comment_status":"closed","ping_status":"closed","template":"","meta":{"_sitemap_exclude":false,"_sitemap_priority":"","_sitemap_frequency":"","footnotes":""},"yoast_head":"<!-- This site is optimized with the Yoast SEO plugin v24.5 - https:\/\/yoast.com\/wordpress\/plugins\/seo\/ -->\n<title>Aviso Legal | Gashor<\/title>\n<meta name=\"robots\" content=\"index, follow, max-snippet:-1, max-image-preview:large, max-video-preview:-1\" \/>\n<link rel=\"canonical\" href=\"https:\/\/gashor.com\/es\/aviso-legal\/\" \/>\n<meta property=\"og:locale\" content=\"es_ES\" \/>\n<meta property=\"og:type\" content=\"article\" \/>\n<meta property=\"og:title\" content=\"Aviso Legal | Gashor\" \/>\n<meta property=\"og:description\" content=\"AVISO LEGAL Identidad: EQUIPOS DE PANIFICACI\u00d3N, SOCIEDAD COOPERATIVA \/ GASHOR \u00ae Marca Registrada: GASHOR \u00ae es una marca registrada en la OEPM cuyo titular es EQUIPOS DE PANIFICACI\u00d3N, SOCIEDAD COOPERATIVA NIF: F20136016 Direcci\u00f3n postal: Bulandegi Bidea, 26, 20159 Zizurkil (Gipuzkoa) Tel\u00e9fono: +34 943 690 100 Contacto: info@gashor.com Datos del Registro de Cooperativas de Euskadi: inscrita [&hellip;]\" \/>\n<meta property=\"og:url\" content=\"https:\/\/gashor.com\/es\/aviso-legal\/\" \/>\n<meta property=\"og:site_name\" content=\"Gashor\" \/>\n<meta property=\"article:modified_time\" content=\"2024-05-15T11:26:49+00:00\" \/>\n<meta name=\"twitter:card\" content=\"summary_large_image\" \/>\n<meta name=\"twitter:label1\" content=\"Tiempo de lectura\" \/>\n\t<meta name=\"twitter:data1\" content=\"7 minutos\" \/>\n<script type=\"application\/ld+json\" class=\"yoast-schema-graph\">{\"@context\":\"https:\/\/schema.org\",\"@graph\":[{\"@type\":\"WebPage\",\"@id\":\"https:\/\/gashor.com\/es\/aviso-legal\/\",\"url\":\"https:\/\/gashor.com\/es\/aviso-legal\/\",\"name\":\"Aviso Legal | Gashor\",\"isPartOf\":{\"@id\":\"https:\/\/gashor.com\/es\/#website\"},\"datePublished\":\"2024-03-04T10:42:33+00:00\",\"dateModified\":\"2024-05-15T11:26:49+00:00\",\"breadcrumb\":{\"@id\":\"https:\/\/gashor.com\/es\/aviso-legal\/#breadcrumb\"},\"inLanguage\":\"es\",\"potentialAction\":[{\"@type\":\"ReadAction\",\"target\":[\"https:\/\/gashor.com\/es\/aviso-legal\/\"]}]},{\"@type\":\"BreadcrumbList\",\"@id\":\"https:\/\/gashor.com\/es\/aviso-legal\/#breadcrumb\",\"itemListElement\":[{\"@type\":\"ListItem\",\"position\":1,\"name\":\"Inicio\",\"item\":\"https:\/\/gashor.com\/es\/\"},{\"@type\":\"ListItem\",\"position\":2,\"name\":\"Aviso Legal\"}]},{\"@type\":\"WebSite\",\"@id\":\"https:\/\/gashor.com\/es\/#website\",\"url\":\"https:\/\/gashor.com\/es\/\",\"name\":\"Gashor\",\"description\":\"The Formula\",\"potentialAction\":[{\"@type\":\"SearchAction\",\"target\":{\"@type\":\"EntryPoint\",\"urlTemplate\":\"https:\/\/gashor.com\/es\/?s={search_term_string}\"},\"query-input\":{\"@type\":\"PropertyValueSpecification\",\"valueRequired\":true,\"valueName\":\"search_term_string\"}}],\"inLanguage\":\"es\"}]}<\/script>\n<!-- \/ Yoast SEO plugin. -->","yoast_head_json":{"title":"Aviso Legal | Gashor","robots":{"index":"index","follow":"follow","max-snippet":"max-snippet:-1","max-image-preview":"max-image-preview:large","max-video-preview":"max-video-preview:-1"},"canonical":"https:\/\/gashor.com\/es\/aviso-legal\/","og_locale":"es_ES","og_type":"article","og_title":"Aviso Legal | Gashor","og_description":"AVISO LEGAL Identidad: EQUIPOS DE PANIFICACI\u00d3N, SOCIEDAD COOPERATIVA \/ GASHOR \u00ae Marca Registrada: GASHOR \u00ae es una marca registrada en la OEPM cuyo titular es EQUIPOS DE PANIFICACI\u00d3N, SOCIEDAD COOPERATIVA NIF: F20136016 Direcci\u00f3n postal: Bulandegi Bidea, 26, 20159 Zizurkil (Gipuzkoa) Tel\u00e9fono: +34 943 690 100 Contacto: info@gashor.com Datos del Registro de Cooperativas de Euskadi: inscrita [&hellip;]","og_url":"https:\/\/gashor.com\/es\/aviso-legal\/","og_site_name":"Gashor","article_modified_time":"2024-05-15T11:26:49+00:00","twitter_card":"summary_large_image","twitter_misc":{"Tiempo de lectura":"7 minutos"},"schema":{"@context":"https:\/\/schema.org","@graph":[{"@type":"WebPage","@id":"https:\/\/gashor.com\/es\/aviso-legal\/","url":"https:\/\/gashor.com\/es\/aviso-legal\/","name":"Aviso Legal | Gashor","isPartOf":{"@id":"https:\/\/gashor.com\/es\/#website"},"datePublished":"2024-03-04T10:42:33+00:00","dateModified":"2024-05-15T11:26:49+00:00","breadcrumb":{"@id":"https:\/\/gashor.com\/es\/aviso-legal\/#breadcrumb"},"inLanguage":"es","potentialAction":[{"@type":"ReadAction","target":["https:\/\/gashor.com\/es\/aviso-legal\/"]}]},{"@type":"BreadcrumbList","@id":"https:\/\/gashor.com\/es\/aviso-legal\/#breadcrumb","itemListElement":[{"@type":"ListItem","position":1,"name":"Inicio","item":"https:\/\/gashor.com\/es\/"},{"@type":"ListItem","position":2,"name":"Aviso Legal"}]},{"@type":"WebSite","@id":"https:\/\/gashor.com\/es\/#website","url":"https:\/\/gashor.com\/es\/","name":"Gashor","description":"The Formula","potentialAction":[{"@type":"SearchAction","target":{"@type":"EntryPoint","urlTemplate":"https:\/\/gashor.com\/es\/?s={search_term_string}"},"query-input":{"@type":"PropertyValueSpecification","valueRequired":true,"valueName":"search_term_string"}}],"inLanguage":"es"}]}},"_links":{"self":[{"href":"https:\/\/gashor.com\/es\/wp-json\/wp\/v2\/pages\/864"}],"collection":[{"href":"https:\/\/gashor.com\/es\/wp-json\/wp\/v2\/pages"}],"about":[{"href":"https:\/\/gashor.com\/es\/wp-json\/wp\/v2\/types\/page"}],"author":[{"embeddable":true,"href":"https:\/\/gashor.com\/es\/wp-json\/wp\/v2\/users\/1"}],"replies":[{"embeddable":true,"href":"https:\/\/gashor.com\/es\/wp-json\/wp\/v2\/comments?post=864"}],"version-history":[{"count":7,"href":"https:\/\/gashor.com\/es\/wp-json\/wp\/v2\/pages\/864\/revisions"}],"predecessor-version":[{"id":9953,"href":"https:\/\/gashor.com\/es\/wp-json\/wp\/v2\/pages\/864\/revisions\/9953"}],"wp:attachment":[{"href":"https:\/\/gashor.com\/es\/wp-json\/wp\/v2\/media?parent=864"}],"curies":[{"name":"wp","href":"https:\/\/api.w.org\/{rel}","templated":true}]}}