{"id":875,"date":"2024-03-04T11:14:18","date_gmt":"2024-03-04T11:14:18","guid":{"rendered":"https:\/\/gashor.com\/?page_id=875"},"modified":"2025-02-25T12:57:43","modified_gmt":"2025-02-25T11:57:43","slug":"politica-de-cookies","status":"publish","type":"page","link":"https:\/\/gashor.com\/es\/politica-de-cookies\/","title":{"rendered":"Pol\u00edtica de cookies"},"content":{"rendered":"\t\t<div data-elementor-type=\"wp-page\" data-elementor-id=\"875\" class=\"elementor elementor-875\" data-elementor-post-type=\"page\">\n\t\t\t\t<div class=\"elementor-element elementor-element-ff4a455 e-flex e-con-boxed e-con e-parent\" data-id=\"ff4a455\" data-element_type=\"container\" data-settings=\"{&quot;background_background&quot;:&quot;classic&quot;}\">\n\t\t\t\t\t<div class=\"e-con-inner\">\n\t\t\t\t<div class=\"elementor-element elementor-element-a40c02b elementor-widget elementor-widget-heading\" data-id=\"a40c02b\" data-element_type=\"widget\" data-widget_type=\"heading.default\">\n\t\t\t\t<div class=\"elementor-widget-container\">\n\t\t\t<h1 class=\"elementor-heading-title elementor-size-default\">POL\u00cdTICA DE COOKIES<\/h1>\t\t<\/div>\n\t\t\t\t<\/div>\n\t\t\t\t\t<\/div>\n\t\t\t\t<\/div>\n\t\t<div class=\"elementor-element elementor-element-c94de3d e-flex e-con-boxed e-con e-parent\" data-id=\"c94de3d\" data-element_type=\"container\">\n\t\t\t\t\t<div class=\"e-con-inner\">\n\t\t\t\t<div class=\"elementor-element elementor-element-f48123a elementor-widget elementor-widget-breadcrumbs\" data-id=\"f48123a\" data-element_type=\"widget\" data-widget_type=\"breadcrumbs.default\">\n\t\t\t\t<div class=\"elementor-widget-container\">\n\t\t\t<p id=\"breadcrumbs\"><span><span><a href=\"https:\/\/gashor.com\/es\/\">Inicio<\/a><\/span><\/span><\/p>\t\t<\/div>\n\t\t\t\t<\/div>\n\t\t\t\t\t<\/div>\n\t\t\t\t<\/div>\n\t\t<div class=\"elementor-element elementor-element-4ca966c e-flex e-con-boxed e-con e-parent\" data-id=\"4ca966c\" data-element_type=\"container\">\n\t\t\t\t\t<div class=\"e-con-inner\">\n\t\t\t\t<div class=\"elementor-element elementor-element-4f74ca3 elementor-widget__width-initial elementor-widget elementor-widget-text-editor\" data-id=\"4f74ca3\" data-element_type=\"widget\" data-widget_type=\"text-editor.default\">\n\t\t\t\t<div class=\"elementor-widget-container\">\n\t\t\t\t\t\t\t<h2><strong>1. Qu\u00e9 es una cookie<\/strong><\/h2>\t\t\t\t\t\t<\/div>\n\t\t\t\t<\/div>\n\t\t\t\t<div class=\"elementor-element elementor-element-850f519 elementor-widget__width-initial elementor-widget elementor-widget-text-editor\" data-id=\"850f519\" data-element_type=\"widget\" data-widget_type=\"text-editor.default\">\n\t\t\t\t<div class=\"elementor-widget-container\">\n\t\t\t\t\t\t\t<div class=\"page\" title=\"Page 6\"><div class=\"section\"><div class=\"layoutArea\"><div class=\"column\"><p>La cookie (o galleta inform\u00e1tica) es cualquier tipo de archivo o dispositivo que se descarga en el equipo terminal de un usuario con la finalidad de almacenar datos que podr\u00e1n ser actualizados y recuperados por la entidad responsable de su instalaci\u00f3n.<\/p><p>Sus principales funciones son llevar el control de usuarios y conseguir informaci\u00f3n sobre los h\u00e1bitos de navegaci\u00f3n del usuario y evitar intentos de intrusi\u00f3n a trav\u00e9s de programas esp\u00eda. <\/p><\/div><\/div><\/div><\/div>\t\t\t\t\t\t<\/div>\n\t\t\t\t<\/div>\n\t\t\t\t<div class=\"elementor-element elementor-element-c98f1d7 elementor-widget__width-initial elementor-widget elementor-widget-text-editor\" data-id=\"c98f1d7\" data-element_type=\"widget\" data-widget_type=\"text-editor.default\">\n\t\t\t\t<div class=\"elementor-widget-container\">\n\t\t\t\t\t\t\t<h2><strong>2. Cu\u00e1les son los principales tipos de cookies<\/strong><\/h2>\t\t\t\t\t\t<\/div>\n\t\t\t\t<\/div>\n\t\t\t\t<div class=\"elementor-element elementor-element-20c584f elementor-widget__width-initial elementor-widget elementor-widget-text-editor\" data-id=\"20c584f\" data-element_type=\"widget\" data-widget_type=\"text-editor.default\">\n\t\t\t\t<div class=\"elementor-widget-container\">\n\t\t\t\t\t\t\t<div class=\"page\" title=\"Page 6\"><div class=\"section\"><div class=\"layoutArea\"><div class=\"column\"><p>Los principales tipos de cookies son los siguientes:<\/p><h3>1.- Seg\u00fan quien las gestione:<\/h3><p><strong>a. Propias:<\/strong> son aquellas que se env\u00edan al terminal del usuario desde equipo o dominio gestionado por el propio editor o responsable de la Web desde que se presta el servicio solicitado por el usuario.<\/p><p><strong>b. De terceros:<\/strong> son aqu\u00e9llas que se env\u00edan al equipo terminal del usuario desde un equipo o dominio que no es gestionado por el editor o responsable de la Web, sino por otra entidad que trata los datos obtenidos a trav\u00e9s de las cookies.<\/p><h3>2.- Seg\u00fan el plazo de tiempo que permanecen activadas:<\/h3><p><strong>a. De sesi\u00f3n:<\/strong> Son un tipo de cookies dise\u00f1adas para recabar y almacenar datos mientras el usuario accede a una p\u00e1gina Web.<\/p><p><strong>b. Persistentes<\/strong>: Son un tipo de cookies en el que los datos siguen almacenados en el terminal y pueden ser accedidos y tratados durante un periodo definido por el responsable de la cookie, y que puede ir de unos minutos a varios a\u00f1os.<\/p><h3>3.- Seg\u00fan su finalidad:<\/h3><p><strong>a. T\u00e9cnicas:<\/strong> Son aqu\u00e9llas que permiten al usuario la navegaci\u00f3n a trav\u00e9s de una p\u00e1gina Web, plataforma o aplicaci\u00f3n y la utilizaci\u00f3n de las diferentes opciones o servicios que en ella existan como, por ejemplo, controlar el tr\u00e1fico y la comunicaci\u00f3n de datos, identificar la sesi\u00f3n, acceder a partes de acceso restringido, recordar los elementos que integran un pedido, realizar el proceso de compra de un pedido, realizar la solicitud de inscripci\u00f3n o participaci\u00f3n en un evento, utilizar elementos de seguridad durante la navegaci\u00f3n, almacenar contenidos para la difusi\u00f3n de videos o sonido o compartir contenidos a trav\u00e9s de redes sociales.<\/p><p><strong>b. De personalizaci\u00f3n:<\/strong> Son aqu\u00e9llas que permiten al usuario acceder al servicio con algunas caracter\u00edsticas de car\u00e1cter general predefinidas en funci\u00f3n de una serie de criterios en el terminal del usuario como por ejemplo ser\u00edan el idioma, el tipo de navegador a trav\u00e9s del cual accede al servicio, la configuraci\u00f3n regional desde donde accede al servicio, etc.<\/p><p><strong>c. De an\u00e1lisis:<\/strong> Son aqu\u00e9llas que permiten al responsable de las mismas, el seguimiento y an\u00e1lisis del comportamiento de los usuarios de los sitios Web a los que est\u00e1n vinculadas. La informaci\u00f3n recogida mediante este tipo de cookies se utiliza en la medici\u00f3n de la actividad de los sitios Web, aplicaci\u00f3n o plataforma y para la elaboraci\u00f3n de perfiles de navegaci\u00f3n de los usuarios de dichos sitios, aplicaciones y plataformas, con el fin de introducir mejoras en funci\u00f3n del an\u00e1lisis de los datos de uso que hacen los usuarios del servicio.<\/p><p><strong>d. Publicitarias:<\/strong> Son aqu\u00e9llas que permiten la gesti\u00f3n, de la forma m\u00e1s eficaz posible, de los espacios publicitarios que, en su caso, el editor haya incluido en una p\u00e1gina Web, aplicaci\u00f3n o plataforma desde la que presta el servicio solicitado en base a criterios como el contenido editado o la frecuencia en la que se muestran los anuncios.<\/p><p><strong>e. De publicidad comportamental:<\/strong> Son aqu\u00e9llas que permiten la gesti\u00f3n, de la forma m\u00e1s eficaz posible, de los espacios publicitarios que, en su caso, el editor o responsable de la Web haya incluido en una p\u00e1gina web, aplicaci\u00f3n o plataforma desde la que presta el servicio solicitado.<\/p><p>Estas cookies almacenan informaci\u00f3n del comportamiento de los usuarios obtenida a trav\u00e9s de la observaci\u00f3n continuada de sus h\u00e1bitos de navegaci\u00f3n, lo que permite desarrollar un perfil espec\u00edfico para mostrar publicidad en funci\u00f3n del mismo.<\/p><\/div><\/div><\/div><\/div>\t\t\t\t\t\t<\/div>\n\t\t\t\t<\/div>\n\t\t\t\t<div class=\"elementor-element elementor-element-64813b7 elementor-widget__width-initial elementor-widget elementor-widget-text-editor\" data-id=\"64813b7\" data-element_type=\"widget\" data-widget_type=\"text-editor.default\">\n\t\t\t\t<div class=\"elementor-widget-container\">\n\t\t\t\t\t\t\t<h2><strong>3. Cu\u00e1les son tipos de cookies utilizadas en este Portal Web<\/strong><\/h2>\t\t\t\t\t\t<\/div>\n\t\t\t\t<\/div>\n\t\t\t\t<div class=\"elementor-element elementor-element-05121f3 elementor-widget__width-initial elementor-widget elementor-widget-text-editor\" data-id=\"05121f3\" data-element_type=\"widget\" data-widget_type=\"text-editor.default\">\n\t\t\t\t<div class=\"elementor-widget-container\">\n\t\t\t\t\t\t\t<div class=\"page\" title=\"Page 6\"><div class=\"section\"><div class=\"layoutArea\"><div class=\"column\"><p>La relaci\u00f3n y descripci\u00f3n de las cookies utilizadas por este portal o sitio Web son las siguientes, salvo error u omisi\u00f3n involuntaria o actualizaci\u00f3n reciente del Portal:<\/p><\/div><\/div><\/div><\/div>\t\t\t\t\t\t<\/div>\n\t\t\t\t<\/div>\n\t\t\t\t<div class=\"elementor-element elementor-element-478a650 elementor-widget elementor-widget-html\" data-id=\"478a650\" data-element_type=\"widget\" data-widget_type=\"html.default\">\n\t\t\t\t<div class=\"elementor-widget-container\">\n\t\t\t<table class=\"table\"><thead><tr>\n  <th width=\"15%\">Cookie<\/th>\n  <th width=\"15%\">Dominio<\/th>\n  <th style=\"min-width:300px\">Descripci\u00f3n<\/th>\n  <th width=\"15%\">Duraci\u00f3n<\/th>\n  <th width=\"15%\">Tipo<\/th>\n  <\/tr><\/thead><tbody><tr>\n    <td>wp-wpml_current_language<\/td>\n    <td>gashor.com<\/td>\n    <td>El plugin multiling\u00fce de WordPress establece esta cookie para almacenar la configuraci\u00f3n actual del idioma.<\/td>\n    <td>session<\/td>\n    <td>Funcional<\/td>\n    <\/tr><tr>\n    <td>_GRECAPTCHA<\/td>\n    <td>www.google.com<\/td>\n    <td>Esta cookie es instalada por el servicio recaptcha de Google para identificar bots y proteger el sitio web contra ataques maliciosos de spam.<\/td>\n    <td>6 months<\/td>\n    <td>Necesario<\/td>\n    <\/tr><tr>\n    <td>elementor<\/td>\n    <td>gashor.com<\/td>\n    <td>Esta cookie es utilizada por el tema WordPress del sitio web. Permite al propietario del sitio web implementar o cambiar el contenido del sitio web en tiempo real.<\/td>\n    <td>nunca<\/td>\n    <td>Necesario<\/td>\n    <\/tr><tr>\n    <td>_grecaptcha<\/td>\n    <td>gashor.com<\/td>\n    <td>Esta cookie es instalada por el servicio recaptcha de Google para identificar bots y proteger el sitio web contra ataques maliciosos de spam.<\/td>\n    <td>nunca<\/td>\n    <td>Otros<\/td>\n    <\/tr><tr>\n    <td>rc::a<\/td>\n    <td>google.com<\/td>\n    <td>Esta cookie es instalada por el servicio recaptcha de Google para identificar bots y proteger el sitio web contra ataques maliciosos de spam.<\/td>\n    <td>nunca<\/td>\n    <td>Necesario<\/td>\n    <\/tr><tr>\n    <td>rc::f<\/td>\n    <td>google.com<\/td>\n    <td>Esta cookie es instalada por el servicio recaptcha de Google para identificar bots y proteger el sitio web contra ataques maliciosos de spam.<\/td>\n    <td>nunca<\/td>\n    <td>Necesario<\/td>\n    <\/tr><tr>\n    <td>rc::c<\/td>\n    <td>google.com<\/td>\n    <td>Esta cookie es instalada por el servicio recaptcha de Google para identificar bots y proteger el sitio web contra ataques maliciosos de spam.<\/td>\n    <td>session<\/td>\n    <td>Necesario<\/td>\n    <\/tr><tr>\n    <td>rc::b<\/td>\n    <td>google.com<\/td>\n    <td>Esta cookie es instalada por el servicio recaptcha de Google para identificar bots y proteger el sitio web contra ataques maliciosos de spam.<\/td>\n    <td>session<\/td>\n    <td>Necesario<\/td>\n    <\/tr><\/tbody><\/table>\t\t<\/div>\n\t\t\t\t<\/div>\n\t\t\t\t<div class=\"elementor-element elementor-element-551c30c elementor-widget__width-initial elementor-widget elementor-widget-text-editor\" data-id=\"551c30c\" data-element_type=\"widget\" data-widget_type=\"text-editor.default\">\n\t\t\t\t<div class=\"elementor-widget-container\">\n\t\t\t\t\t\t\t<h2><strong>4. C\u00f3mo podemos configurar las cookies utilizadas en este Portal Web<\/strong><\/h2>\t\t\t\t\t\t<\/div>\n\t\t\t\t<\/div>\n\t\t\t\t<div class=\"elementor-element elementor-element-3cedb9a elementor-widget__width-initial elementor-widget elementor-widget-text-editor\" data-id=\"3cedb9a\" data-element_type=\"widget\" data-widget_type=\"text-editor.default\">\n\t\t\t\t<div class=\"elementor-widget-container\">\n\t\t\t\t\t\t\t<div class=\"page\" title=\"Page 6\"><div class=\"section\"><div class=\"layoutArea\"><div class=\"column\"><p>El usuario de este Portal web puede permitir, bloquear o eliminar las cookies instaladas en su equipo mediante la configuraci\u00f3n de las opciones del navegador instalado en su ordenador. En caso de utilizar el navegador:<\/p><ul><li>Chrome, desde: <a href=\"http:\/\/support.google.com\/chrome\/bin\/answer.py?hl=es&amp;answer=95647\">http:\/\/support.google.com\/chrome\/bin\/answer.py?hl=es&amp;answer=95647<\/a><\/li><li>Explorer, desde: <a href=\"http:\/\/windows.microsoft.com\/es-es\/windows7\/how-to-manage-cookies-in-internetexplorer-9\">http:\/\/windows.microsoft.com\/es-es\/windows7\/how-to-manage-cookies-in-internetexplorer-9<\/a><\/li><li>Firefox, desde: <a href=\"http:\/\/support.mozilla.org\/es\/kb\/habilitar-y-deshabilitar-cookies-que-los-sitios-we\">http:\/\/support.mozilla.org\/es\/kb\/habilitar-y-deshabilitar-cookies-que-los-sitios-we<\/a><\/li><li>Safari, desde: <a href=\"http:\/\/support.apple.com\/kb\/ph5042\">http:\/\/support.apple.com\/kb\/ph5042<\/a><\/li><li>Opera, desde: <a href=\"http:\/\/help.opera.com\/Windows\/11.50\/es-ES\/cookies.html\">http:\/\/help.opera.com\/Windows\/11.50\/es-ES\/cookies.html<\/a><\/li><\/ul><p>\u00a0<\/p><p>EQUIPOS DE PANIFICACI\u00d3N, S.COOP. \/ GASHOR \u00ae \u00a0no se responsabiliza de los fallos de funcionamiento que pudieran ocasionar el bloqueo o eliminaci\u00f3n de una, varias o todas las cookies descritas anteriormente.<\/p><p>La navegaci\u00f3n por este portal Web implica la aceptaci\u00f3n de facto de la presente pol\u00edtica de cookies. No obstante, el usuario de este portal Web podr\u00e1 en todo momento realizar las modificaciones que considere oportunas en esta concreta materia, para lo cual, acudir\u00e1 a los enlaces indicados anteriormente en funci\u00f3n del navegador que utilice.<\/p><p>Del mismo modo,\u00a0 este portal Web no se hace responsable del contenido y veracidad de las pol\u00edticas de privacidad de los terceros incluidas en esta pol\u00edtica de cookies.<\/p><p>Si un usuario de este portal web tiene dudas sobre esta pol\u00edtica de cookies, puede contactar con\u00a0 este portal WEB en: <a href=\"mailto:info@gashor.com\">info@gashor.com<\/a>.<\/p><\/div><\/div><\/div><\/div>\t\t\t\t\t\t<\/div>\n\t\t\t\t<\/div>\n\t\t\t\t\t<\/div>\n\t\t\t\t<\/div>\n\t\t\t\t<\/div>\n\t\t","protected":false},"excerpt":{"rendered":"<p>POL\u00cdTICA DE COOKIES 1. Qu\u00e9 es una cookie La cookie (o galleta inform\u00e1tica) es cualquier tipo de archivo o dispositivo que se descarga en el equipo terminal de un usuario con la finalidad de almacenar datos que podr\u00e1n ser actualizados y recuperados por la entidad responsable de su instalaci\u00f3n. Sus principales funciones son llevar el [&hellip;]<\/p>\n","protected":false},"author":1,"featured_media":0,"parent":0,"menu_order":0,"comment_status":"closed","ping_status":"closed","template":"","meta":{"_sitemap_exclude":false,"_sitemap_priority":"","_sitemap_frequency":"","footnotes":""},"yoast_head":"<!-- This site is optimized with the Yoast SEO plugin v24.5 - https:\/\/yoast.com\/wordpress\/plugins\/seo\/ -->\n<title>Pol\u00edtica de cookies | Gashor<\/title>\n<meta name=\"robots\" content=\"index, follow, max-snippet:-1, max-image-preview:large, max-video-preview:-1\" \/>\n<link rel=\"canonical\" href=\"https:\/\/gashor.com\/es\/politica-de-cookies\/\" \/>\n<meta property=\"og:locale\" content=\"es_ES\" \/>\n<meta property=\"og:type\" content=\"article\" \/>\n<meta property=\"og:title\" content=\"Pol\u00edtica de cookies | Gashor\" \/>\n<meta property=\"og:description\" content=\"POL\u00cdTICA DE COOKIES 1. Qu\u00e9 es una cookie La cookie (o galleta inform\u00e1tica) es cualquier tipo de archivo o dispositivo que se descarga en el equipo terminal de un usuario con la finalidad de almacenar datos que podr\u00e1n ser actualizados y recuperados por la entidad responsable de su instalaci\u00f3n. Sus principales funciones son llevar el [&hellip;]\" \/>\n<meta property=\"og:url\" content=\"https:\/\/gashor.com\/es\/politica-de-cookies\/\" \/>\n<meta property=\"og:site_name\" content=\"Gashor\" \/>\n<meta property=\"article:modified_time\" content=\"2025-02-25T11:57:43+00:00\" \/>\n<meta name=\"twitter:card\" content=\"summary_large_image\" \/>\n<meta name=\"twitter:label1\" content=\"Tiempo de lectura\" \/>\n\t<meta name=\"twitter:data1\" content=\"6 minutos\" \/>\n<script type=\"application\/ld+json\" class=\"yoast-schema-graph\">{\"@context\":\"https:\/\/schema.org\",\"@graph\":[{\"@type\":\"WebPage\",\"@id\":\"https:\/\/gashor.com\/es\/politica-de-cookies\/\",\"url\":\"https:\/\/gashor.com\/es\/politica-de-cookies\/\",\"name\":\"Pol\u00edtica de cookies | Gashor\",\"isPartOf\":{\"@id\":\"https:\/\/gashor.com\/es\/#website\"},\"datePublished\":\"2024-03-04T11:14:18+00:00\",\"dateModified\":\"2025-02-25T11:57:43+00:00\",\"breadcrumb\":{\"@id\":\"https:\/\/gashor.com\/es\/politica-de-cookies\/#breadcrumb\"},\"inLanguage\":\"es\",\"potentialAction\":[{\"@type\":\"ReadAction\",\"target\":[\"https:\/\/gashor.com\/es\/politica-de-cookies\/\"]}]},{\"@type\":\"BreadcrumbList\",\"@id\":\"https:\/\/gashor.com\/es\/politica-de-cookies\/#breadcrumb\",\"itemListElement\":[{\"@type\":\"ListItem\",\"position\":1,\"name\":\"Inicio\",\"item\":\"https:\/\/gashor.com\/es\/\"},{\"@type\":\"ListItem\",\"position\":2,\"name\":\"Pol\u00edtica de cookies\"}]},{\"@type\":\"WebSite\",\"@id\":\"https:\/\/gashor.com\/es\/#website\",\"url\":\"https:\/\/gashor.com\/es\/\",\"name\":\"Gashor\",\"description\":\"The Formula\",\"potentialAction\":[{\"@type\":\"SearchAction\",\"target\":{\"@type\":\"EntryPoint\",\"urlTemplate\":\"https:\/\/gashor.com\/es\/?s={search_term_string}\"},\"query-input\":{\"@type\":\"PropertyValueSpecification\",\"valueRequired\":true,\"valueName\":\"search_term_string\"}}],\"inLanguage\":\"es\"}]}<\/script>\n<!-- \/ Yoast SEO plugin. -->","yoast_head_json":{"title":"Pol\u00edtica de cookies | Gashor","robots":{"index":"index","follow":"follow","max-snippet":"max-snippet:-1","max-image-preview":"max-image-preview:large","max-video-preview":"max-video-preview:-1"},"canonical":"https:\/\/gashor.com\/es\/politica-de-cookies\/","og_locale":"es_ES","og_type":"article","og_title":"Pol\u00edtica de cookies | Gashor","og_description":"POL\u00cdTICA DE COOKIES 1. Qu\u00e9 es una cookie La cookie (o galleta inform\u00e1tica) es cualquier tipo de archivo o dispositivo que se descarga en el equipo terminal de un usuario con la finalidad de almacenar datos que podr\u00e1n ser actualizados y recuperados por la entidad responsable de su instalaci\u00f3n. Sus principales funciones son llevar el [&hellip;]","og_url":"https:\/\/gashor.com\/es\/politica-de-cookies\/","og_site_name":"Gashor","article_modified_time":"2025-02-25T11:57:43+00:00","twitter_card":"summary_large_image","twitter_misc":{"Tiempo de lectura":"6 minutos"},"schema":{"@context":"https:\/\/schema.org","@graph":[{"@type":"WebPage","@id":"https:\/\/gashor.com\/es\/politica-de-cookies\/","url":"https:\/\/gashor.com\/es\/politica-de-cookies\/","name":"Pol\u00edtica de cookies | Gashor","isPartOf":{"@id":"https:\/\/gashor.com\/es\/#website"},"datePublished":"2024-03-04T11:14:18+00:00","dateModified":"2025-02-25T11:57:43+00:00","breadcrumb":{"@id":"https:\/\/gashor.com\/es\/politica-de-cookies\/#breadcrumb"},"inLanguage":"es","potentialAction":[{"@type":"ReadAction","target":["https:\/\/gashor.com\/es\/politica-de-cookies\/"]}]},{"@type":"BreadcrumbList","@id":"https:\/\/gashor.com\/es\/politica-de-cookies\/#breadcrumb","itemListElement":[{"@type":"ListItem","position":1,"name":"Inicio","item":"https:\/\/gashor.com\/es\/"},{"@type":"ListItem","position":2,"name":"Pol\u00edtica de cookies"}]},{"@type":"WebSite","@id":"https:\/\/gashor.com\/es\/#website","url":"https:\/\/gashor.com\/es\/","name":"Gashor","description":"The Formula","potentialAction":[{"@type":"SearchAction","target":{"@type":"EntryPoint","urlTemplate":"https:\/\/gashor.com\/es\/?s={search_term_string}"},"query-input":{"@type":"PropertyValueSpecification","valueRequired":true,"valueName":"search_term_string"}}],"inLanguage":"es"}]}},"_links":{"self":[{"href":"https:\/\/gashor.com\/es\/wp-json\/wp\/v2\/pages\/875"}],"collection":[{"href":"https:\/\/gashor.com\/es\/wp-json\/wp\/v2\/pages"}],"about":[{"href":"https:\/\/gashor.com\/es\/wp-json\/wp\/v2\/types\/page"}],"author":[{"embeddable":true,"href":"https:\/\/gashor.com\/es\/wp-json\/wp\/v2\/users\/1"}],"replies":[{"embeddable":true,"href":"https:\/\/gashor.com\/es\/wp-json\/wp\/v2\/comments?post=875"}],"version-history":[{"count":13,"href":"https:\/\/gashor.com\/es\/wp-json\/wp\/v2\/pages\/875\/revisions"}],"predecessor-version":[{"id":78894,"href":"https:\/\/gashor.com\/es\/wp-json\/wp\/v2\/pages\/875\/revisions\/78894"}],"wp:attachment":[{"href":"https:\/\/gashor.com\/es\/wp-json\/wp\/v2\/media?parent=875"}],"curies":[{"name":"wp","href":"https:\/\/api.w.org\/{rel}","templated":true}]}}