{"id":78611,"date":"2023-10-31T13:44:05","date_gmt":"2023-10-31T12:44:05","guid":{"rendered":"https:\/\/gashor.com\/nos-domaines-dactivite\/"},"modified":"2025-02-18T10:02:49","modified_gmt":"2025-02-18T09:02:49","slug":"nos-domaines-dactivite","status":"publish","type":"page","link":"https:\/\/gashor.com\/fr\/nos-domaines-dactivite\/","title":{"rendered":"Nos domaines d&rsquo;activit\u00e9"},"content":{"rendered":"\t\t<div data-elementor-type=\"wp-page\" data-elementor-id=\"78611\" class=\"elementor elementor-78611 elementor-364\" data-elementor-post-type=\"page\">\n\t\t\t\t<div class=\"elementor-element elementor-element-c94de3d e-flex e-con-boxed e-con e-parent\" data-id=\"c94de3d\" data-element_type=\"container\" data-settings=\"{&quot;background_background&quot;:&quot;classic&quot;}\">\n\t\t\t\t\t<div class=\"e-con-inner\">\n\t\t\t\t<div class=\"elementor-element elementor-element-0b2475f elementor-widget elementor-widget-heading\" data-id=\"0b2475f\" data-element_type=\"widget\" data-widget_type=\"heading.default\">\n\t\t\t\t<div class=\"elementor-widget-container\">\n\t\t\t<h1 class=\"elementor-heading-title elementor-size-default\">DOMAINES D'ACTIVIT\u00c9<\/h1>\t\t<\/div>\n\t\t\t\t<\/div>\n\t\t\t\t\t<\/div>\n\t\t\t\t<\/div>\n\t\t<div class=\"elementor-element elementor-element-d491dec e-flex e-con-boxed e-con e-parent\" data-id=\"d491dec\" data-element_type=\"container\">\n\t\t\t\t\t<div class=\"e-con-inner\">\n\t\t\t\t<div class=\"elementor-element elementor-element-9787398 elementor-widget elementor-widget-breadcrumbs\" data-id=\"9787398\" data-element_type=\"widget\" data-widget_type=\"breadcrumbs.default\">\n\t\t\t\t<div class=\"elementor-widget-container\">\n\t\t\t<p id=\"breadcrumbs\"><span><span><a href=\"https:\/\/gashor.com\/fr\/\">Inicio<\/a><\/span><\/span><\/p>\t\t<\/div>\n\t\t\t\t<\/div>\n\t\t\t\t\t<\/div>\n\t\t\t\t<\/div>\n\t\t<div class=\"elementor-element elementor-element-f7eb919 e-flex e-con-boxed e-con e-parent\" data-id=\"f7eb919\" data-element_type=\"container\">\n\t\t\t\t\t<div class=\"e-con-inner\">\n\t\t\t\t<div class=\"elementor-element elementor-element-c0ce843 elementor-widget__width-initial elementor-widget elementor-widget-text-editor\" data-id=\"c0ce843\" data-element_type=\"widget\" data-widget_type=\"text-editor.default\">\n\t\t\t\t<div class=\"elementor-widget-container\">\n\t\t\t\t\t\t\t<div class=\"page\" title=\"Page 1\">\n<div class=\"section\">\n<div class=\"layoutArea\">\n<div class=\"column\">\n<p>Notre marque couvre quatre domaines d\u2019activit\u00e9 pour offrir un service complet et \u00eatre pr\u00e9sente \u00e0 chaque \u00e9tape du processus : de l\u2019\u00e9tude du projet au service de maintenance, une fois l\u2019installation termin\u00e9e.<\/p>\n<\/div>\n<\/div>\n<\/div>\n<\/div>\n\t\t\t\t\t\t<\/div>\n\t\t\t\t<\/div>\n\t\t\t\t\t<\/div>\n\t\t\t\t<\/div>\n\t\t<div class=\"elementor-element elementor-element-387eb10 e-con-full e-flex e-con e-parent\" data-id=\"387eb10\" data-element_type=\"container\">\n\t\t<div class=\"elementor-element elementor-element-c894843 e-con-full e-flex e-con e-child\" data-id=\"c894843\" data-element_type=\"container\">\n\t\t<div class=\"elementor-element elementor-element-07fbf70 my-bg-overlay e-flex e-con-boxed e-con e-child\" data-id=\"07fbf70\" data-element_type=\"container\" data-settings=\"{&quot;background_background&quot;:&quot;classic&quot;}\">\n\t\t\t\t\t<div class=\"e-con-inner\">\n\t\t<div class=\"elementor-element elementor-element-aa9f967 my-hidden-headline e-flex e-con-boxed e-con e-child\" data-id=\"aa9f967\" data-element_type=\"container\" data-settings=\"{&quot;background_background&quot;:&quot;classic&quot;}\">\n\t\t\t\t\t<div class=\"e-con-inner\">\n\t\t\t\t<div class=\"elementor-element elementor-element-d1f5b02 elementor-widget elementor-widget-heading\" data-id=\"d1f5b02\" data-element_type=\"widget\" data-widget_type=\"heading.default\">\n\t\t\t\t<div class=\"elementor-widget-container\">\n\t\t\t<h2 class=\"elementor-heading-title elementor-size-default\"><a href=\"https:\/\/gashor.com\/es\/nuestras-areas-de-negocio\/gashor-consulting\/\">Gashor consulting<\/a><\/h2>\t\t<\/div>\n\t\t\t\t<\/div>\n\t\t\t\t<div class=\"elementor-element elementor-element-0cb3a74 elementor-widget__width-initial elementor-widget elementor-widget-text-editor\" data-id=\"0cb3a74\" data-element_type=\"widget\" data-widget_type=\"text-editor.default\">\n\t\t\t\t<div class=\"elementor-widget-container\">\n\t\t\t\t\t\t\t<div class=\"page\" title=\"Page 2\">\n<div class=\"section\">\n<div class=\"layoutArea\">\n<div class=\"column\">\n<p>Notre exp\u00e9rience nous permet d&rsquo;\u00e9valuer les demandes de nos clients en fonction de leurs besoins et de les guider vers la meilleure solution.<\/p>\n<\/div>\n<\/div>\n<\/div>\n<\/div>\n\t\t\t\t\t\t<\/div>\n\t\t\t\t<\/div>\n\t\t\t\t<div class=\"elementor-element elementor-element-88a57c1 elementor-align-center elementor-mobile-align-center elementor-widget elementor-widget-button\" data-id=\"88a57c1\" data-element_type=\"widget\" data-widget_type=\"button.default\">\n\t\t\t\t<div class=\"elementor-widget-container\">\n\t\t\t\t\t<div class=\"elementor-button-wrapper\">\n\t\t\t<a class=\"elementor-button elementor-button-link elementor-size-sm\" href=\"https:\/\/gashor.com\/fr\/nos-domaines-dactivite\/gashor-consulting\/\">\n\t\t\t\t\t\t<span class=\"elementor-button-content-wrapper\">\n\t\t\t\t\t\t<span class=\"elementor-button-icon elementor-align-icon-right\">\n\t\t\t\t<svg aria-hidden=\"true\" class=\"e-font-icon-svg e-fas-long-arrow-alt-right\" viewBox=\"0 0 448 512\" xmlns=\"http:\/\/www.w3.org\/2000\/svg\"><path d=\"M313.941 216H12c-6.627 0-12 5.373-12 12v56c0 6.627 5.373 12 12 12h301.941v46.059c0 21.382 25.851 32.09 40.971 16.971l86.059-86.059c9.373-9.373 9.373-24.569 0-33.941l-86.059-86.059c-15.119-15.119-40.971-4.411-40.971 16.971V216z\"><\/path><\/svg>\t\t\t<\/span>\n\t\t\t\t\t\t\t\t\t<span class=\"elementor-button-text\">Encore plus<\/span>\n\t\t\t\t\t<\/span>\n\t\t\t\t\t<\/a>\n\t\t<\/div>\n\t\t\t\t<\/div>\n\t\t\t\t<\/div>\n\t\t\t\t\t<\/div>\n\t\t\t\t<\/div>\n\t\t\t\t\t<\/div>\n\t\t\t\t<\/div>\n\t\t<div class=\"elementor-element elementor-element-e835f00 my-bg-overlay e-flex e-con-boxed e-con e-child\" data-id=\"e835f00\" data-element_type=\"container\" data-settings=\"{&quot;background_background&quot;:&quot;classic&quot;}\">\n\t\t\t\t\t<div class=\"e-con-inner\">\n\t\t<div class=\"elementor-element elementor-element-21782c1 my-hidden-headline e-flex e-con-boxed e-con e-child\" data-id=\"21782c1\" data-element_type=\"container\" data-settings=\"{&quot;background_background&quot;:&quot;classic&quot;}\">\n\t\t\t\t\t<div class=\"e-con-inner\">\n\t\t\t\t<div class=\"elementor-element elementor-element-36d2cdf elementor-widget elementor-widget-heading\" data-id=\"36d2cdf\" data-element_type=\"widget\" data-widget_type=\"heading.default\">\n\t\t\t\t<div class=\"elementor-widget-container\">\n\t\t\t<h2 class=\"elementor-heading-title elementor-size-default\"><a href=\"https:\/\/gashor.com\/es\/nuestras-areas-de-negocio\/gashor-industry\/\">Gashor industry<\/a><\/h2>\t\t<\/div>\n\t\t\t\t<\/div>\n\t\t\t\t<div class=\"elementor-element elementor-element-b081cb4 elementor-widget__width-initial elementor-widget elementor-widget-text-editor\" data-id=\"b081cb4\" data-element_type=\"widget\" data-widget_type=\"text-editor.default\">\n\t\t\t\t<div class=\"elementor-widget-container\">\n\t\t\t\t\t\t\t<div class=\"page\" title=\"Page 3\">\n<div class=\"section\">\n<div class=\"layoutArea\">\n<div class=\"column\">\n<p>Nous sommes concepteurs, fabricants et installateurs, ce qui nous donne un plus grand contr\u00f4le sur nos solutions.<\/p>\n<\/div>\n<\/div>\n<\/div>\n<\/div>\n\t\t\t\t\t\t<\/div>\n\t\t\t\t<\/div>\n\t\t\t\t<div class=\"elementor-element elementor-element-6a87c5d elementor-align-center elementor-mobile-align-center elementor-widget elementor-widget-button\" data-id=\"6a87c5d\" data-element_type=\"widget\" data-widget_type=\"button.default\">\n\t\t\t\t<div class=\"elementor-widget-container\">\n\t\t\t\t\t<div class=\"elementor-button-wrapper\">\n\t\t\t<a class=\"elementor-button elementor-button-link elementor-size-sm\" href=\"https:\/\/gashor.com\/fr\/nos-domaines-dactivite\/gashor-industry\/\">\n\t\t\t\t\t\t<span class=\"elementor-button-content-wrapper\">\n\t\t\t\t\t\t<span class=\"elementor-button-icon elementor-align-icon-right\">\n\t\t\t\t<svg aria-hidden=\"true\" class=\"e-font-icon-svg e-fas-long-arrow-alt-right\" viewBox=\"0 0 448 512\" xmlns=\"http:\/\/www.w3.org\/2000\/svg\"><path d=\"M313.941 216H12c-6.627 0-12 5.373-12 12v56c0 6.627 5.373 12 12 12h301.941v46.059c0 21.382 25.851 32.09 40.971 16.971l86.059-86.059c9.373-9.373 9.373-24.569 0-33.941l-86.059-86.059c-15.119-15.119-40.971-4.411-40.971 16.971V216z\"><\/path><\/svg>\t\t\t<\/span>\n\t\t\t\t\t\t\t\t\t<span class=\"elementor-button-text\">Encore plus<\/span>\n\t\t\t\t\t<\/span>\n\t\t\t\t\t<\/a>\n\t\t<\/div>\n\t\t\t\t<\/div>\n\t\t\t\t<\/div>\n\t\t\t\t\t<\/div>\n\t\t\t\t<\/div>\n\t\t\t\t\t<\/div>\n\t\t\t\t<\/div>\n\t\t\t\t<\/div>\n\t\t<div class=\"elementor-element elementor-element-d49d30d e-con-full e-flex e-con e-child\" data-id=\"d49d30d\" data-element_type=\"container\">\n\t\t<div class=\"elementor-element elementor-element-8ed22a4 my-bg-overlay e-flex e-con-boxed e-con e-child\" data-id=\"8ed22a4\" data-element_type=\"container\" data-settings=\"{&quot;background_background&quot;:&quot;classic&quot;}\">\n\t\t\t\t\t<div class=\"e-con-inner\">\n\t\t<div class=\"elementor-element elementor-element-0b5d5aa my-hidden-headline e-flex e-con-boxed e-con e-child\" data-id=\"0b5d5aa\" data-element_type=\"container\" data-settings=\"{&quot;background_background&quot;:&quot;classic&quot;}\">\n\t\t\t\t\t<div class=\"e-con-inner\">\n\t\t\t\t<div class=\"elementor-element elementor-element-a760b64 elementor-widget elementor-widget-heading\" data-id=\"a760b64\" data-element_type=\"widget\" data-widget_type=\"heading.default\">\n\t\t\t\t<div class=\"elementor-widget-container\">\n\t\t\t<h2 class=\"elementor-heading-title elementor-size-default\"><a href=\"https:\/\/gashor.com\/es\/nuestras-areas-de-negocio\/gashor-innovation\/\">Gashor Innovation<\/a><\/h2>\t\t<\/div>\n\t\t\t\t<\/div>\n\t\t\t\t<div class=\"elementor-element elementor-element-176fb17 elementor-widget__width-initial elementor-widget elementor-widget-text-editor\" data-id=\"176fb17\" data-element_type=\"widget\" data-widget_type=\"text-editor.default\">\n\t\t\t\t<div class=\"elementor-widget-container\">\n\t\t\t\t\t\t\t<div class=\"page\" title=\"Page 4\">\n<div class=\"section\">\n<div class=\"layoutArea\">\n<div class=\"column\">\n<p>Dans notre recherche constante de l\u2019excellence, de nombreux travaux de R&amp;D&amp;I sont r\u00e9alis\u00e9s pour parvenir \u00e0 la formule parfaite.<\/p>\n<\/div>\n<\/div>\n<\/div>\n<\/div>\n\t\t\t\t\t\t<\/div>\n\t\t\t\t<\/div>\n\t\t\t\t<div class=\"elementor-element elementor-element-fd726a9 elementor-align-center elementor-mobile-align-center elementor-widget elementor-widget-button\" data-id=\"fd726a9\" data-element_type=\"widget\" data-widget_type=\"button.default\">\n\t\t\t\t<div class=\"elementor-widget-container\">\n\t\t\t\t\t<div class=\"elementor-button-wrapper\">\n\t\t\t<a class=\"elementor-button elementor-button-link elementor-size-sm\" href=\"https:\/\/gashor.com\/fr\/nos-domaines-dactivite\/gashor-innovation\/\">\n\t\t\t\t\t\t<span class=\"elementor-button-content-wrapper\">\n\t\t\t\t\t\t<span class=\"elementor-button-icon elementor-align-icon-right\">\n\t\t\t\t<svg aria-hidden=\"true\" class=\"e-font-icon-svg e-fas-long-arrow-alt-right\" viewBox=\"0 0 448 512\" xmlns=\"http:\/\/www.w3.org\/2000\/svg\"><path d=\"M313.941 216H12c-6.627 0-12 5.373-12 12v56c0 6.627 5.373 12 12 12h301.941v46.059c0 21.382 25.851 32.09 40.971 16.971l86.059-86.059c9.373-9.373 9.373-24.569 0-33.941l-86.059-86.059c-15.119-15.119-40.971-4.411-40.971 16.971V216z\"><\/path><\/svg>\t\t\t<\/span>\n\t\t\t\t\t\t\t\t\t<span class=\"elementor-button-text\">Encore plus<\/span>\n\t\t\t\t\t<\/span>\n\t\t\t\t\t<\/a>\n\t\t<\/div>\n\t\t\t\t<\/div>\n\t\t\t\t<\/div>\n\t\t\t\t\t<\/div>\n\t\t\t\t<\/div>\n\t\t\t\t\t<\/div>\n\t\t\t\t<\/div>\n\t\t<div class=\"elementor-element elementor-element-913e2af my-bg-overlay e-flex e-con-boxed e-con e-child\" data-id=\"913e2af\" data-element_type=\"container\" data-settings=\"{&quot;background_background&quot;:&quot;classic&quot;}\">\n\t\t\t\t\t<div class=\"e-con-inner\">\n\t\t<div class=\"elementor-element elementor-element-ed44d90 my-hidden-headline e-flex e-con-boxed e-con e-child\" data-id=\"ed44d90\" data-element_type=\"container\" data-settings=\"{&quot;background_background&quot;:&quot;classic&quot;}\">\n\t\t\t\t\t<div class=\"e-con-inner\">\n\t\t\t\t<div class=\"elementor-element elementor-element-fafd010 elementor-widget elementor-widget-heading\" data-id=\"fafd010\" data-element_type=\"widget\" data-widget_type=\"heading.default\">\n\t\t\t\t<div class=\"elementor-widget-container\">\n\t\t\t<h2 class=\"elementor-heading-title elementor-size-default\"><a href=\"https:\/\/gashor.com\/es\/nuestras-areas-de-negocio\/gashor-services\/\">Gashor Services<\/a><\/h2>\t\t<\/div>\n\t\t\t\t<\/div>\n\t\t\t\t<div class=\"elementor-element elementor-element-91186b0 elementor-widget__width-initial elementor-widget elementor-widget-text-editor\" data-id=\"91186b0\" data-element_type=\"widget\" data-widget_type=\"text-editor.default\">\n\t\t\t\t<div class=\"elementor-widget-container\">\n\t\t\t\t\t\t\t<div class=\"page\" title=\"Page 5\">\n<div class=\"section\">\n<div class=\"layoutArea\">\n<div class=\"column\">\n<p>Gr\u00e2ce \u00e0 l\u2019automatisation des processus, nous obtenons une production plus efficace.<\/p>\n<\/div>\n<\/div>\n<\/div>\n<\/div>\n\t\t\t\t\t\t<\/div>\n\t\t\t\t<\/div>\n\t\t\t\t<div class=\"elementor-element elementor-element-eb72530 elementor-align-center elementor-mobile-align-center elementor-widget elementor-widget-button\" data-id=\"eb72530\" data-element_type=\"widget\" data-widget_type=\"button.default\">\n\t\t\t\t<div class=\"elementor-widget-container\">\n\t\t\t\t\t<div class=\"elementor-button-wrapper\">\n\t\t\t<a class=\"elementor-button elementor-button-link elementor-size-sm\" href=\"https:\/\/gashor.com\/fr\/nos-domaines-dactivite\/gashor-services\/\">\n\t\t\t\t\t\t<span class=\"elementor-button-content-wrapper\">\n\t\t\t\t\t\t<span class=\"elementor-button-icon elementor-align-icon-right\">\n\t\t\t\t<svg aria-hidden=\"true\" class=\"e-font-icon-svg e-fas-long-arrow-alt-right\" viewBox=\"0 0 448 512\" xmlns=\"http:\/\/www.w3.org\/2000\/svg\"><path d=\"M313.941 216H12c-6.627 0-12 5.373-12 12v56c0 6.627 5.373 12 12 12h301.941v46.059c0 21.382 25.851 32.09 40.971 16.971l86.059-86.059c9.373-9.373 9.373-24.569 0-33.941l-86.059-86.059c-15.119-15.119-40.971-4.411-40.971 16.971V216z\"><\/path><\/svg>\t\t\t<\/span>\n\t\t\t\t\t\t\t\t\t<span class=\"elementor-button-text\">Encore plus<\/span>\n\t\t\t\t\t<\/span>\n\t\t\t\t\t<\/a>\n\t\t<\/div>\n\t\t\t\t<\/div>\n\t\t\t\t<\/div>\n\t\t\t\t\t<\/div>\n\t\t\t\t<\/div>\n\t\t\t\t\t<\/div>\n\t\t\t\t<\/div>\n\t\t\t\t<\/div>\n\t\t\t\t<\/div>\n\t\t\t\t<\/div>\n\t\t","protected":false},"excerpt":{"rendered":"<p>DOMAINES D&rsquo;ACTIVIT\u00c9 Notre marque couvre quatre domaines d\u2019activit\u00e9 pour offrir un service complet et \u00eatre pr\u00e9sente \u00e0 chaque \u00e9tape du processus : de l\u2019\u00e9tude du projet au service de maintenance, une fois l\u2019installation termin\u00e9e. Gashor consulting Notre exp\u00e9rience nous permet d&rsquo;\u00e9valuer les demandes de nos clients en fonction de leurs besoins et de les guider [&hellip;]<\/p>\n","protected":false},"author":1,"featured_media":0,"parent":0,"menu_order":0,"comment_status":"closed","ping_status":"closed","template":"","meta":{"_sitemap_exclude":false,"_sitemap_priority":"","_sitemap_frequency":"","footnotes":""},"yoast_head":"<!-- This site is optimized with the Yoast SEO plugin v24.5 - https:\/\/yoast.com\/wordpress\/plugins\/seo\/ -->\n<title>Domaines d&#039;activit\u00e9 | Gasho | Gestion des ingr\u00e9dients industriels<\/title>\n<meta name=\"description\" content=\"Quatre domaines sp\u00e9cialis\u00e9s pour offrir un service complet aux entreprises industrielles. D\u00e9couvrez: Gashor Consulting, Gashor Industrie, Gashor Innovation et Gashor Services.\" \/>\n<meta name=\"robots\" content=\"index, follow, max-snippet:-1, max-image-preview:large, max-video-preview:-1\" \/>\n<link rel=\"canonical\" href=\"https:\/\/gashor.com\/fr\/nos-domaines-dactivite\/\" \/>\n<meta property=\"og:locale\" content=\"fr_FR\" \/>\n<meta property=\"og:type\" content=\"article\" \/>\n<meta property=\"og:title\" content=\"Domaines d&#039;activit\u00e9 | Gasho | Gestion des ingr\u00e9dients industriels\" \/>\n<meta property=\"og:description\" content=\"Quatre domaines sp\u00e9cialis\u00e9s pour offrir un service complet aux entreprises industrielles. D\u00e9couvrez: Gashor Consulting, Gashor Industrie, Gashor Innovation et Gashor Services.\" \/>\n<meta property=\"og:url\" content=\"https:\/\/gashor.com\/fr\/nos-domaines-dactivite\/\" \/>\n<meta property=\"og:site_name\" content=\"Gashor\" \/>\n<meta property=\"article:modified_time\" content=\"2025-02-18T09:02:49+00:00\" \/>\n<meta name=\"twitter:card\" content=\"summary_large_image\" \/>\n<meta name=\"twitter:label1\" content=\"Dur\u00e9e de lecture estim\u00e9e\" \/>\n\t<meta name=\"twitter:data1\" content=\"1 minute\" \/>\n<script type=\"application\/ld+json\" class=\"yoast-schema-graph\">{\"@context\":\"https:\/\/schema.org\",\"@graph\":[{\"@type\":\"WebPage\",\"@id\":\"https:\/\/gashor.com\/fr\/nos-domaines-dactivite\/\",\"url\":\"https:\/\/gashor.com\/fr\/nos-domaines-dactivite\/\",\"name\":\"Domaines d'activit\u00e9 | Gasho | Gestion des ingr\u00e9dients industriels\",\"isPartOf\":{\"@id\":\"https:\/\/gashor.com\/fr\/#website\"},\"datePublished\":\"2023-10-31T12:44:05+00:00\",\"dateModified\":\"2025-02-18T09:02:49+00:00\",\"description\":\"Quatre domaines sp\u00e9cialis\u00e9s pour offrir un service complet aux entreprises industrielles. D\u00e9couvrez: Gashor Consulting, Gashor Industrie, Gashor Innovation et Gashor Services.\",\"breadcrumb\":{\"@id\":\"https:\/\/gashor.com\/fr\/nos-domaines-dactivite\/#breadcrumb\"},\"inLanguage\":\"fr-FR\",\"potentialAction\":[{\"@type\":\"ReadAction\",\"target\":[\"https:\/\/gashor.com\/fr\/nos-domaines-dactivite\/\"]}]},{\"@type\":\"BreadcrumbList\",\"@id\":\"https:\/\/gashor.com\/fr\/nos-domaines-dactivite\/#breadcrumb\",\"itemListElement\":[{\"@type\":\"ListItem\",\"position\":1,\"name\":\"Inicio\",\"item\":\"https:\/\/gashor.com\/fr\/\"},{\"@type\":\"ListItem\",\"position\":2,\"name\":\"Nos domaines d&#8217;activit\u00e9\"}]},{\"@type\":\"WebSite\",\"@id\":\"https:\/\/gashor.com\/fr\/#website\",\"url\":\"https:\/\/gashor.com\/fr\/\",\"name\":\"Gashor\",\"description\":\"The Formula\",\"potentialAction\":[{\"@type\":\"SearchAction\",\"target\":{\"@type\":\"EntryPoint\",\"urlTemplate\":\"https:\/\/gashor.com\/fr\/?s={search_term_string}\"},\"query-input\":{\"@type\":\"PropertyValueSpecification\",\"valueRequired\":true,\"valueName\":\"search_term_string\"}}],\"inLanguage\":\"fr-FR\"}]}<\/script>\n<!-- \/ Yoast SEO plugin. -->","yoast_head_json":{"title":"Domaines d'activit\u00e9 | Gasho | Gestion des ingr\u00e9dients industriels","description":"Quatre domaines sp\u00e9cialis\u00e9s pour offrir un service complet aux entreprises industrielles. D\u00e9couvrez: Gashor Consulting, Gashor Industrie, Gashor Innovation et Gashor Services.","robots":{"index":"index","follow":"follow","max-snippet":"max-snippet:-1","max-image-preview":"max-image-preview:large","max-video-preview":"max-video-preview:-1"},"canonical":"https:\/\/gashor.com\/fr\/nos-domaines-dactivite\/","og_locale":"fr_FR","og_type":"article","og_title":"Domaines d'activit\u00e9 | Gasho | Gestion des ingr\u00e9dients industriels","og_description":"Quatre domaines sp\u00e9cialis\u00e9s pour offrir un service complet aux entreprises industrielles. D\u00e9couvrez: Gashor Consulting, Gashor Industrie, Gashor Innovation et Gashor Services.","og_url":"https:\/\/gashor.com\/fr\/nos-domaines-dactivite\/","og_site_name":"Gashor","article_modified_time":"2025-02-18T09:02:49+00:00","twitter_card":"summary_large_image","twitter_misc":{"Dur\u00e9e de lecture estim\u00e9e":"1 minute"},"schema":{"@context":"https:\/\/schema.org","@graph":[{"@type":"WebPage","@id":"https:\/\/gashor.com\/fr\/nos-domaines-dactivite\/","url":"https:\/\/gashor.com\/fr\/nos-domaines-dactivite\/","name":"Domaines d'activit\u00e9 | Gasho | Gestion des ingr\u00e9dients industriels","isPartOf":{"@id":"https:\/\/gashor.com\/fr\/#website"},"datePublished":"2023-10-31T12:44:05+00:00","dateModified":"2025-02-18T09:02:49+00:00","description":"Quatre domaines sp\u00e9cialis\u00e9s pour offrir un service complet aux entreprises industrielles. D\u00e9couvrez: Gashor Consulting, Gashor Industrie, Gashor Innovation et Gashor Services.","breadcrumb":{"@id":"https:\/\/gashor.com\/fr\/nos-domaines-dactivite\/#breadcrumb"},"inLanguage":"fr-FR","potentialAction":[{"@type":"ReadAction","target":["https:\/\/gashor.com\/fr\/nos-domaines-dactivite\/"]}]},{"@type":"BreadcrumbList","@id":"https:\/\/gashor.com\/fr\/nos-domaines-dactivite\/#breadcrumb","itemListElement":[{"@type":"ListItem","position":1,"name":"Inicio","item":"https:\/\/gashor.com\/fr\/"},{"@type":"ListItem","position":2,"name":"Nos domaines d&#8217;activit\u00e9"}]},{"@type":"WebSite","@id":"https:\/\/gashor.com\/fr\/#website","url":"https:\/\/gashor.com\/fr\/","name":"Gashor","description":"The Formula","potentialAction":[{"@type":"SearchAction","target":{"@type":"EntryPoint","urlTemplate":"https:\/\/gashor.com\/fr\/?s={search_term_string}"},"query-input":{"@type":"PropertyValueSpecification","valueRequired":true,"valueName":"search_term_string"}}],"inLanguage":"fr-FR"}]}},"_links":{"self":[{"href":"https:\/\/gashor.com\/fr\/wp-json\/wp\/v2\/pages\/78611"}],"collection":[{"href":"https:\/\/gashor.com\/fr\/wp-json\/wp\/v2\/pages"}],"about":[{"href":"https:\/\/gashor.com\/fr\/wp-json\/wp\/v2\/types\/page"}],"author":[{"embeddable":true,"href":"https:\/\/gashor.com\/fr\/wp-json\/wp\/v2\/users\/1"}],"replies":[{"embeddable":true,"href":"https:\/\/gashor.com\/fr\/wp-json\/wp\/v2\/comments?post=78611"}],"version-history":[{"count":1,"href":"https:\/\/gashor.com\/fr\/wp-json\/wp\/v2\/pages\/78611\/revisions"}],"predecessor-version":[{"id":78612,"href":"https:\/\/gashor.com\/fr\/wp-json\/wp\/v2\/pages\/78611\/revisions\/78612"}],"wp:attachment":[{"href":"https:\/\/gashor.com\/fr\/wp-json\/wp\/v2\/media?parent=78611"}],"curies":[{"name":"wp","href":"https:\/\/api.w.org\/{rel}","templated":true}]}}