{"id":78619,"date":"2024-03-01T10:02:36","date_gmt":"2024-03-01T09:02:36","guid":{"rendered":"https:\/\/gashor.com\/nos-domaines-dactivite\/gashor-services\/"},"modified":"2025-02-18T10:16:56","modified_gmt":"2025-02-18T09:16:56","slug":"gashor-services","status":"publish","type":"page","link":"https:\/\/gashor.com\/fr\/nos-domaines-dactivite\/gashor-services\/","title":{"rendered":"Gashor Services"},"content":{"rendered":"\t\t<div data-elementor-type=\"wp-page\" data-elementor-id=\"78619\" class=\"elementor elementor-78619 elementor-774\" data-elementor-post-type=\"page\">\n\t\t\t\t<div class=\"elementor-element elementor-element-63a8fc5 e-flex e-con-boxed e-con e-parent\" data-id=\"63a8fc5\" data-element_type=\"container\" data-settings=\"{&quot;background_background&quot;:&quot;classic&quot;}\">\n\t\t\t\t\t<div class=\"e-con-inner\">\n\t\t\t\t<div class=\"elementor-element elementor-element-e4c6e5a elementor-widget elementor-widget-heading\" data-id=\"e4c6e5a\" data-element_type=\"widget\" data-widget_type=\"heading.default\">\n\t\t\t\t<div class=\"elementor-widget-container\">\n\t\t\t<h1 class=\"elementor-heading-title elementor-size-default\">GASHOR SERVICES<\/h1>\t\t<\/div>\n\t\t\t\t<\/div>\n\t\t\t\t\t<\/div>\n\t\t\t\t<\/div>\n\t\t<div class=\"elementor-element elementor-element-c94de3d e-flex e-con-boxed e-con e-parent\" data-id=\"c94de3d\" data-element_type=\"container\">\n\t\t\t\t\t<div class=\"e-con-inner\">\n\t\t\t\t<div class=\"elementor-element elementor-element-f48123a elementor-widget elementor-widget-breadcrumbs\" data-id=\"f48123a\" data-element_type=\"widget\" data-widget_type=\"breadcrumbs.default\">\n\t\t\t\t<div class=\"elementor-widget-container\">\n\t\t\t<p id=\"breadcrumbs\"><span><span><a href=\"https:\/\/gashor.com\/fr\/\">Inicio<\/a><\/span><\/span><\/p>\t\t<\/div>\n\t\t\t\t<\/div>\n\t\t\t\t\t<\/div>\n\t\t\t\t<\/div>\n\t\t<div class=\"elementor-element elementor-element-a7eaaab e-flex e-con-boxed e-con e-parent\" data-id=\"a7eaaab\" data-element_type=\"container\">\n\t\t\t\t\t<div class=\"e-con-inner\">\n\t\t\t\t<div class=\"elementor-element elementor-element-47ac69e elementor-widget__width-initial elementor-widget elementor-widget-text-editor\" data-id=\"47ac69e\" data-element_type=\"widget\" data-widget_type=\"text-editor.default\">\n\t\t\t\t<div class=\"elementor-widget-container\">\n\t\t\t\t\t\t\t<div class=\"page\" title=\"Page 6\">\n<div class=\"section\">\n<div class=\"layoutArea\">\n<div class=\"column\">\n<div class=\"page\" title=\"Page 1\">\n<div class=\"section\">\n<div class=\"layoutArea\">\n<div class=\"column\">\n<p>Nos produits et solutions d&rsquo;ing\u00e9nierie exploitent toute la puissance de la num\u00e9risation pour fournir des services apr\u00e8s-vente efficaces et intelligents.<\/p>\n<\/div>\n<\/div>\n<\/div>\n<\/div>\n<\/div>\n<\/div>\n<\/div>\n<\/div>\n\t\t\t\t\t\t<\/div>\n\t\t\t\t<\/div>\n\t\t\t\t<div class=\"elementor-element elementor-element-21ede30 elementor-widget__width-initial elementor-widget elementor-widget-text-editor\" data-id=\"21ede30\" data-element_type=\"widget\" data-widget_type=\"text-editor.default\">\n\t\t\t\t<div class=\"elementor-widget-container\">\n\t\t\t\t\t\t\t<div class=\"page\" title=\"Page 6\">\n<div class=\"section\">\n<div class=\"layoutArea\">\n<div class=\"column\">\n<div class=\"page\" title=\"Page 6\">\n<div class=\"section\">\n<div class=\"layoutArea\">\n<div class=\"column\">\n<div class=\"page\" title=\"Page 1\">\n<div class=\"section\">\n<div class=\"layoutArea\">\n<div class=\"column\">\n<p>Chez Gashor, nous proposons des solutions efficaces d&rsquo;exploitation et de maintenance. Nous vous proposons diff\u00e9rentes formules de services adapt\u00e9es \u00e0 vos besoins, de la maintenance compl\u00e8te aux interventions ponctuelles, en passant par les r\u00e9parations, les pi\u00e8ces d\u00e9tach\u00e9es ou encore les formations sp\u00e9cifiques. <\/p>\n<\/div>\n<\/div>\n<\/div>\n<\/div>\n<\/div>\n<\/div>\n<\/div>\n<\/div>\n<\/div>\n<\/div>\n<\/div>\n<\/div>\n\t\t\t\t\t\t<\/div>\n\t\t\t\t<\/div>\n\t\t\t\t\t<\/div>\n\t\t\t\t<\/div>\n\t\t<div class=\"elementor-element elementor-element-8955a38 e-flex e-con-boxed e-con e-parent\" data-id=\"8955a38\" data-element_type=\"container\" data-settings=\"{&quot;background_background&quot;:&quot;classic&quot;}\">\n\t\t\t\t\t<div class=\"e-con-inner\">\n\t\t<div class=\"elementor-element elementor-element-e963fd1 e-flex e-con-boxed e-con e-child\" data-id=\"e963fd1\" data-element_type=\"container\" data-settings=\"{&quot;background_background&quot;:&quot;classic&quot;}\">\n\t\t\t\t\t<div class=\"e-con-inner\">\n\t\t<div class=\"elementor-element elementor-element-e4d6b30 e-con-full e-flex e-con e-child\" data-id=\"e4d6b30\" data-element_type=\"container\">\n\t\t\t\t<div class=\"elementor-element elementor-element-c7e3639 elementor-widget elementor-widget-heading\" data-id=\"c7e3639\" data-element_type=\"widget\" data-widget_type=\"heading.default\">\n\t\t\t\t<div class=\"elementor-widget-container\">\n\t\t\t<h2 class=\"elementor-heading-title elementor-size-default\">Service <br>d'entretien<\/h2>\t\t<\/div>\n\t\t\t\t<\/div>\n\t\t\t\t<div class=\"elementor-element elementor-element-21b9560 elementor-widget__width-initial elementor-widget elementor-widget-text-editor\" data-id=\"21b9560\" data-element_type=\"widget\" data-widget_type=\"text-editor.default\">\n\t\t\t\t<div class=\"elementor-widget-container\">\n\t\t\t\t\t\t\t<div class=\"page\" title=\"Page 6\">\n<div class=\"section\">\n<div class=\"layoutArea\">\n<div class=\"column\">\n<div class=\"page\" title=\"Page 1\">\n<div class=\"section\">\n<div class=\"layoutArea\">\n<div class=\"column\">\n<p>Nous offrons \u00e0 nos clients une large gamme d&rsquo;alternatives de <strong>maintenance et d&rsquo;assistance technique<\/strong>, afin de garantir une performance optimale des installations, en minimisant les temps d&rsquo;arr\u00eat et les besoins d&rsquo;intervention.<\/p>\n<\/div>\n<\/div>\n<\/div>\n<\/div>\n<\/div>\n<\/div>\n<\/div>\n<\/div>\n\t\t\t\t\t\t<\/div>\n\t\t\t\t<\/div>\n\t\t\t\t<div class=\"elementor-element elementor-element-4781304 elementor-widget__width-initial elementor-widget elementor-widget-text-editor\" data-id=\"4781304\" data-element_type=\"widget\" data-widget_type=\"text-editor.default\">\n\t\t\t\t<div class=\"elementor-widget-container\">\n\t\t\t\t\t\t\t<div class=\"page\" title=\"Page 6\">\n<div class=\"section\">\n<div class=\"layoutArea\">\n<div class=\"column\">\n<div class=\"page\" title=\"Page 1\">\n<div class=\"section\">\n<div class=\"layoutArea\">\n<div class=\"column\">\n<div class=\"page\" title=\"Page 1\">\n<div class=\"section\">\n<div class=\"layoutArea\">\n<div class=\"column\">\n<p>De plus, en <strong>num\u00e9risant les processus<\/strong>, nous facilitons la collecte et l\u2019analyse des donn\u00e9es en temps r\u00e9el, permettant un suivi plus pr\u00e9cis et proactif des op\u00e9rations.<\/p>\n<\/div>\n<\/div>\n<\/div>\n<\/div>\n<\/div>\n<\/div>\n<\/div>\n<\/div>\n<\/div>\n<\/div>\n<\/div>\n<\/div>\n\t\t\t\t\t\t<\/div>\n\t\t\t\t<\/div>\n\t\t\t\t<div class=\"elementor-element elementor-element-43dce8d elementor-align-left elementor-widget elementor-widget-button\" data-id=\"43dce8d\" data-element_type=\"widget\" data-widget_type=\"button.default\">\n\t\t\t\t<div class=\"elementor-widget-container\">\n\t\t\t\t\t<div class=\"elementor-button-wrapper\">\n\t\t\t<a class=\"elementor-button elementor-button-link elementor-size-sm\" href=\"https:\/\/gashor.com\/fr\/contact\/\">\n\t\t\t\t\t\t<span class=\"elementor-button-content-wrapper\">\n\t\t\t\t\t\t\t\t\t<span class=\"elementor-button-text\">CONTACT<\/span>\n\t\t\t\t\t<\/span>\n\t\t\t\t\t<\/a>\n\t\t<\/div>\n\t\t\t\t<\/div>\n\t\t\t\t<\/div>\n\t\t\t\t<\/div>\n\t\t<div class=\"elementor-element elementor-element-68673d1 e-con-full elementor-hidden-mobile e-flex e-con e-child\" data-id=\"68673d1\" data-element_type=\"container\">\n\t\t\t\t<\/div>\n\t\t\t\t\t<\/div>\n\t\t\t\t<\/div>\n\t\t\t\t\t<\/div>\n\t\t\t\t<\/div>\n\t\t<div class=\"elementor-element elementor-element-7c75137 e-con-full e-flex e-con e-parent\" data-id=\"7c75137\" data-element_type=\"container\">\n\t\t\t\t<div class=\"elementor-element elementor-element-a499cff elementor-widget elementor-widget-image\" data-id=\"a499cff\" data-element_type=\"widget\" data-widget_type=\"image.default\">\n\t\t\t\t<div class=\"elementor-widget-container\">\n\t\t\t\t\t\t\t\t\t\t\t\t\t<img fetchpriority=\"high\" decoding=\"async\" width=\"1620\" height=\"696\" src=\"https:\/\/gashor.com\/wp-content\/uploads\/2024\/03\/mantenimiento-gashor-services-gashor-soluciones.jpg\" class=\"attachment-full size-full wp-image-782\" alt=\"Mantenimiento - Gashor Services\" srcset=\"https:\/\/gashor.com\/wp-content\/uploads\/2024\/03\/mantenimiento-gashor-services-gashor-soluciones.jpg 1620w, https:\/\/gashor.com\/wp-content\/uploads\/2024\/03\/mantenimiento-gashor-services-gashor-soluciones-300x129.jpg 300w, https:\/\/gashor.com\/wp-content\/uploads\/2024\/03\/mantenimiento-gashor-services-gashor-soluciones-1024x440.jpg 1024w, https:\/\/gashor.com\/wp-content\/uploads\/2024\/03\/mantenimiento-gashor-services-gashor-soluciones-768x330.jpg 768w, https:\/\/gashor.com\/wp-content\/uploads\/2024\/03\/mantenimiento-gashor-services-gashor-soluciones-1536x660.jpg 1536w\" sizes=\"(max-width: 1620px) 100vw, 1620px\" \/>\t\t\t\t\t\t\t\t\t\t\t\t\t<\/div>\n\t\t\t\t<\/div>\n\t\t\t\t<\/div>\n\t\t<div class=\"elementor-element elementor-element-86f09cc e-con-full e-flex e-con e-parent\" data-id=\"86f09cc\" data-element_type=\"container\">\n\t\t<a class=\"elementor-element elementor-element-90b4cce e-con-full e-flex e-con e-child\" data-id=\"90b4cce\" data-element_type=\"container\" data-settings=\"{&quot;background_background&quot;:&quot;classic&quot;}\" href=\"https:\/\/gashor.com\/es\/contacto\/#donde-estamos\">\n\t\t\t\t<div class=\"elementor-element elementor-element-883bfd9 elementor-widget elementor-widget-heading\" data-id=\"883bfd9\" data-element_type=\"widget\" data-widget_type=\"heading.default\">\n\t\t\t\t<div class=\"elementor-widget-container\">\n\t\t\t<h2 class=\"elementor-heading-title elementor-size-default\">O\u00f9 sommes-nous<\/h2>\t\t<\/div>\n\t\t\t\t<\/div>\n\t\t\t\t<div class=\"elementor-element elementor-element-ddf1a58 elementor-widget__width-initial elementor-absolute elementor-widget elementor-widget-text-editor\" data-id=\"ddf1a58\" data-element_type=\"widget\" data-settings=\"{&quot;_position&quot;:&quot;absolute&quot;}\" data-widget_type=\"text-editor.default\">\n\t\t\t\t<div class=\"elementor-widget-container\">\n\t\t\t\t\t\t\t<p class=\"p1\"><span class=\"s1\">Visitez nos installations<\/span><\/p>\n\t\t\t\t\t\t<\/div>\n\t\t\t\t<\/div>\n\t\t\t\t<\/a>\n\t\t<div class=\"elementor-element elementor-element-8fc351b e-con-full e-flex e-con e-child\" data-id=\"8fc351b\" data-element_type=\"container\" data-settings=\"{&quot;background_background&quot;:&quot;classic&quot;}\">\n\t\t\t\t<\/div>\n\t\t\t\t<\/div>\n\t\t\t\t<\/div>\n\t\t","protected":false},"excerpt":{"rendered":"<p>GASHOR SERVICES Nos produits et solutions d&rsquo;ing\u00e9nierie exploitent toute la puissance de la num\u00e9risation pour fournir des services apr\u00e8s-vente efficaces et intelligents. Chez Gashor, nous proposons des solutions efficaces d&rsquo;exploitation et de maintenance. Nous vous proposons diff\u00e9rentes formules de services adapt\u00e9es \u00e0 vos besoins, de la maintenance compl\u00e8te aux interventions ponctuelles, en passant par les [&hellip;]<\/p>\n","protected":false},"author":1,"featured_media":0,"parent":78611,"menu_order":0,"comment_status":"closed","ping_status":"closed","template":"","meta":{"_sitemap_exclude":false,"_sitemap_priority":"","_sitemap_frequency":"","footnotes":""},"yoast_head":"<!-- This site is optimized with the Yoast SEO plugin v24.5 - https:\/\/yoast.com\/wordpress\/plugins\/seo\/ -->\n<title>Services de GASHOR | Gestion des ingr\u00e9dients industriels<\/title>\n<meta name=\"description\" content=\"Nous vous proposons des solutions de maintenance intelligentes. Choisissez parmi diff\u00e9rentes formules : maintenance compl\u00e8te, interventions ponctuelles, r\u00e9parations, pi\u00e8ces d\u00e9tach\u00e9es...\" \/>\n<meta name=\"robots\" content=\"index, follow, max-snippet:-1, max-image-preview:large, max-video-preview:-1\" \/>\n<link rel=\"canonical\" href=\"https:\/\/gashor.com\/fr\/nos-domaines-dactivite\/gashor-services\/\" \/>\n<meta property=\"og:locale\" content=\"fr_FR\" \/>\n<meta property=\"og:type\" content=\"article\" \/>\n<meta property=\"og:title\" content=\"Services de GASHOR | Gestion des ingr\u00e9dients industriels\" \/>\n<meta property=\"og:description\" content=\"Nous vous proposons des solutions de maintenance intelligentes. Choisissez parmi diff\u00e9rentes formules : maintenance compl\u00e8te, interventions ponctuelles, r\u00e9parations, pi\u00e8ces d\u00e9tach\u00e9es...\" \/>\n<meta property=\"og:url\" content=\"https:\/\/gashor.com\/fr\/nos-domaines-dactivite\/gashor-services\/\" \/>\n<meta property=\"og:site_name\" content=\"Gashor\" \/>\n<meta property=\"article:modified_time\" content=\"2025-02-18T09:16:56+00:00\" \/>\n<meta property=\"og:image\" content=\"https:\/\/gashor.com\/wp-content\/uploads\/2024\/03\/mantenimiento-gashor-services-gashor-soluciones.jpg\" \/>\n<meta name=\"twitter:card\" content=\"summary_large_image\" \/>\n<meta name=\"twitter:label1\" content=\"Dur\u00e9e de lecture estim\u00e9e\" \/>\n\t<meta name=\"twitter:data1\" content=\"1 minute\" \/>\n<script type=\"application\/ld+json\" class=\"yoast-schema-graph\">{\"@context\":\"https:\/\/schema.org\",\"@graph\":[{\"@type\":\"WebPage\",\"@id\":\"https:\/\/gashor.com\/fr\/nos-domaines-dactivite\/gashor-services\/\",\"url\":\"https:\/\/gashor.com\/fr\/nos-domaines-dactivite\/gashor-services\/\",\"name\":\"Services de GASHOR | Gestion des ingr\u00e9dients industriels\",\"isPartOf\":{\"@id\":\"https:\/\/gashor.com\/fr\/#website\"},\"primaryImageOfPage\":{\"@id\":\"https:\/\/gashor.com\/fr\/nos-domaines-dactivite\/gashor-services\/#primaryimage\"},\"image\":{\"@id\":\"https:\/\/gashor.com\/fr\/nos-domaines-dactivite\/gashor-services\/#primaryimage\"},\"thumbnailUrl\":\"https:\/\/gashor.com\/wp-content\/uploads\/2024\/03\/mantenimiento-gashor-services-gashor-soluciones.jpg\",\"datePublished\":\"2024-03-01T09:02:36+00:00\",\"dateModified\":\"2025-02-18T09:16:56+00:00\",\"description\":\"Nous vous proposons des solutions de maintenance intelligentes. Choisissez parmi diff\u00e9rentes formules : maintenance compl\u00e8te, interventions ponctuelles, r\u00e9parations, pi\u00e8ces d\u00e9tach\u00e9es...\",\"breadcrumb\":{\"@id\":\"https:\/\/gashor.com\/fr\/nos-domaines-dactivite\/gashor-services\/#breadcrumb\"},\"inLanguage\":\"fr-FR\",\"potentialAction\":[{\"@type\":\"ReadAction\",\"target\":[\"https:\/\/gashor.com\/fr\/nos-domaines-dactivite\/gashor-services\/\"]}]},{\"@type\":\"ImageObject\",\"inLanguage\":\"fr-FR\",\"@id\":\"https:\/\/gashor.com\/fr\/nos-domaines-dactivite\/gashor-services\/#primaryimage\",\"url\":\"https:\/\/gashor.com\/wp-content\/uploads\/2024\/03\/mantenimiento-gashor-services-gashor-soluciones.jpg\",\"contentUrl\":\"https:\/\/gashor.com\/wp-content\/uploads\/2024\/03\/mantenimiento-gashor-services-gashor-soluciones.jpg\"},{\"@type\":\"BreadcrumbList\",\"@id\":\"https:\/\/gashor.com\/fr\/nos-domaines-dactivite\/gashor-services\/#breadcrumb\",\"itemListElement\":[{\"@type\":\"ListItem\",\"position\":1,\"name\":\"Inicio\",\"item\":\"https:\/\/gashor.com\/fr\/\"},{\"@type\":\"ListItem\",\"position\":2,\"name\":\"Nos domaines d&#8217;activit\u00e9\",\"item\":\"https:\/\/gashor.com\/fr\/nuestras-areas-de-negocio\/\"},{\"@type\":\"ListItem\",\"position\":3,\"name\":\"Gashor Services\"}]},{\"@type\":\"WebSite\",\"@id\":\"https:\/\/gashor.com\/fr\/#website\",\"url\":\"https:\/\/gashor.com\/fr\/\",\"name\":\"Gashor\",\"description\":\"The Formula\",\"potentialAction\":[{\"@type\":\"SearchAction\",\"target\":{\"@type\":\"EntryPoint\",\"urlTemplate\":\"https:\/\/gashor.com\/fr\/?s={search_term_string}\"},\"query-input\":{\"@type\":\"PropertyValueSpecification\",\"valueRequired\":true,\"valueName\":\"search_term_string\"}}],\"inLanguage\":\"fr-FR\"}]}<\/script>\n<!-- \/ Yoast SEO plugin. -->","yoast_head_json":{"title":"Services de GASHOR | Gestion des ingr\u00e9dients industriels","description":"Nous vous proposons des solutions de maintenance intelligentes. Choisissez parmi diff\u00e9rentes formules : maintenance compl\u00e8te, interventions ponctuelles, r\u00e9parations, pi\u00e8ces d\u00e9tach\u00e9es...","robots":{"index":"index","follow":"follow","max-snippet":"max-snippet:-1","max-image-preview":"max-image-preview:large","max-video-preview":"max-video-preview:-1"},"canonical":"https:\/\/gashor.com\/fr\/nos-domaines-dactivite\/gashor-services\/","og_locale":"fr_FR","og_type":"article","og_title":"Services de GASHOR | Gestion des ingr\u00e9dients industriels","og_description":"Nous vous proposons des solutions de maintenance intelligentes. Choisissez parmi diff\u00e9rentes formules : maintenance compl\u00e8te, interventions ponctuelles, r\u00e9parations, pi\u00e8ces d\u00e9tach\u00e9es...","og_url":"https:\/\/gashor.com\/fr\/nos-domaines-dactivite\/gashor-services\/","og_site_name":"Gashor","article_modified_time":"2025-02-18T09:16:56+00:00","og_image":[{"url":"https:\/\/gashor.com\/wp-content\/uploads\/2024\/03\/mantenimiento-gashor-services-gashor-soluciones.jpg","type":"","width":"","height":""}],"twitter_card":"summary_large_image","twitter_misc":{"Dur\u00e9e de lecture estim\u00e9e":"1 minute"},"schema":{"@context":"https:\/\/schema.org","@graph":[{"@type":"WebPage","@id":"https:\/\/gashor.com\/fr\/nos-domaines-dactivite\/gashor-services\/","url":"https:\/\/gashor.com\/fr\/nos-domaines-dactivite\/gashor-services\/","name":"Services de GASHOR | Gestion des ingr\u00e9dients industriels","isPartOf":{"@id":"https:\/\/gashor.com\/fr\/#website"},"primaryImageOfPage":{"@id":"https:\/\/gashor.com\/fr\/nos-domaines-dactivite\/gashor-services\/#primaryimage"},"image":{"@id":"https:\/\/gashor.com\/fr\/nos-domaines-dactivite\/gashor-services\/#primaryimage"},"thumbnailUrl":"https:\/\/gashor.com\/wp-content\/uploads\/2024\/03\/mantenimiento-gashor-services-gashor-soluciones.jpg","datePublished":"2024-03-01T09:02:36+00:00","dateModified":"2025-02-18T09:16:56+00:00","description":"Nous vous proposons des solutions de maintenance intelligentes. Choisissez parmi diff\u00e9rentes formules : maintenance compl\u00e8te, interventions ponctuelles, r\u00e9parations, pi\u00e8ces d\u00e9tach\u00e9es...","breadcrumb":{"@id":"https:\/\/gashor.com\/fr\/nos-domaines-dactivite\/gashor-services\/#breadcrumb"},"inLanguage":"fr-FR","potentialAction":[{"@type":"ReadAction","target":["https:\/\/gashor.com\/fr\/nos-domaines-dactivite\/gashor-services\/"]}]},{"@type":"ImageObject","inLanguage":"fr-FR","@id":"https:\/\/gashor.com\/fr\/nos-domaines-dactivite\/gashor-services\/#primaryimage","url":"https:\/\/gashor.com\/wp-content\/uploads\/2024\/03\/mantenimiento-gashor-services-gashor-soluciones.jpg","contentUrl":"https:\/\/gashor.com\/wp-content\/uploads\/2024\/03\/mantenimiento-gashor-services-gashor-soluciones.jpg"},{"@type":"BreadcrumbList","@id":"https:\/\/gashor.com\/fr\/nos-domaines-dactivite\/gashor-services\/#breadcrumb","itemListElement":[{"@type":"ListItem","position":1,"name":"Inicio","item":"https:\/\/gashor.com\/fr\/"},{"@type":"ListItem","position":2,"name":"Nos domaines d&#8217;activit\u00e9","item":"https:\/\/gashor.com\/fr\/nuestras-areas-de-negocio\/"},{"@type":"ListItem","position":3,"name":"Gashor Services"}]},{"@type":"WebSite","@id":"https:\/\/gashor.com\/fr\/#website","url":"https:\/\/gashor.com\/fr\/","name":"Gashor","description":"The Formula","potentialAction":[{"@type":"SearchAction","target":{"@type":"EntryPoint","urlTemplate":"https:\/\/gashor.com\/fr\/?s={search_term_string}"},"query-input":{"@type":"PropertyValueSpecification","valueRequired":true,"valueName":"search_term_string"}}],"inLanguage":"fr-FR"}]}},"_links":{"self":[{"href":"https:\/\/gashor.com\/fr\/wp-json\/wp\/v2\/pages\/78619"}],"collection":[{"href":"https:\/\/gashor.com\/fr\/wp-json\/wp\/v2\/pages"}],"about":[{"href":"https:\/\/gashor.com\/fr\/wp-json\/wp\/v2\/types\/page"}],"author":[{"embeddable":true,"href":"https:\/\/gashor.com\/fr\/wp-json\/wp\/v2\/users\/1"}],"replies":[{"embeddable":true,"href":"https:\/\/gashor.com\/fr\/wp-json\/wp\/v2\/comments?post=78619"}],"version-history":[{"count":1,"href":"https:\/\/gashor.com\/fr\/wp-json\/wp\/v2\/pages\/78619\/revisions"}],"predecessor-version":[{"id":78620,"href":"https:\/\/gashor.com\/fr\/wp-json\/wp\/v2\/pages\/78619\/revisions\/78620"}],"up":[{"embeddable":true,"href":"https:\/\/gashor.com\/fr\/wp-json\/wp\/v2\/pages\/78611"}],"wp:attachment":[{"href":"https:\/\/gashor.com\/fr\/wp-json\/wp\/v2\/media?parent=78619"}],"curies":[{"name":"wp","href":"https:\/\/api.w.org\/{rel}","templated":true}]}}