{"id":78644,"date":"2024-03-04T11:14:18","date_gmt":"2024-03-04T10:14:18","guid":{"rendered":"https:\/\/gashor.com\/politique-de-cookies\/"},"modified":"2025-02-25T13:45:09","modified_gmt":"2025-02-25T12:45:09","slug":"politique-de-cookies","status":"publish","type":"page","link":"https:\/\/gashor.com\/fr\/politique-de-cookies\/","title":{"rendered":"Politique de cookies"},"content":{"rendered":"\t\t<div data-elementor-type=\"wp-page\" data-elementor-id=\"78644\" class=\"elementor elementor-78644 elementor-875\" data-elementor-post-type=\"page\">\n\t\t\t\t<div class=\"elementor-element elementor-element-ff4a455 e-flex e-con-boxed e-con e-parent\" data-id=\"ff4a455\" data-element_type=\"container\" data-settings=\"{&quot;background_background&quot;:&quot;classic&quot;}\">\n\t\t\t\t\t<div class=\"e-con-inner\">\n\t\t\t\t<div class=\"elementor-element elementor-element-a40c02b elementor-widget elementor-widget-heading\" data-id=\"a40c02b\" data-element_type=\"widget\" data-widget_type=\"heading.default\">\n\t\t\t\t<div class=\"elementor-widget-container\">\n\t\t\t<h1 class=\"elementor-heading-title elementor-size-default\">POLITIQUE DE COOKIES<\/h1>\t\t<\/div>\n\t\t\t\t<\/div>\n\t\t\t\t\t<\/div>\n\t\t\t\t<\/div>\n\t\t<div class=\"elementor-element elementor-element-c94de3d e-flex e-con-boxed e-con e-parent\" data-id=\"c94de3d\" data-element_type=\"container\">\n\t\t\t\t\t<div class=\"e-con-inner\">\n\t\t\t\t<div class=\"elementor-element elementor-element-f48123a elementor-widget elementor-widget-breadcrumbs\" data-id=\"f48123a\" data-element_type=\"widget\" data-widget_type=\"breadcrumbs.default\">\n\t\t\t\t<div class=\"elementor-widget-container\">\n\t\t\t<p id=\"breadcrumbs\"><span><span><a href=\"https:\/\/gashor.com\/fr\/\">Inicio<\/a><\/span><\/span><\/p>\t\t<\/div>\n\t\t\t\t<\/div>\n\t\t\t\t\t<\/div>\n\t\t\t\t<\/div>\n\t\t<div class=\"elementor-element elementor-element-4ca966c e-flex e-con-boxed e-con e-parent\" data-id=\"4ca966c\" data-element_type=\"container\">\n\t\t\t\t\t<div class=\"e-con-inner\">\n\t\t\t\t<div class=\"elementor-element elementor-element-4f74ca3 elementor-widget__width-initial elementor-widget elementor-widget-text-editor\" data-id=\"4f74ca3\" data-element_type=\"widget\" data-widget_type=\"text-editor.default\">\n\t\t\t\t<div class=\"elementor-widget-container\">\n\t\t\t\t\t\t\t<h2><strong>1. Qu&rsquo;est-ce qu&rsquo;un cookie ?<\/strong><\/h2>\n\t\t\t\t\t\t<\/div>\n\t\t\t\t<\/div>\n\t\t\t\t<div class=\"elementor-element elementor-element-850f519 elementor-widget__width-initial elementor-widget elementor-widget-text-editor\" data-id=\"850f519\" data-element_type=\"widget\" data-widget_type=\"text-editor.default\">\n\t\t\t\t<div class=\"elementor-widget-container\">\n\t\t\t\t\t\t\t<div class=\"page\" title=\"Page 6\">\n<div class=\"section\">\n<div class=\"layoutArea\">\n<div class=\"column\">\n<p>Un cookie (ou cookie informatique) est tout type de fichier ou de dispositif t\u00e9l\u00e9charg\u00e9 sur l&rsquo;\u00e9quipement terminal d&rsquo;un utilisateur dans le but de stocker des donn\u00e9es qui peuvent \u00eatre mises \u00e0 jour et r\u00e9cup\u00e9r\u00e9es par l&rsquo;entit\u00e9 responsable de son installation.<\/p>\n<p>Ses principales fonctions sont de surveiller l&rsquo;utilisateur et de fournir des informations sur ses habitudes de navigation et d&#8217;emp\u00eacher les tentatives d&rsquo;intrusion \u00e0 l&rsquo;aide de logiciels espions. <\/p>\n<\/div>\n<\/div>\n<\/div>\n<\/div>\n\t\t\t\t\t\t<\/div>\n\t\t\t\t<\/div>\n\t\t\t\t<div class=\"elementor-element elementor-element-c98f1d7 elementor-widget__width-initial elementor-widget elementor-widget-text-editor\" data-id=\"c98f1d7\" data-element_type=\"widget\" data-widget_type=\"text-editor.default\">\n\t\t\t\t<div class=\"elementor-widget-container\">\n\t\t\t\t\t\t\t<h2><strong>2. Quels sont les principaux types de cookies ?<\/strong><\/h2>\n\t\t\t\t\t\t<\/div>\n\t\t\t\t<\/div>\n\t\t\t\t<div class=\"elementor-element elementor-element-20c584f elementor-widget__width-initial elementor-widget elementor-widget-text-editor\" data-id=\"20c584f\" data-element_type=\"widget\" data-widget_type=\"text-editor.default\">\n\t\t\t\t<div class=\"elementor-widget-container\">\n\t\t\t\t\t\t\t<div class=\"page\" title=\"Page 6\">\n<div class=\"section\">\n<div class=\"layoutArea\">\n<div class=\"column\">\n<p>Les principaux types de cookies sont les suivants :<\/p>\n<h3>1.- Selon l&rsquo;adresse :<\/h3>\n<p><strong>a. Propres :<\/strong> ce sont ceux qui sont envoy\u00e9s au terminal de l&rsquo;utilisateur depuis l&rsquo;ordinateur ou le domaine g\u00e9r\u00e9 par l&rsquo;\u00e9diteur ou le responsable du site Web \u00e0 partir du moment o\u00f9 le service demand\u00e9 par l&rsquo;utilisateur est fourni.<\/p>\n<p><strong>b. Troisi\u00e8mement : <\/strong> ce sont des cookies qui sont envoy\u00e9s \u00e0 l&rsquo;\u00e9quipement terminal de l&rsquo;utilisateur \u00e0 partir d&rsquo;un ordinateur ou d&rsquo;un domaine qui n&rsquo;est pas g\u00e9r\u00e9 par l&rsquo;\u00e9diteur ou le responsable du site Web, ou par une autre entit\u00e9 qui traite les donn\u00e9es obtenues via les cookies.<\/p>\n<h3>2.- Selon la p\u00e9riode de temps pendant laquelle ils restent activ\u00e9s en permanence :<\/h3>\n<p><strong>a. Session :<\/strong> Il s&rsquo;agit d&rsquo;un type de cookies con\u00e7us pour r\u00e9cup\u00e9rer et stocker des donn\u00e9es pendant que l&rsquo;utilisateur acc\u00e8de \u00e0 une page Web.<\/p>\n<p><strong>b. Persistant : <\/strong>Il s&rsquo;agit d&rsquo;un type de cookie dans lequel les donn\u00e9es restent stock\u00e9es sur le terminal et peuvent \u00eatre consult\u00e9es et trait\u00e9es pendant une dur\u00e9e d\u00e9finie par le responsable du cookie, qui peut aller d&rsquo;une minute \u00e0 plusieurs ann\u00e9es.<\/p>\n<h3>3.- Selon sa finalit\u00e9 :<\/h3>\n<p><strong>a. Techniques :<\/strong> Leurs caract\u00e9ristiques permettent \u00e0 l&rsquo;utilisateur de naviguer sur un site Web, une plateforme ou une application et d&rsquo;utiliser les diff\u00e9rentes options ou services qui y existent, comme par exemple contr\u00f4ler le trafic et la communication de donn\u00e9es, identifier la session, acc\u00e9der \u00e0 des parties \u00e0 acc\u00e8s restreint, m\u00e9moriser les \u00e9l\u00e9ments qui composent une commande, effectuer le processus d&rsquo;achat d&rsquo;une commande, faire la demande d&rsquo;inscription ou de participation \u00e0 un \u00e9v\u00e9nement, utiliser des \u00e9l\u00e9ments de s\u00e9curit\u00e9 pendant la navigation, stocker du contenu pour la diffusion de vid\u00e9os ou de sons ou partager du contenu via les r\u00e9seaux sociaux. contenu via les r\u00e9seaux sociaux.<\/p>\n<p><strong>b. Personnalisation : <\/strong> Ce sont les cl\u00e9s qui permettent \u00e0 l&rsquo;utilisateur d&rsquo;acc\u00e9der au service avec certaines caract\u00e9ristiques g\u00e9n\u00e9rales pr\u00e9d\u00e9finies en fonction d&rsquo;une s\u00e9rie de crit\u00e8res dans le terminal de l&rsquo;utilisateur, tels que la langue, le type de navigateur via lequel l&rsquo;utilisateur acc\u00e8de au service, la configuration r\u00e9gionale \u00e0 partir de laquelle l&rsquo;utilisateur acc\u00e8de au service, etc.<\/p>\n<p><strong>c. Faire Analyse : <\/strong> Il s&rsquo;agit de mesures qui permettent \u00e0 la personne responsable de surveiller et d&rsquo;analyser le comportement des utilisateurs des sites Web auxquels elles sont li\u00e9es. Les informations collect\u00e9es via ce type de cookies sont utilis\u00e9es pour mesurer l&rsquo;activit\u00e9 des sites Web, de l&rsquo;application ou de la plateforme et pour cr\u00e9er des profils de navigation des utilisateurs desdits sites, applications et plateformes, afin d&rsquo;introduire des am\u00e9liorations bas\u00e9es sur l&rsquo;analyse des donn\u00e9es sur l&rsquo;utilisation faite par les utilisateurs du service. <\/p>\n<p><strong>d. Publicit\u00e9 : <\/strong> Ce sont celles qui permettent la gestion, de la mani\u00e8re la plus efficace possible, des espaces publicitaires que, le cas \u00e9ch\u00e9ant, l&rsquo;\u00e9diteur a inclus sur un site Web, une application ou une plateforme \u00e0 partir de laquelle le service demand\u00e9 est fourni en fonction de crit\u00e8res tels que le contenu \u00e9dit\u00e9 ou la fr\u00e9quence \u00e0 laquelle les publicit\u00e9s sont affich\u00e9es.<\/p>\n<p><strong>e. Mon Publicit\u00e9 comportementale : <\/strong> Il s&rsquo;agit de lignes directrices qui permettent de g\u00e9rer, de la mani\u00e8re la plus efficace possible, les espaces publicitaires que, le cas \u00e9ch\u00e9ant, l&rsquo;\u00e9diteur ou le gestionnaire du site Web a inclus sur un site Web, une application ou une plateforme \u00e0 partir de laquelle le service demand\u00e9 est fourni.<\/p>\n<p>Ces cookies stockent des informations sur le comportement des utilisateurs obtenues gr\u00e2ce \u00e0 l&rsquo;observation continue de leurs habitudes de navigation, ce qui permet de d\u00e9velopper un profil sp\u00e9cifique pour afficher de la publicit\u00e9 en fonction de celui-ci.<\/p>\n<\/div>\n<\/div>\n<\/div>\n<\/div>\n\t\t\t\t\t\t<\/div>\n\t\t\t\t<\/div>\n\t\t\t\t<div class=\"elementor-element elementor-element-64813b7 elementor-widget__width-initial elementor-widget elementor-widget-text-editor\" data-id=\"64813b7\" data-element_type=\"widget\" data-widget_type=\"text-editor.default\">\n\t\t\t\t<div class=\"elementor-widget-container\">\n\t\t\t\t\t\t\t<h2><strong>3. Quels types de cookies sont utilis\u00e9s sur ce site Web ?<\/strong><\/h2>\n\t\t\t\t\t\t<\/div>\n\t\t\t\t<\/div>\n\t\t\t\t<div class=\"elementor-element elementor-element-05121f3 elementor-widget__width-initial elementor-widget elementor-widget-text-editor\" data-id=\"05121f3\" data-element_type=\"widget\" data-widget_type=\"text-editor.default\">\n\t\t\t\t<div class=\"elementor-widget-container\">\n\t\t\t\t\t\t\t<div class=\"page\" title=\"Page 6\">\n<div class=\"section\">\n<div class=\"layoutArea\">\n<div class=\"column\">\n<p>La liste et la description des cookies utilis\u00e9s par ce portail ou site Web sont les suivantes, sauf erreurs ou omissions involontaires ou mises \u00e0 jour r\u00e9centes du Portail :<\/p>\n<\/div>\n<\/div>\n<\/div>\n<\/div>\n\t\t\t\t\t\t<\/div>\n\t\t\t\t<\/div>\n\t\t\t\t<div class=\"elementor-element elementor-element-478a650 elementor-widget elementor-widget-html\" data-id=\"478a650\" data-element_type=\"widget\" data-widget_type=\"html.default\">\n\t\t\t\t<div class=\"elementor-widget-container\">\n\t\t\t<table class=\"table\"><thead><tr>\n  <th width=\"15%\">Cookie<\/th>\n<th width=\"15%\">Domaine\n<\/th><th style=\"min-width:300px\">Description\n<\/th><th width=\"15%\">Dur\u00e9e\n<\/th><th width=\"15%\">Type<\/th>\n  <\/tr><\/thead><tbody><tr>\n    <td>wp-wpml_current_language<\/td>\n<td>gashor.com<\/td>\n<td>Le plugin multilingue de WordPress utilise ce cookie pour stocker la langue actuelle et les param\u00e8tres linguistiques.\n<\/td><td>session<\/td>\n<td>Funcional<\/td>\n    <\/tr><tr>\n    <td>_GRECAPTCHA\n<\/td><td>www.google.com<\/td>\n<td>Ce cookie est d\u00e9fini par le service Google recaptcha pour identifier les robots afin de prot\u00e9ger le site web contre les attaques de spam malveillantes.\n<\/td><td>6 mois\n<\/td><td>N\u00e9cessaire<\/td>\n    <\/tr><tr>\n    <td>elementor\n<\/td><td>gashor.com<\/td>\n    <td>Ce cookie est d\u00e9fini par le service Google recaptcha pour identifier les robots afin de prot\u00e9ger le site web contre les attaques de spam malveillantes. <\/td>\n    <td>jamais<\/td>\n<td>N\u00e9cessaire<\/td>\n    <\/tr><tr>\n    <td>_grecaptcha\n<\/td><td>gashor.com\n<\/td><td>Ce cookie est d\u00e9fini par le service Google recaptcha pour identifier les robots afin de prot\u00e9ger le site web contre les attaques de spam malveillantes.\n<\/td><td>jamais\n<\/td><td>Autres<\/td>\n    <\/tr><tr>\n    <td>rc::a<\/td>\n<td>google.com<\/td>\n<td>Ce cookie est d\u00e9fini par le service Google recaptcha pour identifier les robots afin de prot\u00e9ger le site web contre les attaques de spam malveillantes.\n<\/td><td>jamais\n<\/td><td>N\u00e9cessaire<\/td>\n    <\/tr><tr>\n    <td>rc::f\n<\/td><td>google.com\n<\/td><td>Ce cookie est d\u00e9fini par le service Google recaptcha pour identifier les robots afin de prot\u00e9ger le site web contre les attaques de spam malveillantes.\n<\/td><td>jamais\n<\/td><td>N\u00e9cessaire<\/td>\n    <\/tr><tr>\n    <td>rc::c\n<\/td><td>google.com\n<\/td><td>Ce cookie est d\u00e9fini par le service Google recaptcha pour identifier les robots afin de prot\u00e9ger le site web contre les attaques de spam malveillantes.\n<\/td><td>jamais\n<\/td><td>N\u00e9cessaire<\/td>\n    <\/tr><tr>\n    <td>rc::b\n<\/td><td>google.com\n<\/td><td>Ce cookie est d\u00e9fini par le service Google recaptcha pour identifier les robots afin de prot\u00e9ger le site web contre les attaques de spam malveillantes.\n<\/td><td>jamais\n<\/td><td>N\u00e9cessaire<\/td>\n    <\/tr><\/tbody><\/table>\t\t<\/div>\n\t\t\t\t<\/div>\n\t\t\t\t<div class=\"elementor-element elementor-element-551c30c elementor-widget__width-initial elementor-widget elementor-widget-text-editor\" data-id=\"551c30c\" data-element_type=\"widget\" data-widget_type=\"text-editor.default\">\n\t\t\t\t<div class=\"elementor-widget-container\">\n\t\t\t\t\t\t\t<h2><strong>4. Comment pouvons-nous configurer les cookies utilis\u00e9s sur ce portail Web ?<\/strong><\/h2>\n\t\t\t\t\t\t<\/div>\n\t\t\t\t<\/div>\n\t\t\t\t<div class=\"elementor-element elementor-element-3cedb9a elementor-widget__width-initial elementor-widget elementor-widget-text-editor\" data-id=\"3cedb9a\" data-element_type=\"widget\" data-widget_type=\"text-editor.default\">\n\t\t\t\t<div class=\"elementor-widget-container\">\n\t\t\t\t\t\t\t<div class=\"page\" title=\"Page 6\">\n<div class=\"section\">\n<div class=\"layoutArea\">\n<div class=\"column\">\n<p>L&rsquo;utilisateur de ce portail Web peut autoriser, bloquer ou supprimer les cookies install\u00e9s sur son appareil en configurant les options du navigateur install\u00e9 sur son ordinateur. Lors de l&rsquo;utilisation du navigateur : <\/p>\n<ul>\n<li>Chrome, depuis : <a href=\"http:\/\/support.google.com\/chrome\/bin\/answer.py?hl=es&amp;answer=95647\">http:\/\/support.google.com\/chrome\/bin\/answer.py?hl=es&amp;answer=95647<\/a><\/li>\n<li>Explorer, depuis : <a href=\"http:\/\/windows.microsoft.com\/es-es\/windows7\/how-to-manage-cookies-in-internetexplorer-9\">http:\/\/windows.microsoft.com\/es-es\/windows7\/how-to-manage-cookies-in-internetexplorer-9<\/a><\/li>\n<li>Firefox, depuis : <a href=\"http:\/\/support.mozilla.org\/es\/kb\/habilitar-y-deshabilitar-cookies-que-los-sitios-we\">http:\/\/support.mozilla.org\/es\/kb\/habilitar-y-deshabilitar-cookies-que-los-sitios-we<\/a><\/li>\n<li>Safari, depuis : <a href=\"http:\/\/support.apple.com\/kb\/ph5042\">http:\/\/support.apple.com\/kb\/ph5042<\/a><\/li>\n<li>Opera, depuis : <a href=\"http:\/\/help.opera.com\/Windows\/11.50\/es-ES\/cookies.html\">http:\/\/help.opera.com\/Windows\/11.50\/es-ES\/cookies.html<\/a><\/li>\n<\/ul>\n<p>GASHOR \u00ae n&rsquo;est pas responsable des \u00e9ventuels dysfonctionnements pouvant entra\u00eener le blocage ou la suppression d&rsquo;un, de plusieurs ou de la totalit\u00e9 des cookies d\u00e9crits ci-dessus. <\/p>\n<p>La navigation sur ce site implique l&rsquo;acceptation de fait de cette politique de cookies. Toutefois, l&rsquo;utilisateur de ce portail Web peut \u00e0 tout moment apporter les modifications qu&rsquo;il juge appropri\u00e9es sur ce point sp\u00e9cifique, pour lesquelles il utilisera les liens indiqu\u00e9s ci-dessus en fonction du navigateur qu&rsquo;il utilise. <\/p>\n<p>De m\u00eame, ce portail Web n&rsquo;est pas responsable du contenu et de la v\u00e9racit\u00e9 des politiques de confidentialit\u00e9 de tiers incluses dans cette politique de cookies.<\/p>\n<p>Si un utilisateur de ce portail Web a des questions sur cette politique de cookies, il peut contacter ce portail WEB \u00e0 : <a href=\"mailto:info@gashor.com\">info@gashor.com<\/a>.<\/p>\n<\/div>\n<\/div>\n<\/div>\n<\/div>\n\t\t\t\t\t\t<\/div>\n\t\t\t\t<\/div>\n\t\t\t\t\t<\/div>\n\t\t\t\t<\/div>\n\t\t\t\t<\/div>\n\t\t","protected":false},"excerpt":{"rendered":"<p>POLITIQUE DE COOKIES 1. Qu&rsquo;est-ce qu&rsquo;un cookie ? Un cookie (ou cookie informatique) est tout type de fichier ou de dispositif t\u00e9l\u00e9charg\u00e9 sur l&rsquo;\u00e9quipement terminal d&rsquo;un utilisateur dans le but de stocker des donn\u00e9es qui peuvent \u00eatre mises \u00e0 jour et r\u00e9cup\u00e9r\u00e9es par l&rsquo;entit\u00e9 responsable de son installation. Ses principales fonctions sont de surveiller l&rsquo;utilisateur [&hellip;]<\/p>\n","protected":false},"author":1,"featured_media":0,"parent":0,"menu_order":0,"comment_status":"closed","ping_status":"closed","template":"","meta":{"_sitemap_exclude":false,"_sitemap_priority":"","_sitemap_frequency":"","footnotes":""},"yoast_head":"<!-- This site is optimized with the Yoast SEO plugin v24.5 - https:\/\/yoast.com\/wordpress\/plugins\/seo\/ -->\n<title>Politique de cookies | Gashor<\/title>\n<meta name=\"robots\" content=\"index, follow, max-snippet:-1, max-image-preview:large, max-video-preview:-1\" \/>\n<link rel=\"canonical\" href=\"https:\/\/gashor.com\/fr\/politique-de-cookies\/\" \/>\n<meta property=\"og:locale\" content=\"fr_FR\" \/>\n<meta property=\"og:type\" content=\"article\" \/>\n<meta property=\"og:title\" content=\"Politique de cookies | Gashor\" \/>\n<meta property=\"og:description\" content=\"POLITIQUE DE COOKIES 1. Qu&rsquo;est-ce qu&rsquo;un cookie ? Un cookie (ou cookie informatique) est tout type de fichier ou de dispositif t\u00e9l\u00e9charg\u00e9 sur l&rsquo;\u00e9quipement terminal d&rsquo;un utilisateur dans le but de stocker des donn\u00e9es qui peuvent \u00eatre mises \u00e0 jour et r\u00e9cup\u00e9r\u00e9es par l&rsquo;entit\u00e9 responsable de son installation. Ses principales fonctions sont de surveiller l&rsquo;utilisateur [&hellip;]\" \/>\n<meta property=\"og:url\" content=\"https:\/\/gashor.com\/fr\/politique-de-cookies\/\" \/>\n<meta property=\"og:site_name\" content=\"Gashor\" \/>\n<meta property=\"article:modified_time\" content=\"2025-02-25T12:45:09+00:00\" \/>\n<meta name=\"twitter:card\" content=\"summary_large_image\" \/>\n<meta name=\"twitter:label1\" content=\"Dur\u00e9e de lecture estim\u00e9e\" \/>\n\t<meta name=\"twitter:data1\" content=\"6 minutes\" \/>\n<script type=\"application\/ld+json\" class=\"yoast-schema-graph\">{\"@context\":\"https:\/\/schema.org\",\"@graph\":[{\"@type\":\"WebPage\",\"@id\":\"https:\/\/gashor.com\/fr\/politique-de-cookies\/\",\"url\":\"https:\/\/gashor.com\/fr\/politique-de-cookies\/\",\"name\":\"Politique de cookies | Gashor\",\"isPartOf\":{\"@id\":\"https:\/\/gashor.com\/fr\/#website\"},\"datePublished\":\"2024-03-04T10:14:18+00:00\",\"dateModified\":\"2025-02-25T12:45:09+00:00\",\"breadcrumb\":{\"@id\":\"https:\/\/gashor.com\/fr\/politique-de-cookies\/#breadcrumb\"},\"inLanguage\":\"fr-FR\",\"potentialAction\":[{\"@type\":\"ReadAction\",\"target\":[\"https:\/\/gashor.com\/fr\/politique-de-cookies\/\"]}]},{\"@type\":\"BreadcrumbList\",\"@id\":\"https:\/\/gashor.com\/fr\/politique-de-cookies\/#breadcrumb\",\"itemListElement\":[{\"@type\":\"ListItem\",\"position\":1,\"name\":\"Inicio\",\"item\":\"https:\/\/gashor.com\/fr\/\"},{\"@type\":\"ListItem\",\"position\":2,\"name\":\"Politique de cookies\"}]},{\"@type\":\"WebSite\",\"@id\":\"https:\/\/gashor.com\/fr\/#website\",\"url\":\"https:\/\/gashor.com\/fr\/\",\"name\":\"Gashor\",\"description\":\"The Formula\",\"potentialAction\":[{\"@type\":\"SearchAction\",\"target\":{\"@type\":\"EntryPoint\",\"urlTemplate\":\"https:\/\/gashor.com\/fr\/?s={search_term_string}\"},\"query-input\":{\"@type\":\"PropertyValueSpecification\",\"valueRequired\":true,\"valueName\":\"search_term_string\"}}],\"inLanguage\":\"fr-FR\"}]}<\/script>\n<!-- \/ Yoast SEO plugin. -->","yoast_head_json":{"title":"Politique de cookies | Gashor","robots":{"index":"index","follow":"follow","max-snippet":"max-snippet:-1","max-image-preview":"max-image-preview:large","max-video-preview":"max-video-preview:-1"},"canonical":"https:\/\/gashor.com\/fr\/politique-de-cookies\/","og_locale":"fr_FR","og_type":"article","og_title":"Politique de cookies | Gashor","og_description":"POLITIQUE DE COOKIES 1. Qu&rsquo;est-ce qu&rsquo;un cookie ? Un cookie (ou cookie informatique) est tout type de fichier ou de dispositif t\u00e9l\u00e9charg\u00e9 sur l&rsquo;\u00e9quipement terminal d&rsquo;un utilisateur dans le but de stocker des donn\u00e9es qui peuvent \u00eatre mises \u00e0 jour et r\u00e9cup\u00e9r\u00e9es par l&rsquo;entit\u00e9 responsable de son installation. Ses principales fonctions sont de surveiller l&rsquo;utilisateur [&hellip;]","og_url":"https:\/\/gashor.com\/fr\/politique-de-cookies\/","og_site_name":"Gashor","article_modified_time":"2025-02-25T12:45:09+00:00","twitter_card":"summary_large_image","twitter_misc":{"Dur\u00e9e de lecture estim\u00e9e":"6 minutes"},"schema":{"@context":"https:\/\/schema.org","@graph":[{"@type":"WebPage","@id":"https:\/\/gashor.com\/fr\/politique-de-cookies\/","url":"https:\/\/gashor.com\/fr\/politique-de-cookies\/","name":"Politique de cookies | Gashor","isPartOf":{"@id":"https:\/\/gashor.com\/fr\/#website"},"datePublished":"2024-03-04T10:14:18+00:00","dateModified":"2025-02-25T12:45:09+00:00","breadcrumb":{"@id":"https:\/\/gashor.com\/fr\/politique-de-cookies\/#breadcrumb"},"inLanguage":"fr-FR","potentialAction":[{"@type":"ReadAction","target":["https:\/\/gashor.com\/fr\/politique-de-cookies\/"]}]},{"@type":"BreadcrumbList","@id":"https:\/\/gashor.com\/fr\/politique-de-cookies\/#breadcrumb","itemListElement":[{"@type":"ListItem","position":1,"name":"Inicio","item":"https:\/\/gashor.com\/fr\/"},{"@type":"ListItem","position":2,"name":"Politique de cookies"}]},{"@type":"WebSite","@id":"https:\/\/gashor.com\/fr\/#website","url":"https:\/\/gashor.com\/fr\/","name":"Gashor","description":"The Formula","potentialAction":[{"@type":"SearchAction","target":{"@type":"EntryPoint","urlTemplate":"https:\/\/gashor.com\/fr\/?s={search_term_string}"},"query-input":{"@type":"PropertyValueSpecification","valueRequired":true,"valueName":"search_term_string"}}],"inLanguage":"fr-FR"}]}},"_links":{"self":[{"href":"https:\/\/gashor.com\/fr\/wp-json\/wp\/v2\/pages\/78644"}],"collection":[{"href":"https:\/\/gashor.com\/fr\/wp-json\/wp\/v2\/pages"}],"about":[{"href":"https:\/\/gashor.com\/fr\/wp-json\/wp\/v2\/types\/page"}],"author":[{"embeddable":true,"href":"https:\/\/gashor.com\/fr\/wp-json\/wp\/v2\/users\/1"}],"replies":[{"embeddable":true,"href":"https:\/\/gashor.com\/fr\/wp-json\/wp\/v2\/comments?post=78644"}],"version-history":[{"count":2,"href":"https:\/\/gashor.com\/fr\/wp-json\/wp\/v2\/pages\/78644\/revisions"}],"predecessor-version":[{"id":78896,"href":"https:\/\/gashor.com\/fr\/wp-json\/wp\/v2\/pages\/78644\/revisions\/78896"}],"wp:attachment":[{"href":"https:\/\/gashor.com\/fr\/wp-json\/wp\/v2\/media?parent=78644"}],"curies":[{"name":"wp","href":"https:\/\/api.w.org\/{rel}","templated":true}]}}