{"id":78646,"date":"2024-03-04T10:42:33","date_gmt":"2024-03-04T09:42:33","guid":{"rendered":"https:\/\/gashor.com\/mentions-legales\/"},"modified":"2025-02-18T12:56:10","modified_gmt":"2025-02-18T11:56:10","slug":"mentions-legales","status":"publish","type":"page","link":"https:\/\/gashor.com\/fr\/mentions-legales\/","title":{"rendered":"Mentions L\u00e9gales"},"content":{"rendered":"\t\t<div data-elementor-type=\"wp-page\" data-elementor-id=\"78646\" class=\"elementor elementor-78646 elementor-864\" data-elementor-post-type=\"page\">\n\t\t\t\t<div class=\"elementor-element elementor-element-ff4a455 e-flex e-con-boxed e-con e-parent\" data-id=\"ff4a455\" data-element_type=\"container\" data-settings=\"{&quot;background_background&quot;:&quot;classic&quot;}\">\n\t\t\t\t\t<div class=\"e-con-inner\">\n\t\t\t\t<div class=\"elementor-element elementor-element-a40c02b elementor-widget elementor-widget-heading\" data-id=\"a40c02b\" data-element_type=\"widget\" data-widget_type=\"heading.default\">\n\t\t\t\t<div class=\"elementor-widget-container\">\n\t\t\t<h1 class=\"elementor-heading-title elementor-size-default\">MENTIONS L\u00c9GALES<\/h1>\t\t<\/div>\n\t\t\t\t<\/div>\n\t\t\t\t\t<\/div>\n\t\t\t\t<\/div>\n\t\t<div class=\"elementor-element elementor-element-c94de3d e-flex e-con-boxed e-con e-parent\" data-id=\"c94de3d\" data-element_type=\"container\">\n\t\t\t\t\t<div class=\"e-con-inner\">\n\t\t\t\t<div class=\"elementor-element elementor-element-f48123a elementor-widget elementor-widget-breadcrumbs\" data-id=\"f48123a\" data-element_type=\"widget\" data-widget_type=\"breadcrumbs.default\">\n\t\t\t\t<div class=\"elementor-widget-container\">\n\t\t\t<p id=\"breadcrumbs\"><span><span><a href=\"https:\/\/gashor.com\/fr\/\">Inicio<\/a><\/span><\/span><\/p>\t\t<\/div>\n\t\t\t\t<\/div>\n\t\t\t\t\t<\/div>\n\t\t\t\t<\/div>\n\t\t<div class=\"elementor-element elementor-element-4ca966c e-flex e-con-boxed e-con e-parent\" data-id=\"4ca966c\" data-element_type=\"container\">\n\t\t\t\t\t<div class=\"e-con-inner\">\n\t\t\t\t<div class=\"elementor-element elementor-element-894f0c6 elementor-widget__width-initial elementor-widget elementor-widget-text-editor\" data-id=\"894f0c6\" data-element_type=\"widget\" data-widget_type=\"text-editor.default\">\n\t\t\t\t<div class=\"elementor-widget-container\">\n\t\t\t\t\t\t\t<div class=\"page\" title=\"Page 6\">\n<div class=\"section\">\n<div class=\"layoutArea\">\n<div class=\"column\">\n<ul>\n<li><strong>Identit\u00e9 :<\/strong> EQUIPOS DE PANIFICACION SC \/ GASHOR \u00ae<\/li>\n<li><strong>Marque d\u00e9pos\u00e9e :<\/strong> GASHOR \u00ae est une marque d\u00e9pos\u00e9e aupr\u00e8s de l&rsquo;OEPM dont le propri\u00e9taire est EQUIPOS DE PANIFICACI\u00d3N SOCIEDAD COOPERATIVA<\/li>\n<li><strong>Num\u00e9ro d&rsquo;identification fiscale (TVA):<\/strong> F20136016<\/li>\n<li><strong>Adresse postale :<\/strong> Bulandegi Bidea, 26, 20159 Zizurkil (Gipuzkoa)<\/li>\n<li><strong>T\u00e9l\u00e9phone :<\/strong> +34 943 690 100<\/li>\n<li><strong>Contact :<\/strong> info@gashor.com<\/li>\n<li><strong>Donn\u00e9es du Registre des Coop\u00e9ratives du Pays Basque :<\/strong> inscrite au Registre des Coop\u00e9ratives du Pays Basque sous le num\u00e9ro 86.3.186, Folio 408.<\/li>\n<\/ul>\n<\/div>\n<\/div>\n<\/div>\n<\/div>\n\t\t\t\t\t\t<\/div>\n\t\t\t\t<\/div>\n\t\t\t\t<div class=\"elementor-element elementor-element-c98f1d7 elementor-widget__width-initial elementor-widget elementor-widget-text-editor\" data-id=\"c98f1d7\" data-element_type=\"widget\" data-widget_type=\"text-editor.default\">\n\t\t\t\t<div class=\"elementor-widget-container\">\n\t\t\t\t\t\t\t<div class=\"page\" title=\"Page 6\">\n<div class=\"section\">\n<div class=\"layoutArea\">\n<div class=\"column\">\n<h2><strong>Conditions g\u00e9n\u00e9rales d&rsquo;utilisation du portail Web :<\/strong><\/h2>\n<\/div>\n<\/div>\n<\/div>\n<\/div>\n\t\t\t\t\t\t<\/div>\n\t\t\t\t<\/div>\n\t\t\t\t<div class=\"elementor-element elementor-element-20c584f elementor-widget__width-initial elementor-widget elementor-widget-text-editor\" data-id=\"20c584f\" data-element_type=\"widget\" data-widget_type=\"text-editor.default\">\n\t\t\t\t<div class=\"elementor-widget-container\">\n\t\t\t\t\t\t\t<div class=\"page\" title=\"Page 6\">\n<div class=\"section\">\n<div class=\"layoutArea\">\n<div class=\"column\">\n<p>EQUIPOS DE PANIFICACI\u00d3N, SOCIEDAD COOPERATIVA \u2013 ci-apr\u00e8s, GASHOR \u00ae \u2013 vous informe que l&rsquo;acc\u00e8s et l&rsquo;utilisation du site Web <a href=\"https:\/\/gashor.com\/\">https:\/\/gashor.com\/<\/a> et de tous les sous-domaines et r\u00e9pertoires qui y sont inclus (ci-apr\u00e8s, conjointement d\u00e9nomm\u00e9s le Portail), ainsi que les services ou contenus qui peuvent \u00eatre obtenus via ledit Portail, sont soumis aux conditions d\u00e9taill\u00e9es dans le pr\u00e9sent Avis L\u00e9gal, sans pr\u00e9judice du fait que l&rsquo;acc\u00e8s \u00e0 l&rsquo;un desdits services ou contenus peut n\u00e9cessiter l&rsquo;acceptation des Conditions G\u00e9n\u00e9rales.<\/p>\n<p>Par cons\u00e9quent, si vous n&rsquo;\u00eates pas d&rsquo;accord avec les consid\u00e9rations d\u00e9taill\u00e9es dans le pr\u00e9sent Avis L\u00e9gal, GASHOR \u00ae vous demande de ne pas utiliser le Portail, car toute utilisation que vous en ferez ou des services et contenus qui y sont inclus impliquera l&rsquo;acceptation des conditions l\u00e9gales incluses dans ce texte.<\/p>\n<p>\u00c9tant donn\u00e9 que, en raison de la nature d&rsquo;Internet, le Portail est accessible depuis n&rsquo;importe quel endroit du monde, son contenu, ainsi que les services offerts en g\u00e9n\u00e9ral par GASHOR \u00ae, s&rsquo;adressent aux utilisateurs op\u00e9rant dans n&rsquo;importe quel pays. Nonobstant ce qui pr\u00e9c\u00e8de, lors de l&rsquo;utilisation des services et contenus propos\u00e9s, GASHOR \u00ae se r\u00e9serve le droit de refuser la fourniture de services ou l&rsquo;envoi de contenu, dans les cas qu&rsquo;elle juge appropri\u00e9s. De m\u00eame, GASHOR \u00ae se r\u00e9serve le droit de refuser ou de retirer l&rsquo;acc\u00e8s \u00e0 son Portail, \u00e0 tout moment et sans pr\u00e9avis, aux Utilisateurs qui ne respectent pas les pr\u00e9sentes Conditions G\u00e9n\u00e9rales.  <\/p>\n<p>GASHOR \u00ae se r\u00e9serve le droit d&rsquo;apporter, \u00e0 tout moment et sans pr\u00e9avis, des modifications et des mises \u00e0 jour aux informations contenues dans le Portail, sa configuration et sa pr\u00e9sentation ainsi que les conditions d&rsquo;acc\u00e8s. Le contenu et les services du Portail sont mis \u00e0 jour p\u00e9riodiquement. \u00c9tant donn\u00e9 que les informations ne sont pas mises \u00e0 jour imm\u00e9diatement, GASHOR \u00ae vous sugg\u00e8re de toujours v\u00e9rifier la validit\u00e9 et l&rsquo;exactitude des informations, services et contenus inclus dans le Portail.  <\/p>\n<p>Les conditions et modalit\u00e9s incluses dans le pr\u00e9sent avis juridique peuvent varier, c&rsquo;est pourquoi GASHOR \u00ae vous invite \u00e0 revoir ces conditions lorsque vous visiterez \u00e0 nouveau le portail. De m\u00eame, le pr\u00e9sent Avis L\u00e9gal sera entendu sans pr\u00e9judice de toute autre Conditions G\u00e9n\u00e9rales. <\/p>\n<p>GASHOR \u00ae ne contr\u00f4le ni ne garantit l&rsquo;absence de virus ou d&rsquo;autres \u00e9l\u00e9ments lors de l&rsquo;acc\u00e8s \u00e0 son Portail pouvant provoquer des alt\u00e9rations dans les documents et fichiers \u00e9lectroniques stock\u00e9s dans votre syst\u00e8me informatique. Pour cette raison, GASHOR \u00ae d\u00e9cline toute responsabilit\u00e9 pour les dommages de toute nature qui pourraient \u00eatre dus \u00e0 l&rsquo;utilisation que les Utilisateurs font du Portail et de ses services ou contenus. <\/p>\n<p>GASHOR \u00ae ne garantit pas qu&rsquo;il n&rsquo;y aura pas d&rsquo;interruptions ou d&rsquo;erreurs dans l&rsquo;acc\u00e8s au Site Web ou \u00e0 son contenu, ni qu&rsquo;il soit \u00e0 jour. GASHOR \u00ae pourra effectuer, \u00e0 condition qu&rsquo;il n&rsquo;y ait pas de causes rendant impossible ou difficile son ex\u00e9cution, et d\u00e8s qu&rsquo;elle aura connaissance d&rsquo;erreurs, de d\u00e9connexions ou de manque de mise \u00e0 jour du contenu, toutes les t\u00e2ches visant \u00e0 corriger les erreurs, r\u00e9tablir la communication et mettre \u00e0 jour le contenu, d\u00e9clinant toute responsabilit\u00e9 pour les dommages de toute nature qui pourraient \u00eatre dus au manque de disponibilit\u00e9 ou de continuit\u00e9 du fonctionnement du Portail et de ses services et contenus. <\/p>\n<\/div>\n<\/div>\n<\/div>\n<\/div>\n\t\t\t\t\t\t<\/div>\n\t\t\t\t<\/div>\n\t\t\t\t<div class=\"elementor-element elementor-element-64813b7 elementor-widget__width-initial elementor-widget elementor-widget-text-editor\" data-id=\"64813b7\" data-element_type=\"widget\" data-widget_type=\"text-editor.default\">\n\t\t\t\t<div class=\"elementor-widget-container\">\n\t\t\t\t\t\t\t<div class=\"page\" title=\"Page 6\">\n<div class=\"section\">\n<div class=\"layoutArea\">\n<div class=\"column\">\n<h2><strong>Droits de propri\u00e9t\u00e9 intellectuelle et industrielle :<\/strong><\/h2>\n<\/div>\n<\/div>\n<\/div>\n<\/div>\n\t\t\t\t\t\t<\/div>\n\t\t\t\t<\/div>\n\t\t\t\t<div class=\"elementor-element elementor-element-05121f3 elementor-widget__width-initial elementor-widget elementor-widget-text-editor\" data-id=\"05121f3\" data-element_type=\"widget\" data-widget_type=\"text-editor.default\">\n\t\t\t\t<div class=\"elementor-widget-container\">\n\t\t\t\t\t\t\t<div class=\"page\" title=\"Page 6\">\n<div class=\"section\">\n<div class=\"layoutArea\">\n<div class=\"column\">\n<p>Tant la conception du Portail que ses codes sources, ainsi que les marques GASHOR \u00ae et autres signes distinctifs qui y apparaissent, appartiennent au propri\u00e9taire GASHOR \u00ae ou \u00e0 des entit\u00e9s collaboratrices ou sponsors et sont prot\u00e9g\u00e9s par les droits de propri\u00e9t\u00e9 intellectuelle et industrielle correspondants. De m\u00eame, les images, GASHOR \u00ae et m\u00e9lodies, etc., contenus sur le serveur GASHOR \u00ae sont prot\u00e9g\u00e9s par les droits de propri\u00e9t\u00e9 intellectuelle et industrielle correspondants. <\/p>\n<p>Son utilisation, reproduction, distribution, communication publique, transformation ou toute autre activit\u00e9 similaire ou analogue est totalement interdite sauf autorisation expresse et \u00e9crite de GASHOR \u00ae, et l&rsquo;utilisateur du Portail est tenu de l&rsquo;utiliser de mani\u00e8re diligente, correcte et licite, ainsi que d&rsquo;assumer l&rsquo;engagement de ne pas supprimer, \u00e9luder ou manipuler les droits d&rsquo;auteur, marques et autres donn\u00e9es d&rsquo;identification des droits de GASHOR \u00ae, incorpor\u00e9s dans le contenu et\/ou les produits commercialis\u00e9s \u00e0 partir de ce Portail ; ne pas utiliser les contenus et, en particulier, les informations de GASHOR \u00ae obtenues via notre Site Web pour envoyer de la publicit\u00e9, des communications \u00e0 des fins de vente directe ou \u00e0 tout autre type de finalit\u00e9 commerciale, des messages non sollicit\u00e9s adress\u00e9s \u00e0 une pluralit\u00e9 de personnes ; ne pas reproduire ou copier, distribuer, permettre l&rsquo;acc\u00e8s du public \u00e0 travers toute forme de communication publique, transformer ou modifier le contenu, sauf autorisation du titulaire des droits correspondants ou l\u00e9galement permis ; et en g\u00e9n\u00e9ral, de ne pas utiliser le contenu d&rsquo;une mani\u00e8re, \u00e0 des fins ou avec des effets contraires \u00e0 la loi, \u00e0 la morale et aux bonnes m\u0153urs g\u00e9n\u00e9ralement accept\u00e9es ou \u00e0 l&rsquo;ordre public.<\/p>\n<p>Dans tous les cas, GASHOR \u00ae d\u00e9clare respecter les droits de propri\u00e9t\u00e9 intellectuelle et industrielle des tiers ; Par cons\u00e9quent, si vous estimez que ce site peut violer vos droits, veuillez contacter GASHOR \u00ae \u00e0 l&rsquo;adresse e-mail suivante : <a href=\"mailto:info@gashor.com\">info@gashor.com<\/a>.<\/p>\n<\/div>\n<\/div>\n<\/div>\n<\/div>\n\t\t\t\t\t\t<\/div>\n\t\t\t\t<\/div>\n\t\t\t\t<div class=\"elementor-element elementor-element-551c30c elementor-widget__width-initial elementor-widget elementor-widget-text-editor\" data-id=\"551c30c\" data-element_type=\"widget\" data-widget_type=\"text-editor.default\">\n\t\t\t\t<div class=\"elementor-widget-container\">\n\t\t\t\t\t\t\t<div class=\"page\" title=\"Page 6\">\n<div class=\"section\">\n<div class=\"layoutArea\">\n<div class=\"column\">\n<h2><strong>Liens ou hyperliens :<\/strong><\/h2>\n<\/div>\n<\/div>\n<\/div>\n<\/div>\n\t\t\t\t\t\t<\/div>\n\t\t\t\t<\/div>\n\t\t\t\t<div class=\"elementor-element elementor-element-3cedb9a elementor-widget__width-initial elementor-widget elementor-widget-text-editor\" data-id=\"3cedb9a\" data-element_type=\"widget\" data-widget_type=\"text-editor.default\">\n\t\t\t\t<div class=\"elementor-widget-container\">\n\t\t\t\t\t\t\t<div class=\"page\" title=\"Page 6\">\n<div class=\"section\">\n<div class=\"layoutArea\">\n<div class=\"column\">\n<p>GASHOR \u00ae vous donne acc\u00e8s \u00e0 d\u2019autres pages Web qu\u2019elle consid\u00e8re susceptibles de vous int\u00e9resser. Cependant, ces pages n&rsquo;appartiennent pas \u00e0 la soci\u00e9t\u00e9, ni ne r\u00e9vise leur contenu et, par cons\u00e9quent, elle ne peut \u00eatre tenue responsable de celles-ci, du fonctionnement de la page li\u00e9e ou de tout dommage \u00e9ventuel pouvant r\u00e9sulter de l&rsquo;acc\u00e8s ou de l&rsquo;utilisation de celle-ci. De m\u00eame, GASHOR \u00ae respecte pleinement les droits de propri\u00e9t\u00e9 intellectuelle ou industrielle qui peuvent correspondre \u00e0 des tiers sur les pages Web auxquelles renvoient les liens susmentionn\u00e9s. Pour cette raison, si vous estimez que l&rsquo;\u00e9tablissement des liens susmentionn\u00e9s pourrait violer vos droits, veuillez contacter GASHOR \u00ae \u00e0 l&rsquo;adresse e-mail suivante <a href=\"mailto:info@gashor.com\">info@gashor.com<\/a>.   <\/p>\n<p>En revanche, les liens vers le Portail \u00e0 partir de pages Web ou d&rsquo;adresses e-mail sont g\u00e9n\u00e9ralement autoris\u00e9s, sauf dans les cas o\u00f9 GASHOR \u00ae indique express\u00e9ment le contraire. De plus, et dans tous les cas pour que cette autorisation g\u00e9n\u00e9rale soit applicable, lesdits liens devront n\u00e9cessairement respecter la condition suivante : l&rsquo;\u00e9tablissement du lien n&rsquo;impliquera pas, en soi et n\u00e9cessairement, aucun type d&rsquo;accord, de contrat, de parrainage ou de recommandation de la part de GASHOR \u00ae de la page qui cr\u00e9e le lien. <\/p>\n<p>Nonobstant ce qui pr\u00e9c\u00e8de, GASHOR \u00ae peut \u00e0 tout moment retirer l&rsquo;autorisation mentionn\u00e9e au paragraphe pr\u00e9c\u00e9dent, sans avoir \u00e0 donner de motif, et peut proc\u00e9der, dans ce cas, \u00e0 la suppression imm\u00e9diate de celle-ci.<\/p>\n<\/div>\n<\/div>\n<\/div>\n<\/div>\n\t\t\t\t\t\t<\/div>\n\t\t\t\t<\/div>\n\t\t\t\t<div class=\"elementor-element elementor-element-c7fcf2c elementor-widget__width-initial elementor-widget elementor-widget-text-editor\" data-id=\"c7fcf2c\" data-element_type=\"widget\" data-widget_type=\"text-editor.default\">\n\t\t\t\t<div class=\"elementor-widget-container\">\n\t\t\t\t\t\t\t<div class=\"page\" title=\"Page 6\">\n<div class=\"section\">\n<div class=\"layoutArea\">\n<div class=\"column\">\n<h2><strong>Cadres ou cadres :<\/strong><\/h2>\n<\/div>\n<\/div>\n<\/div>\n<\/div>\n\t\t\t\t\t\t<\/div>\n\t\t\t\t<\/div>\n\t\t\t\t<div class=\"elementor-element elementor-element-9831170 elementor-widget__width-initial elementor-widget elementor-widget-text-editor\" data-id=\"9831170\" data-element_type=\"widget\" data-widget_type=\"text-editor.default\">\n\t\t\t\t<div class=\"elementor-widget-container\">\n\t\t\t\t\t\t\t<div class=\"page\" title=\"Page 6\">\n<div class=\"section\">\n<div class=\"layoutArea\">\n<div class=\"column\">\n<p>GASHOR \u00ae interdit express\u00e9ment l&rsquo;utilisation de \u00ab framing \u00bb ou de tout autre m\u00e9canisme par des tiers qui modifient la conception, la configuration originale ou le contenu de son Portail.<\/p>\n<\/div>\n<\/div>\n<\/div>\n<\/div>\n\t\t\t\t\t\t<\/div>\n\t\t\t\t<\/div>\n\t\t\t\t<div class=\"elementor-element elementor-element-144cc29 elementor-widget__width-initial elementor-widget elementor-widget-text-editor\" data-id=\"144cc29\" data-element_type=\"widget\" data-widget_type=\"text-editor.default\">\n\t\t\t\t<div class=\"elementor-widget-container\">\n\t\t\t\t\t\t\t<div class=\"page\" title=\"Page 6\">\n<div class=\"section\">\n<div class=\"layoutArea\">\n<div class=\"column\">\n<h2><strong>Publicit\u00e9:<\/strong><\/h2>\n<\/div>\n<\/div>\n<\/div>\n<\/div>\n\t\t\t\t\t\t<\/div>\n\t\t\t\t<\/div>\n\t\t\t\t<div class=\"elementor-element elementor-element-ccbd711 elementor-widget__width-initial elementor-widget elementor-widget-text-editor\" data-id=\"ccbd711\" data-element_type=\"widget\" data-widget_type=\"text-editor.default\">\n\t\t\t\t<div class=\"elementor-widget-container\">\n\t\t\t\t\t\t\t<div class=\"page\" title=\"Page 6\">\n<div class=\"section\">\n<div class=\"layoutArea\">\n<div class=\"column\">\n<p>Le portail peut inclure des publicit\u00e9s de GASHOR \u00ae ou d&rsquo;annonceurs tiers que GASHOR \u00ae consid\u00e8re comme susceptibles de vous int\u00e9resser.<\/p>\n<p>Sans pr\u00e9judice des dispositions de la politique de protection des donn\u00e9es, GASHOR \u00ae dispose de l&rsquo;autorisation des annonceurs de fournir leurs coordonn\u00e9es aux utilisateurs du portail. \u00c0 son tour, GASHOR \u00ae s&rsquo;engage \u00e0 ne pas fournir d&rsquo;informations sur les utilisateurs du Portail aux annonceurs, \u00e0 moins qu&rsquo;un ou plusieurs utilisateurs sp\u00e9cifiques du Portail ne l&rsquo;autorisent express\u00e9ment par \u00e9crit. <\/p>\n<\/div>\n<\/div>\n<\/div>\n<\/div>\n\t\t\t\t\t\t<\/div>\n\t\t\t\t<\/div>\n\t\t\t\t<div class=\"elementor-element elementor-element-632a207 elementor-widget__width-initial elementor-widget elementor-widget-text-editor\" data-id=\"632a207\" data-element_type=\"widget\" data-widget_type=\"text-editor.default\">\n\t\t\t\t<div class=\"elementor-widget-container\">\n\t\t\t\t\t\t\t<div class=\"page\" title=\"Page 6\">\n<div class=\"section\">\n<div class=\"layoutArea\">\n<div class=\"column\">\n<h2><strong>Loi applicable et juridiction :<\/strong><\/h2>\n<\/div>\n<\/div>\n<\/div>\n<\/div>\n\t\t\t\t\t\t<\/div>\n\t\t\t\t<\/div>\n\t\t\t\t<div class=\"elementor-element elementor-element-2228fd3 elementor-widget__width-initial elementor-widget elementor-widget-text-editor\" data-id=\"2228fd3\" data-element_type=\"widget\" data-widget_type=\"text-editor.default\">\n\t\t\t\t<div class=\"elementor-widget-container\">\n\t\t\t\t\t\t\t<div class=\"page\" title=\"Page 6\">\n<div class=\"section\">\n<div class=\"layoutArea\">\n<div class=\"column\">\n<p>Les pr\u00e9sentes conditions seront r\u00e9gies par la loi espagnole, qui s&rsquo;appliquera \u00e0 toutes les questions non pr\u00e9vues dans les pr\u00e9sentes conditions concernant l&rsquo;interpr\u00e9tation, la validit\u00e9 et l&rsquo;ex\u00e9cution. GASHOR \u00ae, S.L. et l&rsquo;utilisateur, renon\u00e7ant express\u00e9ment \u00e0 toute autre juridiction, se soumet \u00e0 la juridiction des cours et tribunaux de Tolosa (Gipuzkoa). <\/p>\n<\/div>\n<\/div>\n<\/div>\n<\/div>\n\t\t\t\t\t\t<\/div>\n\t\t\t\t<\/div>\n\t\t\t\t\t<\/div>\n\t\t\t\t<\/div>\n\t\t\t\t<\/div>\n\t\t","protected":false},"excerpt":{"rendered":"<p>MENTIONS L\u00c9GALES Identit\u00e9 : EQUIPOS DE PANIFICACION SC \/ GASHOR \u00ae Marque d\u00e9pos\u00e9e : GASHOR \u00ae est une marque d\u00e9pos\u00e9e aupr\u00e8s de l&rsquo;OEPM dont le propri\u00e9taire est EQUIPOS DE PANIFICACI\u00d3N SOCIEDAD COOPERATIVA Num\u00e9ro d&rsquo;identification fiscale (TVA): F20136016 Adresse postale : Bulandegi Bidea, 26, 20159 Zizurkil (Gipuzkoa) T\u00e9l\u00e9phone : +34 943 690 100 Contact : info@gashor.com [&hellip;]<\/p>\n","protected":false},"author":1,"featured_media":0,"parent":0,"menu_order":0,"comment_status":"closed","ping_status":"closed","template":"","meta":{"_sitemap_exclude":false,"_sitemap_priority":"","_sitemap_frequency":"","footnotes":""},"yoast_head":"<!-- This site is optimized with the Yoast SEO plugin v24.5 - https:\/\/yoast.com\/wordpress\/plugins\/seo\/ -->\n<title>Mentions L\u00e9gales | Gashor<\/title>\n<meta name=\"robots\" content=\"index, follow, max-snippet:-1, max-image-preview:large, max-video-preview:-1\" \/>\n<link rel=\"canonical\" href=\"https:\/\/gashor.com\/fr\/mentions-legales\/\" \/>\n<meta property=\"og:locale\" content=\"fr_FR\" \/>\n<meta property=\"og:type\" content=\"article\" \/>\n<meta property=\"og:title\" content=\"Mentions L\u00e9gales | Gashor\" \/>\n<meta property=\"og:description\" content=\"MENTIONS L\u00c9GALES Identit\u00e9 : EQUIPOS DE PANIFICACION SC \/ GASHOR \u00ae Marque d\u00e9pos\u00e9e : GASHOR \u00ae est une marque d\u00e9pos\u00e9e aupr\u00e8s de l&rsquo;OEPM dont le propri\u00e9taire est EQUIPOS DE PANIFICACI\u00d3N SOCIEDAD COOPERATIVA Num\u00e9ro d&rsquo;identification fiscale (TVA): F20136016 Adresse postale : Bulandegi Bidea, 26, 20159 Zizurkil (Gipuzkoa) T\u00e9l\u00e9phone : +34 943 690 100 Contact : info@gashor.com [&hellip;]\" \/>\n<meta property=\"og:url\" content=\"https:\/\/gashor.com\/fr\/mentions-legales\/\" \/>\n<meta property=\"og:site_name\" content=\"Gashor\" \/>\n<meta property=\"article:modified_time\" content=\"2025-02-18T11:56:10+00:00\" \/>\n<meta name=\"twitter:card\" content=\"summary_large_image\" \/>\n<meta name=\"twitter:label1\" content=\"Dur\u00e9e de lecture estim\u00e9e\" \/>\n\t<meta name=\"twitter:data1\" content=\"7 minutes\" \/>\n<script type=\"application\/ld+json\" class=\"yoast-schema-graph\">{\"@context\":\"https:\/\/schema.org\",\"@graph\":[{\"@type\":\"WebPage\",\"@id\":\"https:\/\/gashor.com\/fr\/mentions-legales\/\",\"url\":\"https:\/\/gashor.com\/fr\/mentions-legales\/\",\"name\":\"Mentions L\u00e9gales | Gashor\",\"isPartOf\":{\"@id\":\"https:\/\/gashor.com\/fr\/#website\"},\"datePublished\":\"2024-03-04T09:42:33+00:00\",\"dateModified\":\"2025-02-18T11:56:10+00:00\",\"breadcrumb\":{\"@id\":\"https:\/\/gashor.com\/fr\/mentions-legales\/#breadcrumb\"},\"inLanguage\":\"fr-FR\",\"potentialAction\":[{\"@type\":\"ReadAction\",\"target\":[\"https:\/\/gashor.com\/fr\/mentions-legales\/\"]}]},{\"@type\":\"BreadcrumbList\",\"@id\":\"https:\/\/gashor.com\/fr\/mentions-legales\/#breadcrumb\",\"itemListElement\":[{\"@type\":\"ListItem\",\"position\":1,\"name\":\"Inicio\",\"item\":\"https:\/\/gashor.com\/fr\/\"},{\"@type\":\"ListItem\",\"position\":2,\"name\":\"Mentions L\u00e9gales\"}]},{\"@type\":\"WebSite\",\"@id\":\"https:\/\/gashor.com\/fr\/#website\",\"url\":\"https:\/\/gashor.com\/fr\/\",\"name\":\"Gashor\",\"description\":\"The Formula\",\"potentialAction\":[{\"@type\":\"SearchAction\",\"target\":{\"@type\":\"EntryPoint\",\"urlTemplate\":\"https:\/\/gashor.com\/fr\/?s={search_term_string}\"},\"query-input\":{\"@type\":\"PropertyValueSpecification\",\"valueRequired\":true,\"valueName\":\"search_term_string\"}}],\"inLanguage\":\"fr-FR\"}]}<\/script>\n<!-- \/ Yoast SEO plugin. -->","yoast_head_json":{"title":"Mentions L\u00e9gales | Gashor","robots":{"index":"index","follow":"follow","max-snippet":"max-snippet:-1","max-image-preview":"max-image-preview:large","max-video-preview":"max-video-preview:-1"},"canonical":"https:\/\/gashor.com\/fr\/mentions-legales\/","og_locale":"fr_FR","og_type":"article","og_title":"Mentions L\u00e9gales | Gashor","og_description":"MENTIONS L\u00c9GALES Identit\u00e9 : EQUIPOS DE PANIFICACION SC \/ GASHOR \u00ae Marque d\u00e9pos\u00e9e : GASHOR \u00ae est une marque d\u00e9pos\u00e9e aupr\u00e8s de l&rsquo;OEPM dont le propri\u00e9taire est EQUIPOS DE PANIFICACI\u00d3N SOCIEDAD COOPERATIVA Num\u00e9ro d&rsquo;identification fiscale (TVA): F20136016 Adresse postale : Bulandegi Bidea, 26, 20159 Zizurkil (Gipuzkoa) T\u00e9l\u00e9phone : +34 943 690 100 Contact : info@gashor.com [&hellip;]","og_url":"https:\/\/gashor.com\/fr\/mentions-legales\/","og_site_name":"Gashor","article_modified_time":"2025-02-18T11:56:10+00:00","twitter_card":"summary_large_image","twitter_misc":{"Dur\u00e9e de lecture estim\u00e9e":"7 minutes"},"schema":{"@context":"https:\/\/schema.org","@graph":[{"@type":"WebPage","@id":"https:\/\/gashor.com\/fr\/mentions-legales\/","url":"https:\/\/gashor.com\/fr\/mentions-legales\/","name":"Mentions L\u00e9gales | Gashor","isPartOf":{"@id":"https:\/\/gashor.com\/fr\/#website"},"datePublished":"2024-03-04T09:42:33+00:00","dateModified":"2025-02-18T11:56:10+00:00","breadcrumb":{"@id":"https:\/\/gashor.com\/fr\/mentions-legales\/#breadcrumb"},"inLanguage":"fr-FR","potentialAction":[{"@type":"ReadAction","target":["https:\/\/gashor.com\/fr\/mentions-legales\/"]}]},{"@type":"BreadcrumbList","@id":"https:\/\/gashor.com\/fr\/mentions-legales\/#breadcrumb","itemListElement":[{"@type":"ListItem","position":1,"name":"Inicio","item":"https:\/\/gashor.com\/fr\/"},{"@type":"ListItem","position":2,"name":"Mentions L\u00e9gales"}]},{"@type":"WebSite","@id":"https:\/\/gashor.com\/fr\/#website","url":"https:\/\/gashor.com\/fr\/","name":"Gashor","description":"The Formula","potentialAction":[{"@type":"SearchAction","target":{"@type":"EntryPoint","urlTemplate":"https:\/\/gashor.com\/fr\/?s={search_term_string}"},"query-input":{"@type":"PropertyValueSpecification","valueRequired":true,"valueName":"search_term_string"}}],"inLanguage":"fr-FR"}]}},"_links":{"self":[{"href":"https:\/\/gashor.com\/fr\/wp-json\/wp\/v2\/pages\/78646"}],"collection":[{"href":"https:\/\/gashor.com\/fr\/wp-json\/wp\/v2\/pages"}],"about":[{"href":"https:\/\/gashor.com\/fr\/wp-json\/wp\/v2\/types\/page"}],"author":[{"embeddable":true,"href":"https:\/\/gashor.com\/fr\/wp-json\/wp\/v2\/users\/1"}],"replies":[{"embeddable":true,"href":"https:\/\/gashor.com\/fr\/wp-json\/wp\/v2\/comments?post=78646"}],"version-history":[{"count":1,"href":"https:\/\/gashor.com\/fr\/wp-json\/wp\/v2\/pages\/78646\/revisions"}],"predecessor-version":[{"id":78647,"href":"https:\/\/gashor.com\/fr\/wp-json\/wp\/v2\/pages\/78646\/revisions\/78647"}],"wp:attachment":[{"href":"https:\/\/gashor.com\/fr\/wp-json\/wp\/v2\/media?parent=78646"}],"curies":[{"name":"wp","href":"https:\/\/api.w.org\/{rel}","templated":true}]}}